{"id":4272,"date":"2026-02-10T01:08:04","date_gmt":"2026-02-10T01:08:04","guid":{"rendered":"https:\/\/zaharascents.me\/?post_type=product&#038;p=4272"},"modified":"2026-03-12T00:32:41","modified_gmt":"2026-03-12T00:32:41","slug":"matin-martin-santorini","status":"publish","type":"product","link":"https:\/\/zaharascents.me\/me\/shop\/matin-martin-santorini\/","title":{"rendered":"Matin Martin Santorini"},"content":{"rendered":"<h5>Osvje\u017eavaju\u0107a elegancija mediteranskih citrusa i ambergrisa<\/h5>\n<p class=\"translation-block\"><strong>Matin Martin Santorini<\/strong> je izvanredno kreirana parfemska voda koja hvata \u010distu ekstazu i bezgrani\u010dnu slobodu toplog ljetnjeg dana na mitskom gr\u010dkom ostrvu. Smje\u0161ten u upe\u010datljivo te\u0161ku, tamnoplavu bo\u010dicu krunisanu rasko\u0161nim zlatnim \u010depom, ovaj parfem je masterklas u niche sofisticiranosti i mediteranskoj privla\u010dnosti. Dizajniran za avanturisti\u010dku i prefinjenu osobu, on ostavlja nevjerovatno podi\u017eu\u0107i, duboko senzualan i magneti\u010dan trag koji trenutno transportuje \u010dula na slikovite azurne obale.<\/p>\n<h5>Mirisni profil i kompozicija<\/h5>\n<p>Parfem se otvara uzbudljivim, suncem okupanim naletom \u010diste mediteranske vitalnosti. Osna\u017euju\u0107i talas hrskavih, poletnih citrusa briljantno je podignut udarom svje\u017eih, ozonskih akorda, savr\u0161eno evociraju\u0107i hladan, slani morski povjetarac i blistavu toplinu ljetnjeg sunca. Ovaj visoko dinami\u010dni i podsticajni gornji sloj stvara trenutnu auru prirodne jasno\u0107e od prvog prskanja.<\/p>\n<p>As this breathtaking opening begins to settle, the heart reveals a deeply harmonious and beautifully refined core. A delicate, masterfully blended bouquet of blooming florals and soft white freesia takes center stage. This elegant middle stage acts as a sophisticated bridge, flawlessly capturing the vibrant beauty of the island\u2019s lush, sun-baked gardens without losing the initial aquatic freshness.<\/p>\n<p>U svojim zavr\u0161nim fazama, kompozicija se spu\u0161ta u spektakularno robusnu, zemljanu i trajnu osnovu. Duboko senzualno i visoko cijenjeno prisustvo ambergrisa besprekorno je usidreno dubokim, drvenim bogatstvom hrastove mahovine i \u010distog mo\u0161usa. Ovaj veli\u010danstveni fini\u0161 osigurava duboko misteriozan, sofisticiran i dugotrajan potpis koji odi\u0161e bezvremenskom snagom drevnih ostrvskih litica.<\/p>","protected":false},"excerpt":{"rendered":"<p><strong>Unisex \/ Eau De Parfum \/ 100ml<\/strong><\/p>\n<p><strong>Inspiracija:\u00a0<\/strong>Tom Ford Costa Azzurra<\/p>\n<p><strong>Mirisni profil: <\/strong>Svje\u017ei, Za\u010dinski, Drveni<\/p>\n<p><strong>Gornje note: <\/strong>Citrusne note, Svje\u017ee note, Ozonske note<br \/>\n<strong>Srednje note: <\/strong>Cvjetne note, Frezija<br \/>\n<strong>Bazne note: <\/strong>Ambergris, Mahovina, Mo\u0161us<\/p>","protected":false},"featured_media":4273,"template":"","meta":[],"product_brand":[174],"product_cat":[90,85,105],"product_tag":[176],"class_list":{"0":"post-4272","1":"product","2":"type-product","3":"status-publish","4":"has-post-thumbnail","6":"product_brand-matin-martin","7":"product_cat-eau-de-parfum","8":"product_cat-perfumes","9":"product_cat-unisex","10":"product_tag-matin-martin","12":"first","13":"instock","14":"taxable","15":"shipping-taxable","16":"purchasable","17":"product-type-variable"},"_links":{"self":[{"href":"https:\/\/zaharascents.me\/me\/wp-json\/wp\/v2\/product\/4272","targetHints":{"allow":["GET"]}}],"collection":[{"href":"https:\/\/zaharascents.me\/me\/wp-json\/wp\/v2\/product"}],"about":[{"href":"https:\/\/zaharascents.me\/me\/wp-json\/wp\/v2\/types\/product"}],"wp:featuredmedia":[{"embeddable":true,"href":"https:\/\/zaharascents.me\/me\/wp-json\/wp\/v2\/media\/4273"}],"wp:attachment":[{"href":"https:\/\/zaharascents.me\/me\/wp-json\/wp\/v2\/media?parent=4272"}],"wp:term":[{"taxonomy":"product_brand","embeddable":true,"href":"https:\/\/zaharascents.me\/me\/wp-json\/wp\/v2\/product_brand?post=4272"},{"taxonomy":"product_cat","embeddable":true,"href":"https:\/\/zaharascents.me\/me\/wp-json\/wp\/v2\/product_cat?post=4272"},{"taxonomy":"product_tag","embeddable":true,"href":"https:\/\/zaharascents.me\/me\/wp-json\/wp\/v2\/product_tag?post=4272"}],"curies":[{"name":"wp","href":"https:\/\/api.w.org\/{rel}","templated":true}]}}