{"id":4348,"date":"2026-02-15T00:21:48","date_gmt":"2026-02-15T00:21:48","guid":{"rendered":"https:\/\/zaharascents.me\/?post_type=product&#038;p=4348"},"modified":"2026-03-20T18:32:06","modified_gmt":"2026-03-20T18:32:06","slug":"paris-corner-north-stag-i-un","status":"publish","type":"product","link":"https:\/\/zaharascents.me\/me\/shop\/paris-corner-north-stag-i-un\/","title":{"rendered":"Paris Corner North Stag I Un"},"content":{"rendered":"<h5>Magneti\u010dna fuzija blistavih citrusa i ambroksana<\/h5>\n<p class=\"translation-block\"><strong>Paris Corner North Stag I Un<\/strong> je nevjerovatno vibrantna i majstorski kreirana parfemska voda koja hvata \u010distu esenciju moderne sofisticiranosti. Dizajniran za samouvjerenu, dinami\u010dnu osobu koja voli da ostavlja magneti\u010dan i neosporno svje\u017e utisak, ovaj parfem vas poziva da se prepustite njegovom kosmi\u010dkom \u0161armu. Uz izuzetnu projekciju i dugotrajnost, I Un plete o\u0161tar, citrusno-drveni trag koji ga \u010dini ultimativnim potpisom za prolje\u0107e, ljeto i svakodnevnu eleganciju koji donosi pregr\u0161t komplimenata.<\/p>\n<h5>Mirisni profil i kompozicija<\/h5>\n<p>Putovanje po\u010dinje briljantno o\u0161trim i energi\u010dnim uvodom. Blistav, osvje\u017eavaju\u0107i nalet grejpfruta i iskri\u010davih citrusa odmah obavija \u010dula, stvaraju\u0107i nevjerovatno svijetao, podi\u017eu\u0107i i prefinjen po\u010detak od prvog prskanja.<\/p>\n<p>Kako se parfem razvija, srce otkriva pravu magiju ove kompozicije. Mo\u0107no zavodljiva i prozra\u010dna nota premium ambroksana provla\u010di se kroz vazduh poput kosmi\u010dkog entiteta, pru\u017eaju\u0107i glatku, mo\u0161usnu i gotovo iskri\u010davu teksturu koja se masivno projektuje i ostavlja visoko zavisni parfemski trag.<\/p>\n<p>U svojim zavr\u0161nim fazama, kompozicija se spu\u0161ta u izvanredno trajnu i mu\u0161ku osnovu. Duboko uzemljuju\u0107i talas sofisticiranih drvenih nota bez napora usidruje svijetle citruse i prozra\u010dni ambroksan. Ovaj svedeni, savr\u0161eno izbalansirani fini\u0161 osigurava trajan potpis koji je istovremeno duboko svje\u017e i le\u017eerno mo\u0107an.<\/p>","protected":false},"excerpt":{"rendered":"<p><strong>NORTH STAG KOLEKCIJA<\/strong><\/p>\n<p><strong>Za njega \/ Eau De Parfum \/ 100ml<\/strong><\/p>\n<p><strong>Inspiracija: <\/strong>Bvlgari Tygar \/ Sospiro Vibrato<\/p>\n<p><strong>Mirisni profil: <\/strong>Citrusni, Drveni, Amberni<\/p>\n<p><strong>Gornje note: <\/strong>Grejpfrut, Citrusni akordi<br \/>\n<strong>Srednje note: <\/strong>Ambroksan (Ambroxan)<br \/>\n<strong>Bazne note: <\/strong>Drvene note<\/p>","protected":false},"featured_media":4349,"template":"","meta":[],"product_brand":[180],"product_cat":[90,85,105],"product_tag":[189,188],"class_list":{"0":"post-4348","1":"product","2":"type-product","3":"status-publish","4":"has-post-thumbnail","6":"product_brand-paris-corner","7":"product_cat-eau-de-parfum","8":"product_cat-perfumes","9":"product_cat-unisex","10":"product_tag-north-stag","11":"product_tag-paris-corner","13":"first","14":"instock","15":"taxable","16":"shipping-taxable","17":"purchasable","18":"product-type-variable"},"_links":{"self":[{"href":"https:\/\/zaharascents.me\/me\/wp-json\/wp\/v2\/product\/4348","targetHints":{"allow":["GET"]}}],"collection":[{"href":"https:\/\/zaharascents.me\/me\/wp-json\/wp\/v2\/product"}],"about":[{"href":"https:\/\/zaharascents.me\/me\/wp-json\/wp\/v2\/types\/product"}],"wp:featuredmedia":[{"embeddable":true,"href":"https:\/\/zaharascents.me\/me\/wp-json\/wp\/v2\/media\/4349"}],"wp:attachment":[{"href":"https:\/\/zaharascents.me\/me\/wp-json\/wp\/v2\/media?parent=4348"}],"wp:term":[{"taxonomy":"product_brand","embeddable":true,"href":"https:\/\/zaharascents.me\/me\/wp-json\/wp\/v2\/product_brand?post=4348"},{"taxonomy":"product_cat","embeddable":true,"href":"https:\/\/zaharascents.me\/me\/wp-json\/wp\/v2\/product_cat?post=4348"},{"taxonomy":"product_tag","embeddable":true,"href":"https:\/\/zaharascents.me\/me\/wp-json\/wp\/v2\/product_tag?post=4348"}],"curies":[{"name":"wp","href":"https:\/\/api.w.org\/{rel}","templated":true}]}}