{"id":4352,"date":"2026-02-15T00:31:04","date_gmt":"2026-02-15T00:31:04","guid":{"rendered":"https:\/\/zaharascents.me\/?post_type=product&#038;p=4352"},"modified":"2026-05-10T15:55:32","modified_gmt":"2026-05-10T15:55:32","slug":"paris-corner-north-stag-ii-deux","status":"publish","type":"product","link":"https:\/\/zaharascents.me\/me\/shop\/paris-corner-north-stag-ii-deux\/","title":{"rendered":"Paris Corner North Stag II Deux"},"content":{"rendered":"<h5>Mo\u0107an kontrast svje\u017ee jabuke i za\u010dinjene vanile<\/h5>\n<p class=\"translation-block\"><strong>Paris Corner North Stag Expressions II Deux<\/strong> je nevjerovatno privla\u010dna, bogata i majstorski kreirana parfemska voda koja prevazilazi obi\u010dno. Dizajniran za samouvjerenog, elegantnog d\u017eentlmena koji voli nositi svoje srce na dlanu, ovaj parfem je pravo slavlje va\u0161eg beskompromisnog ja. Uz fenomenalne performanse i duboko ugodan, ali magneti\u010dan trag, Expressions II Deux plete kompleksan, slatko-za\u010dinski drveni oblak koji ga \u010dini ultimativnim parfemskim potpisom za hladnije dane, ve\u010dernje doga\u0111aje i trenutke kada \u017eelite ostaviti nezaboravan utisak.<\/p>\n<h5>Mirisni profil i kompozicija<\/h5>\n<p>Parfemska afera po\u010dinje briljantno hrskavim i podi\u017eu\u0107im uvodom. Blistav nalet svje\u017ee jabuke i svijetle mandarine besprekorno je isprepleten sa smiruju\u0107om, klasi\u010dnom elegancijom lavande i bergamota. Ovaj dinami\u010dni po\u010detak djeluje kao \u017eivopisna udica, trenutno privla\u010de\u0107i pa\u017enju i postavljaju\u0107i visoko sofisticiran, aromati\u010dan ton od prvog prskanja.<\/p>\n<p>Kako se parfem razvija, srce otkriva spektakularno bujno i romanti\u010dno jezgro. Kompozicija se otvara opojnom ljepotom jasmina, savr\u0161eno izbalansiranom nostalgi\u010dnim ru\u017ei\u010dastim nijansama geranijuma i slatkom, blago puderastom privla\u010dno\u0161\u0107u ljubi\u010dice. Ova besprekorno kreirana srednja faza djeluje kao visoko-oktanski most, pretvaraju\u0107i hrskavo otvaranje u pli\u0161anu, bar\u0161unastu cvjetnu teksturu sa mu\u0161kom o\u0161tricom.<\/p>\n<p>U svojim zavr\u0161nim fazama, kompozicija se spu\u0161ta u izvanredno trajnu i zavodljivu osnovu. Duboko topli talas glatke vanile i egzoti\u010dnog kardamoma predivno je usidren trajnom, \u010dvrstom dubinom gvajak drveta, sandalovine i pa\u010dulija. Poja\u010dan o\u0161trim, toplim udarom bibera, ovaj vi\u0161eslojni fini\u0161 osigurava trajan potpis koji je istovremeno duboko senzualan i besprekorno \u0161ik.<\/p>","protected":false},"excerpt":{"rendered":"<p><strong>NORTH STAG KOLEKCIJA<\/strong><\/p>\n<p><strong>Unisex \/ Eau De Parfum \/ 100ml<\/strong><\/p>\n<p><strong>Inspiracija: <\/strong>Parfums de Marly Layton<\/p>\n<p><strong>Mirisni profil: <\/strong>Amberni, Za\u010dinski, Drveni<\/p>\n<p><strong>Gornje note: <\/strong>Jabuka, Lavanda, Bergamot, Mandarina<br \/>\n<strong>Srednje note: <\/strong>Geranijum, Ljubi\u010dica, Jasmin<br \/>\n<strong>Bazne note: <\/strong>Vanila, Kardamom, Sandalovina, Biber, Pa\u010duli, Gvajak drvo<\/p>","protected":false},"featured_media":4353,"template":"","meta":[],"product_brand":[180],"product_cat":[90,85,105],"product_tag":[189,188],"class_list":{"0":"post-4352","1":"product","2":"type-product","3":"status-publish","4":"has-post-thumbnail","6":"product_brand-paris-corner","7":"product_cat-eau-de-parfum","8":"product_cat-perfumes","9":"product_cat-unisex","10":"product_tag-north-stag","11":"product_tag-paris-corner","13":"first","14":"instock","15":"taxable","16":"shipping-taxable","17":"purchasable","18":"product-type-variable"},"_links":{"self":[{"href":"https:\/\/zaharascents.me\/me\/wp-json\/wp\/v2\/product\/4352","targetHints":{"allow":["GET"]}}],"collection":[{"href":"https:\/\/zaharascents.me\/me\/wp-json\/wp\/v2\/product"}],"about":[{"href":"https:\/\/zaharascents.me\/me\/wp-json\/wp\/v2\/types\/product"}],"wp:featuredmedia":[{"embeddable":true,"href":"https:\/\/zaharascents.me\/me\/wp-json\/wp\/v2\/media\/4353"}],"wp:attachment":[{"href":"https:\/\/zaharascents.me\/me\/wp-json\/wp\/v2\/media?parent=4352"}],"wp:term":[{"taxonomy":"product_brand","embeddable":true,"href":"https:\/\/zaharascents.me\/me\/wp-json\/wp\/v2\/product_brand?post=4352"},{"taxonomy":"product_cat","embeddable":true,"href":"https:\/\/zaharascents.me\/me\/wp-json\/wp\/v2\/product_cat?post=4352"},{"taxonomy":"product_tag","embeddable":true,"href":"https:\/\/zaharascents.me\/me\/wp-json\/wp\/v2\/product_tag?post=4352"}],"curies":[{"name":"wp","href":"https:\/\/api.w.org\/{rel}","templated":true}]}}