{"id":4358,"date":"2026-02-15T00:46:25","date_gmt":"2026-02-15T00:46:25","guid":{"rendered":"https:\/\/zaharascents.me\/?post_type=product&#038;p=4358"},"modified":"2026-04-23T22:10:57","modified_gmt":"2026-04-23T22:10:57","slug":"paris-corner-north-stag-iv-quatre","status":"publish","type":"product","link":"https:\/\/zaharascents.me\/me\/shop\/paris-corner-north-stag-iv-quatre\/","title":{"rendered":"Paris Corner North Stag IV Quatre"},"content":{"rendered":"<h5>Blistava energija sicilijanske narand\u017ee i mandarine<\/h5>\n<p class=\"translation-block\"><strong>Paris Corner North Stag Expressions IV Quatre<\/strong> je nevjerovatno vibrantna, podi\u017eu\u0107a i majstorski kreirana parfemska voda koja hvata \u010distu esenciju nezaboravnog italijanskog ljeta. Dizajniran za dinami\u010dnu, radosnu osobu koja voli ostaviti svijetao, osvje\u017eavaju\u0107i i neosporno luksuzan utisak, ovaj parfem vas poziva u suncem okupani mediteranski raj. Uz glatke, osve\u017eavaju\u0107e performanse, Expressions IV Quatre plete hrskav, so\u010dan citrusni oblak koji ga \u010dini ultimativnim, visoko hvaljenim parfemskim potpisom za dane na pla\u017ei, odmore i najtoplije ljetnje mjesece.<\/p>\n<h5>Mirisni profil i kompozicija<\/h5>\n<p>Putovanje po\u010dinje briljantno o\u0161trim i energi\u010dnim uvodom. Blistav, osvje\u017eavaju\u0107i nalet slatke mandarine i poletne sicilijanske narand\u017ee trenutno obavija \u010dula, stvaraju\u0107i nevjerovatno svijetao, podi\u017eu\u0107i i fotorealisti\u010dan citrusni po\u010detak koji djeluje kao pljusak hladne vode u vrelom danu.<\/p>\n<p>Kako se parfem razvija, srce zadr\u017eava svoju predivno prozra\u010dnu i osve\u017eavaju\u0107u sr\u017e. Kompozicija se otvara iskri\u010davom, sofisticiranom elegancijom bergamota. Ova besprekorno kreirana srednja faza djeluje kao visoko-oktanski most, osiguravaju\u0107i da po\u010detni nalet so\u010dne narand\u017ee zadr\u017ei svoju hrskavu, poletnu o\u0161tricu bez da ikada postane previ\u0161e sladak ili te\u017eak.<\/p>\n<p>U svojim zavr\u0161nim fazama, kompozicija se smiruje u izvanredno \u010distu i iskri\u010davu osnovu. \u010ciste, vibrantne citrusne note elegantno se zadr\u017eavaju na ko\u017ei, nude\u0107i sveden, savr\u0161eno izbalansiran fini\u0161. Ovaj minimalisti\u010dki, ali visoko upe\u010datljivi zavr\u0161etak osigurava trajan potpis koji je istovremeno duboko svje\u017e i besprekorno \u0161ik.<\/p>","protected":false},"excerpt":{"rendered":"<p><strong>NORTH STAG KOLEKCIJA<\/strong><\/p>\n<p><strong>Unisex \/ Eau De Parfum \/ 100ml<\/strong><\/p>\n<p><strong>Inspiracija: <\/strong>Louis Vuitton Afternoon Swim<\/p>\n<p><strong>Mirisni profil: <\/strong>Citrusni, Svje\u017ei<\/p>\n<p><strong>Gornje note: <\/strong>Mandarina, Sicilijanska narand\u017ea<br \/>\n<strong>Srednje note: <\/strong>Bergamot<br \/>\n<strong>Bazne note: <\/strong>Citrusni akordi<\/p>","protected":false},"featured_media":4363,"template":"","meta":[],"product_brand":[180],"product_cat":[90,85,105],"product_tag":[189,188],"class_list":{"0":"post-4358","1":"product","2":"type-product","3":"status-publish","4":"has-post-thumbnail","6":"product_brand-paris-corner","7":"product_cat-eau-de-parfum","8":"product_cat-perfumes","9":"product_cat-unisex","10":"product_tag-north-stag","11":"product_tag-paris-corner","13":"first","14":"instock","15":"taxable","16":"shipping-taxable","17":"purchasable","18":"product-type-variable"},"_links":{"self":[{"href":"https:\/\/zaharascents.me\/me\/wp-json\/wp\/v2\/product\/4358","targetHints":{"allow":["GET"]}}],"collection":[{"href":"https:\/\/zaharascents.me\/me\/wp-json\/wp\/v2\/product"}],"about":[{"href":"https:\/\/zaharascents.me\/me\/wp-json\/wp\/v2\/types\/product"}],"wp:featuredmedia":[{"embeddable":true,"href":"https:\/\/zaharascents.me\/me\/wp-json\/wp\/v2\/media\/4363"}],"wp:attachment":[{"href":"https:\/\/zaharascents.me\/me\/wp-json\/wp\/v2\/media?parent=4358"}],"wp:term":[{"taxonomy":"product_brand","embeddable":true,"href":"https:\/\/zaharascents.me\/me\/wp-json\/wp\/v2\/product_brand?post=4358"},{"taxonomy":"product_cat","embeddable":true,"href":"https:\/\/zaharascents.me\/me\/wp-json\/wp\/v2\/product_cat?post=4358"},{"taxonomy":"product_tag","embeddable":true,"href":"https:\/\/zaharascents.me\/me\/wp-json\/wp\/v2\/product_tag?post=4358"}],"curies":[{"name":"wp","href":"https:\/\/api.w.org\/{rel}","templated":true}]}}