{"id":4377,"date":"2026-02-14T02:03:24","date_gmt":"2026-02-14T02:03:24","guid":{"rendered":"https:\/\/zaharascents.me\/?post_type=product&#038;p=4377"},"modified":"2026-04-26T23:02:22","modified_gmt":"2026-04-26T23:02:22","slug":"maison-asrar-hilm","status":"publish","type":"product","link":"https:\/\/zaharascents.me\/me\/shop\/maison-asrar-hilm\/","title":{"rendered":"Maison Asrar Hilm"},"content":{"rendered":"<h5>The Lavish Aura of Luminous Mango and Golden Caramel<\/h5>\n<p class=\"translation-block\"><strong>Maison Asrar Hilm<\/strong> je izvanredna i duboko inspirativna parfemska voda koja savr\u0161eno hvata esenciju ambicije i ostvarenih snova. Dizajniran za vizionara koji pretvara \u017eelje u stvarnost, ovaj parfem se ne samo zami\u0161lja\u2014on se \u017eivi. Uz neodoljivo vibrantan amberno-vo\u0107ni profil, Hilm nudi izuzetnu dugotrajnost i blistav trag, \u010dine\u0107i ga ultimativnim potpisom za one koji komanduju prostorijom sa nje\u017enim, ali neospornim samopouzdanjem.<\/p>\n<h5>Mirisni profil i kompozicija<\/h5>\n<p>Putovanje po\u010dinje briljantno blistavim i podi\u017eu\u0107im uvodom. Rasko\u0161an nalet zlatnog, zrelog manga i suncem okupane mandarine stvara trenutnu auru vibrantnog obe\u0107anja od prvog prskanja. Ovaj so\u010dni po\u010detak predivno je izbalansiran neo\u010dekivanim, umiruju\u0107im dodirom meke kamilice, koja zagla\u0111uje ivice i dodaje duboko sofisticiran, aristokratski spokoj kompoziciji.<\/p>\n<p>Kako se parfem razvija, srce otkriva spektakularno bujno i kremasto cvjetno jezgro. Tropska, mlije\u010dna slatko\u0107a kokosa besprekorno je isprepletena sa klasi\u010dnom, romanti\u010dnom elegancijom jasmina i egzoti\u010dnog ylang-ylanga. \u0160apat puderastog korijena irisa dodaje dodir visoke luksuznosti, omogu\u0107avaju\u0107i srednjoj fazi da se razvije sa zadivljuju\u0107im, nje\u017enim samopouzdanjem.<\/p>\n<p>U svojim zavr\u0161nim fazama, kompozicija se spu\u0161ta u izvanredno trajnu i uzemljenu osnovu. Bogat, utje\u0161an talas slatke karamele predivno je usidren zemljanom dubinom pa\u010dulija i suvom, plemenitom strukturom kedrovine. Nagla\u0161en dimljenom rezonancom vetivera i slojem \u010distog mo\u0161usa stopljenog s ko\u017eom, ovaj vi\u0161eslojni fini\u0161 osigurava trajan, magneti\u010dan potpis\u2014ostavljaju\u0107i za sobom tih trag ambicije.<\/p>","protected":false},"excerpt":{"rendered":"<p><strong>FUTURE KOLEKCIJA<\/strong><\/p>\n<p><strong>Unisex \/ Eau De Parfum \/ 100ml<\/strong><\/p>\n<p><strong>Mirisni profil: <\/strong>Amberni, Vo\u0107ni, Gurmanski<\/p>\n<p><strong>Gornje note: <\/strong>Mandarina, Mango, Narand\u017ea, Kamilica<br \/>\n<strong>Srednje note: <\/strong>Jasmin, Ylang-Ylang, Kokos, Korijen irisa (Orris)<br \/>\n<strong>Bazne note: <\/strong>Mo\u0161us, Pa\u010duli, Vetiver, Kedrovina, Karamela<\/p>","protected":false},"featured_media":4378,"template":"","meta":[],"product_brand":[177],"product_cat":[90,85,105],"product_tag":[191,190],"class_list":{"0":"post-4377","1":"product","2":"type-product","3":"status-publish","4":"has-post-thumbnail","6":"product_brand-maison-asrar","7":"product_cat-eau-de-parfum","8":"product_cat-perfumes","9":"product_cat-unisex","10":"product_tag-future-collection","11":"product_tag-maison-asrar","13":"first","14":"instock","15":"taxable","16":"shipping-taxable","17":"purchasable","18":"product-type-variable"},"_links":{"self":[{"href":"https:\/\/zaharascents.me\/me\/wp-json\/wp\/v2\/product\/4377","targetHints":{"allow":["GET"]}}],"collection":[{"href":"https:\/\/zaharascents.me\/me\/wp-json\/wp\/v2\/product"}],"about":[{"href":"https:\/\/zaharascents.me\/me\/wp-json\/wp\/v2\/types\/product"}],"wp:featuredmedia":[{"embeddable":true,"href":"https:\/\/zaharascents.me\/me\/wp-json\/wp\/v2\/media\/4378"}],"wp:attachment":[{"href":"https:\/\/zaharascents.me\/me\/wp-json\/wp\/v2\/media?parent=4377"}],"wp:term":[{"taxonomy":"product_brand","embeddable":true,"href":"https:\/\/zaharascents.me\/me\/wp-json\/wp\/v2\/product_brand?post=4377"},{"taxonomy":"product_cat","embeddable":true,"href":"https:\/\/zaharascents.me\/me\/wp-json\/wp\/v2\/product_cat?post=4377"},{"taxonomy":"product_tag","embeddable":true,"href":"https:\/\/zaharascents.me\/me\/wp-json\/wp\/v2\/product_tag?post=4377"}],"curies":[{"name":"wp","href":"https:\/\/api.w.org\/{rel}","templated":true}]}}