{"id":4390,"date":"2026-02-14T01:01:07","date_gmt":"2026-02-14T01:01:07","guid":{"rendered":"https:\/\/zaharascents.me\/?post_type=product&#038;p=4390"},"modified":"2026-04-26T23:38:43","modified_gmt":"2026-04-26T23:38:43","slug":"maison-asrar-muharib","status":"publish","type":"product","link":"https:\/\/zaharascents.me\/me\/shop\/maison-asrar-muharib\/","title":{"rendered":"Maison Asrar Muharib"},"content":{"rendered":"<h5>Plemeniti duh pustinjskog ratnika<\/h5>\n<p><strong>Maison Asrar Muharib<\/strong> <strong>Maison Asrar Muharib<\/strong> savr\u0161eno hvata duh pustinjskog ratnika\u2014neustra\u0161iv, a opet izvanredno plemenit. Dizajnirana za osobu koja zra\u010di snagom i tihom mo\u0107i, ova parfemska voda majstorski premo\u0161\u0107uje jaz izme\u0111u klasi\u010dne aromati\u010dne svje\u017eine i dekadentne amberne topline. Nude\u0107i izuzetnu dugotrajnost i zadivljuju\u0107i trag, Muharib je bogat, obavijaju\u0107i potpis koji komanduje po\u0161tovanjem i ostavlja duboko harizmati\u010dan, nezaboravan trag.<\/p>\n<h5>Mirisni profil i kompozicija<\/h5>\n<p>Putovanje po\u010dinje briljantno vibrantnim i podi\u017eu\u0107im uvodom. Klasi\u010dna, aristokratska svje\u017eina biljnog lavandina besprekorno je upletena sa suncem okupanom svje\u017einom limuna i bergamota. Ovaj dinami\u010dni po\u010detak stvara trenutnu auru komanduju\u0107e, kristalne svje\u017eine od prvog prskanja, postavljaju\u0107i visoko sofisticiranu i modernu scenu za pri\u010du koja se razvija.<\/p>\n<p>Kako se parfem razvija, srce otkriva srce koje oduzima dah svojom bogatom i toplo za\u010dinjenom prirodom. Kompozicija se besprekorno topi u dekadentni, zlatni trag toplog meda i ugodnog, za\u010dinskog ugriza cimeta. Ova gurmanska toplina je predivno zagla\u0111ena luksuznim, obavijaju\u0107im dodirom ka\u0161mir drveta, djeluju\u0107i kao most koji spaja aromati\u010dno otvaranje sa duboko senzualnom bazom.<\/p>\n<p>U svojim zavr\u0161nim fazama, kompozicija se spu\u0161ta u izvanredno trajnu i robusnu osnovu. Duboko utje\u0161an talas slatke, puderaste Tonke i suptilnog \u0161apata jasmina predivno je usidren bogatom, dimljenom elegancijom finog duvana. Ovaj vi\u0161eslojni fini\u0161 osigurava trajan, magneti\u010dan potpis koji ostavlja poliran, topao i visoko zavisan trag tihe mo\u0107i duboko u no\u0107.<\/p>","protected":false},"excerpt":{"rendered":"<p><strong>MUHARIB KOLEKCIJA<\/strong><\/p>\n<p><strong>Unisex \/ Eau De Parfum \/ 100ml<\/strong><\/p>\n<p><strong>Inspiracija: <\/strong>Xerjoff Naxos<\/p>\n<p><strong>Mirisni profil: <\/strong>Aromati\u010dni, Duvanski, Gurmanski<\/p>\n<p><strong>Gornje note: <\/strong>Limun, Bergamot, Lavanda<br \/>\n<strong>Srednje note: <\/strong>Ka\u0161mir drvo, Cimet, Med<br \/>\n<strong>Bazne note: <\/strong>Tonka, Jasmin, Duvan<\/p>","protected":false},"featured_media":4391,"template":"","meta":[],"product_brand":[177],"product_cat":[90,85,105],"product_tag":[190,192],"class_list":{"0":"post-4390","1":"product","2":"type-product","3":"status-publish","4":"has-post-thumbnail","6":"product_brand-maison-asrar","7":"product_cat-eau-de-parfum","8":"product_cat-perfumes","9":"product_cat-unisex","10":"product_tag-maison-asrar","11":"product_tag-muharib-collection","13":"first","14":"instock","15":"taxable","16":"shipping-taxable","17":"purchasable","18":"product-type-variable"},"_links":{"self":[{"href":"https:\/\/zaharascents.me\/me\/wp-json\/wp\/v2\/product\/4390","targetHints":{"allow":["GET"]}}],"collection":[{"href":"https:\/\/zaharascents.me\/me\/wp-json\/wp\/v2\/product"}],"about":[{"href":"https:\/\/zaharascents.me\/me\/wp-json\/wp\/v2\/types\/product"}],"wp:featuredmedia":[{"embeddable":true,"href":"https:\/\/zaharascents.me\/me\/wp-json\/wp\/v2\/media\/4391"}],"wp:attachment":[{"href":"https:\/\/zaharascents.me\/me\/wp-json\/wp\/v2\/media?parent=4390"}],"wp:term":[{"taxonomy":"product_brand","embeddable":true,"href":"https:\/\/zaharascents.me\/me\/wp-json\/wp\/v2\/product_brand?post=4390"},{"taxonomy":"product_cat","embeddable":true,"href":"https:\/\/zaharascents.me\/me\/wp-json\/wp\/v2\/product_cat?post=4390"},{"taxonomy":"product_tag","embeddable":true,"href":"https:\/\/zaharascents.me\/me\/wp-json\/wp\/v2\/product_tag?post=4390"}],"curies":[{"name":"wp","href":"https:\/\/api.w.org\/{rel}","templated":true}]}}