{"id":4402,"date":"2026-02-14T00:01:21","date_gmt":"2026-02-14T00:01:21","guid":{"rendered":"https:\/\/zaharascents.me\/?post_type=product&#038;p=4402"},"modified":"2026-03-31T22:18:26","modified_gmt":"2026-03-31T22:18:26","slug":"maison-asrar-night-in-paris","status":"publish","type":"product","link":"https:\/\/zaharascents.me\/me\/shop\/maison-asrar-night-in-paris\/","title":{"rendered":"Maison Asrar Night In Paris"},"content":{"rendered":"<h5>Remek-djelo pariske romantike i senzualnog mo\u0161usa<\/h5>\n<p class=\"translation-block\"><strong>Maison Asrar Night in Paris<\/strong> nije samo parfem\u2014to je o\u010daravaju\u0107e olfaktorno putovanje kroz srce Grada ljubavi. Dizajnirana za osobu koja tra\u017ei duboko romanti\u010dan, ali nekonvencionalan potpis, ova parfemska voda je po\u010dast pariskoj privla\u010dnosti sa zadivljuju\u0107im preokretom. Umotan u nagra\u0111ivani dizajn bo\u010dice, Night in Paris se mo\u017ee pohvaliti izuzetnom dugotrajno\u0161\u0107u i magneti\u010dnim tragom, ostavljaju\u0107i za sobom bogat, senzualan potpis koji djeluje kao nezaboravna uspomena na strastveni susret.<\/p>\n<h5>Mirisni profil i kompozicija<\/h5>\n<p>Putovanje po\u010dinje intrigantno elegantnim i romanti\u010dnim uvodom. Predivno nekonvencionalan spoj delikatnog \u0111ur\u0111evka i klasi\u010dne, bar\u0161unaste ru\u017ee stvara trenutnu auru kristalne cvjetnosti. Ovaj zadivljuju\u0107i po\u010detak djeluje sli\u010dno tajnom sastanku u skrivenim, mjese\u010dinom okupanim vrtovima Pariza\u2014svje\u017e, poeti\u010dan i potpuno pozivaju\u0107i od prvog prskanja.<\/p>\n<p>Kako se parfem razvija, srce otkriva jezgro koje oduzima dah svojom bogatom i senzualnom prirodom. Kompozicija se otvara u izuzetnu fuziju \u010distog mo\u0161usa stopljenog s ko\u017eom koji se isprepli\u0107e sa intenziviranim buketom rascvjetane ru\u017ee i \u0111ur\u0111evka. Ova zadivljuju\u0107a srednja faza djeluje kao most koji projektuje auru gracioznosti bez napora i moderne romantike.<\/p>\n<p>U svojim zavr\u0161nim fazama, kompozicija se spu\u0161ta u izvanredno trajnu i sofisticiranu osnovu. Duboko utje\u0161an talas zlatnog, blistavog ambera predivno je usidren zemljanom dubinom zelene mahovine. Pobolj\u0161an trajnim velom bar\u0161unastog mo\u0161usa, ovaj vi\u0161eslojni fini\u0161 osigurava prepoznatljiv, magneti\u010dan potpis koji se strastveno zadr\u017eava na ko\u017ei dugo u no\u0107.<\/p>","protected":false},"excerpt":{"rendered":"<p><strong>KISS MY LIPS KOLEKCIJA<\/strong><\/p>\n<p><strong>Unisex \/ Eau De Parfum \/ 90ml<\/strong><\/p>\n<p><strong>Mirisni profil: <\/strong>Cvjetni, Amberni, Mo\u0161usni<\/p>\n<p><strong>Gornje note: <\/strong>\u0110ur\u0111evak, Ru\u017ea<br \/>\n<strong>Srednje note: <\/strong>Mo\u0161us, Ru\u017ea, \u0110ur\u0111evak<br \/>\n<strong>Bazne note: <\/strong>Amberne note, Mahovina, Mo\u0161us<\/p>","protected":false},"featured_media":4409,"template":"","meta":[],"product_brand":[177],"product_cat":[90,85,105],"product_tag":[193,190],"class_list":{"0":"post-4402","1":"product","2":"type-product","3":"status-publish","4":"has-post-thumbnail","6":"product_brand-maison-asrar","7":"product_cat-eau-de-parfum","8":"product_cat-perfumes","9":"product_cat-unisex","10":"product_tag-kiss-my-lips-collection","11":"product_tag-maison-asrar","13":"first","14":"instock","15":"taxable","16":"shipping-taxable","17":"purchasable","18":"product-type-variable"},"_links":{"self":[{"href":"https:\/\/zaharascents.me\/me\/wp-json\/wp\/v2\/product\/4402","targetHints":{"allow":["GET"]}}],"collection":[{"href":"https:\/\/zaharascents.me\/me\/wp-json\/wp\/v2\/product"}],"about":[{"href":"https:\/\/zaharascents.me\/me\/wp-json\/wp\/v2\/types\/product"}],"wp:featuredmedia":[{"embeddable":true,"href":"https:\/\/zaharascents.me\/me\/wp-json\/wp\/v2\/media\/4409"}],"wp:attachment":[{"href":"https:\/\/zaharascents.me\/me\/wp-json\/wp\/v2\/media?parent=4402"}],"wp:term":[{"taxonomy":"product_brand","embeddable":true,"href":"https:\/\/zaharascents.me\/me\/wp-json\/wp\/v2\/product_brand?post=4402"},{"taxonomy":"product_cat","embeddable":true,"href":"https:\/\/zaharascents.me\/me\/wp-json\/wp\/v2\/product_cat?post=4402"},{"taxonomy":"product_tag","embeddable":true,"href":"https:\/\/zaharascents.me\/me\/wp-json\/wp\/v2\/product_tag?post=4402"}],"curies":[{"name":"wp","href":"https:\/\/api.w.org\/{rel}","templated":true}]}}