{"id":4420,"date":"2025-11-05T02:10:19","date_gmt":"2025-11-05T02:10:19","guid":{"rendered":"https:\/\/zaharascents.me\/?post_type=product&#038;p=4420"},"modified":"2026-05-10T01:53:31","modified_gmt":"2026-05-10T01:53:31","slug":"rasasi-hawas-malibu","status":"publish","type":"product","link":"https:\/\/zaharascents.me\/me\/shop\/rasasi-hawas-malibu\/","title":{"rendered":"Rasasi Hawas Malibu"},"content":{"rendered":"<h5>Blistava esencija primorskog luksuza<\/h5>\n<p class=\"translation-block\"><strong>Rasasi Hawas Malibu<\/strong> je uniseks aromati\u010dni parfem koji utjelovljuje esenciju suncem okupanog primorskog luksuza. To je parfem koji bez napora prelazi iz opu\u0161tenih dnevnih okru\u017eenja u o\u010daravaju\u0107e ve\u010dernje atmosfere, \u010dine\u0107i ga idealnim za pojedince koji preferiraju da njihov potpis bude i suptilan i apsolutno okrepljuju\u0107i.<\/p>\n<h5>Mirisni profil i kompozicija<\/h5>\n<p>Parfem se otvara vibrantnom citrusnom mje\u0161avinom, sa notama ananasa, narand\u017ee i grejpfruta. Ovi \u017eivi citrusni tonovi podsje\u0107aju na bezbri\u017ene ljetnje dane pro\u017eete slanim okeanskim vazduhom, trenutno bude\u0107i \u010dula svojom sun\u010danom vibrantno\u0161\u0107u.<\/p>\n<p>Kako gornje note blijede, otkrivaju delikatnu ravnote\u017eu korijena irisa i lavande upotpunjene toplinom ambera. Ovaj srednji sloj karakteri\u0161e glatki cvjetni kvalitet irisa uparen sa smiruju\u0107om aromom lavande; amber dodaje meku smolastu toplinu, stvaraju\u0107i cjelokupno svje\u017ee, ali elegantno prefinjeno iskustvo.<\/p>\n<p>Prilikom su\u0161enja, baza se otkriva kroz bogatu kombinaciju Tonke, ka\u0161mirana, mo\u0161usa i pa\u010dulija. Tonka doprinosi slatko\u0107i i kremastosti; ka\u0161miran unosi nje\u017enu drvenost; mo\u0161us pru\u017ea meku senzualnu osnovu; dok pa\u010duli dodaje zemljanu kompleksnost. Zajedno, ovi elementi stvaraju \u010dvrstu i pozivaju\u0107u bazu koja se predivno zadr\u017eava.<\/p>","protected":false},"excerpt":{"rendered":"<p><strong>HAWAS KOLEKCIJA<\/strong><\/p>\n<p><strong>Za njega \/ Eau De Parfum \/ 100ml<\/strong><\/p>\n<p><strong>Inspiracija: <\/strong>Jean Paul Gaultier Le Beau<\/p>\n<p><strong>Mirisni profil: <\/strong>Aromati\u010dni, Vo\u0107ni, Drveni<\/p>\n<p><strong>Gornje note: <\/strong>nanas, Narand\u017ea, Grejpfrut<br \/>\n<strong>Srednje note: <\/strong>Korijen irisa (Orris), Lavanda, Amber<br \/>\n<strong>Bazne note: <\/strong>Tonka, Ka\u0161miran, Mo\u0161us, Pa\u010duli<\/p>","protected":false},"featured_media":4421,"template":"","meta":[],"product_brand":[112],"product_cat":[90,103,85],"product_tag":[128,114],"class_list":{"0":"post-4420","1":"product","2":"type-product","3":"status-publish","4":"has-post-thumbnail","6":"product_brand-rasasi","7":"product_cat-eau-de-parfum","8":"product_cat-for-him","9":"product_cat-perfumes","10":"product_tag-hawas-collection","11":"product_tag-rasasi","13":"first","14":"instock","15":"taxable","16":"shipping-taxable","17":"purchasable","18":"product-type-variable"},"_links":{"self":[{"href":"https:\/\/zaharascents.me\/me\/wp-json\/wp\/v2\/product\/4420","targetHints":{"allow":["GET"]}}],"collection":[{"href":"https:\/\/zaharascents.me\/me\/wp-json\/wp\/v2\/product"}],"about":[{"href":"https:\/\/zaharascents.me\/me\/wp-json\/wp\/v2\/types\/product"}],"wp:featuredmedia":[{"embeddable":true,"href":"https:\/\/zaharascents.me\/me\/wp-json\/wp\/v2\/media\/4421"}],"wp:attachment":[{"href":"https:\/\/zaharascents.me\/me\/wp-json\/wp\/v2\/media?parent=4420"}],"wp:term":[{"taxonomy":"product_brand","embeddable":true,"href":"https:\/\/zaharascents.me\/me\/wp-json\/wp\/v2\/product_brand?post=4420"},{"taxonomy":"product_cat","embeddable":true,"href":"https:\/\/zaharascents.me\/me\/wp-json\/wp\/v2\/product_cat?post=4420"},{"taxonomy":"product_tag","embeddable":true,"href":"https:\/\/zaharascents.me\/me\/wp-json\/wp\/v2\/product_tag?post=4420"}],"curies":[{"name":"wp","href":"https:\/\/api.w.org\/{rel}","templated":true}]}}