{"id":4425,"date":"2025-11-05T02:11:28","date_gmt":"2025-11-05T02:11:28","guid":{"rendered":"https:\/\/zaharascents.me\/?post_type=product&#038;p=4425"},"modified":"2026-03-14T02:31:38","modified_gmt":"2026-03-14T02:31:38","slug":"rasasi-hawas-kobra","status":"publish","type":"product","link":"https:\/\/zaharascents.me\/me\/shop\/rasasi-hawas-kobra\/","title":{"rendered":"Rasasi Hawas Kobra"},"content":{"rendered":"<h5>Osve\u017eavajuca i elegantna drvena privla\u010dnost<\/h5>\n<p class=\"translation-block\"><strong>Rasasi Hawas Kobra<\/strong> je mu\u0161ki amberno-drveni parfem koji otjelovljuje modernu umjetnost za samouvjerenog mu\u0161karca koji cijeni suptilnu pa\u017enju. Ovaj parfem nudi okrepljuju\u0107i nalet citrusa pomije\u0161an sa drvenom privla\u010dno\u0161\u0107u, \u010dine\u0107i ga savr\u0161enim za dnevne dru\u0161tvene doga\u0111aje kao i ve\u010dernje opu\u0161tanje. Besprekorno spaja tradicionalne i savremene elemente, privla\u010de\u0107i one koji cijene i o\u0161trinu i prefinjen ukus.<\/p>\n<h5>Mirisni profil i kompozicija<\/h5>\n<p>Parfem se otvara poletnom kombinacijom \u0111umbira, bergamota i mandarine. O\u0161tar udar \u0111umbira harmonizuje se sa predivnom esencijom bergamota i suncem okupanom slatko\u0107om mandarine. Rezultat je osvje\u017eavaju\u0107i nalet koji trenutno podi\u017ee raspolo\u017eenje.<\/p>\n<p>Kako po\u010detni citrusi blijede, srce otkriva topli cimet, umiruju\u0107i zeleni \u010daj i vibrantni neroli. Cimet dodaje bogatu za\u010dinjenost, dok zeleni \u010daj unosi umiruju\u0107u eleganciju. Neroli pobolj\u0161ava ovu kompoziciju svojim nje\u017enim cvjetnim notama, stvaraju\u0107i idealnu ravnote\u017eu izme\u0111u topline i \u010disto\u0107e.<\/p>\n<p>Parfem zatim prelazi u bazu koja sadr\u017ei amber, mo\u0161us i drvene note, stvaraju\u0107i bogat i pozivaju\u0107i trag. Amber vas obavija toplinom; mo\u0161us daje glatku dubinu nalik ko\u017ei; dok drvene note doprinose dugotrajnosti i strukturi. Hawas Kobra uspostavlja neodoljivu osnovu kroz svoju harmoni\u010dnu mje\u0161avinu.<\/p>","protected":false},"excerpt":{"rendered":"<p><strong>HAWAS KOLEKCIJA<\/strong><\/p>\n<p><strong>Za njega \/ Eau De Parfum \/ 100ml<\/strong><\/p>\n<p><strong>Inspiracija: <\/strong>Louis Vuitton Imagination<\/p>\n<p><strong>Mirisni profil: <\/strong>Citrusni, Aromati\u010dni, Drveni<\/p>\n<p><strong>Gornje note: <\/strong>\u0110umbir, Mandarina (Tangerina), Bergamot<br \/>\n<strong>Srednje note: <\/strong>Cimet, Zeleni \u010daj, Neroli<br \/>\n<strong>Bazne note: <\/strong>Cimet, Zeleni \u010daj, Neroli<\/p>","protected":false},"featured_media":4426,"template":"","meta":[],"product_brand":[112],"product_cat":[90,103,85],"product_tag":[128,114],"class_list":{"0":"post-4425","1":"product","2":"type-product","3":"status-publish","4":"has-post-thumbnail","6":"product_brand-rasasi","7":"product_cat-eau-de-parfum","8":"product_cat-for-him","9":"product_cat-perfumes","10":"product_tag-hawas-collection","11":"product_tag-rasasi","13":"first","14":"instock","15":"taxable","16":"shipping-taxable","17":"purchasable","18":"product-type-variable"},"_links":{"self":[{"href":"https:\/\/zaharascents.me\/me\/wp-json\/wp\/v2\/product\/4425","targetHints":{"allow":["GET"]}}],"collection":[{"href":"https:\/\/zaharascents.me\/me\/wp-json\/wp\/v2\/product"}],"about":[{"href":"https:\/\/zaharascents.me\/me\/wp-json\/wp\/v2\/types\/product"}],"wp:featuredmedia":[{"embeddable":true,"href":"https:\/\/zaharascents.me\/me\/wp-json\/wp\/v2\/media\/4426"}],"wp:attachment":[{"href":"https:\/\/zaharascents.me\/me\/wp-json\/wp\/v2\/media?parent=4425"}],"wp:term":[{"taxonomy":"product_brand","embeddable":true,"href":"https:\/\/zaharascents.me\/me\/wp-json\/wp\/v2\/product_brand?post=4425"},{"taxonomy":"product_cat","embeddable":true,"href":"https:\/\/zaharascents.me\/me\/wp-json\/wp\/v2\/product_cat?post=4425"},{"taxonomy":"product_tag","embeddable":true,"href":"https:\/\/zaharascents.me\/me\/wp-json\/wp\/v2\/product_tag?post=4425"}],"curies":[{"name":"wp","href":"https:\/\/api.w.org\/{rel}","templated":true}]}}