{"id":4593,"date":"2025-12-25T05:07:49","date_gmt":"2025-12-25T05:07:49","guid":{"rendered":"https:\/\/zaharascents.me\/?post_type=product&#038;p=4593"},"modified":"2026-03-12T22:26:19","modified_gmt":"2026-03-12T22:26:19","slug":"rayhan-poljubac","status":"publish","type":"product","link":"https:\/\/zaharascents.me\/me\/shop\/rayhaan-kiss\/","title":{"rendered":"Rayhaan Kiss"},"content":{"rendered":"<h5>Neodoljiva dekadencija jagode i kondenzovanog mlijeka<\/h5>\n<p class=\"translation-block\"><strong>Rayhaan Kiss<\/strong> je nevjerovatno so\u010dna parfemska voda koja hvata \u010distu ekstazu dekadentnog, kremastog deserta. Smje\u0161ten u predivnu ru\u017ei\u010dastu bo\u010dicu uokvirenu elegantnom zlatnom geometrijom, ovaj miris je smjela proslava moderne gurmanske parfimerije i nepopustljive \u017eenstvenosti. Dizajniran za romanti\u010dnu, ali samouvjerenu \u017eenu koja ostavlja trag \u010diste slatko\u0107e, nudi izuzetno topao, ugodan i magneti\u010dan potpis koji je jednostavno nezaboravan.<\/p>\n<h5>Mirisni profil i kompozicija<\/h5>\n<p>Parfem se otvara eksplozivno slatkim naletom kandiranog savr\u0161enstva od kojeg ide voda na usta. So\u010dna, vibrantna kiselkastost zrele jagode i maline majstorski je pomije\u0161ana sa bogatom, kremastom toplinom kokosa i ora\u0161astim pralinama. Ovaj zasljepljuju\u0107i, vo\u0107em okupan gornji sloj stvara visoko zavisnu i radosnu auru od prvog prskanja.<\/p>\n<p>Kako se ovaj po\u010detni nalet bobica nje\u017eno smiruje, srce otkriva duboko luksuzno i bar\u0161unasto jezgro. Neosporna zvijezda kompozicije\u2014bogati, desertni talas kondenzovanog mlijeka i zlatne karamele\u2014besprekorno je isprepletena sa delikatnom elegancijom cvijeta narand\u017ee i mekog bijelog cvije\u0107a. Ova sofisticirana srednja faza djeluje kao majstorski most, uzdi\u017eu\u0107i \u010distu slatko\u0107u u predivno izbalansiran, mlije\u010dni cvjetni zagrljaj.<\/p>\n<p>U svojim zavr\u0161nim fazama, kompozicija se spu\u0161ta u spektakularno ugodnu i trajnu osnovu. Duboko ugodna toplina premium vanile i slatke Tonke predivno je usidrena glatkom, drvenom dubinom sandalovine. Zavr\u0161ni \u0161apat \u010distog mo\u0161usa osigurava duboko senzualan, prirodni trag koji satima zra\u010di neodoljivim, kremastim \u0161armom.<\/p>","protected":false},"excerpt":{"rendered":"<p><strong>RAYHAAN KOLEKCIJA<\/strong><\/p>\n<p><strong>Za nju \/ Eau De Parfum \/ 100ml<\/strong><\/p>\n<p><strong>Mirisni profil: <\/strong>Gurmanski, Vo\u0107ni<\/p>\n<p><strong>Gornje note: <\/strong>Jagoda, Malina, Kokos, Praline<br \/>\n<strong>Srednje note: <\/strong>Kondenzovano mlijeko, Karamela, Cvijet narand\u017ee, Bijelo cvije\u0107e<br \/>\n<strong>Bazne note: <\/strong>Vanila, Tonka, Sandalovina, Mo\u0161us<\/p>","protected":false},"featured_media":4594,"template":"","meta":[],"product_brand":[141],"product_cat":[90,104,85],"product_tag":[145,146],"class_list":{"0":"post-4593","1":"product","2":"type-product","3":"status-publish","4":"has-post-thumbnail","6":"product_brand-rayhaan","7":"product_cat-eau-de-parfum","8":"product_cat-for-her","9":"product_cat-perfumes","10":"product_tag-rayhaan","11":"product_tag-rayhaan-collection","13":"first","14":"instock","15":"taxable","16":"shipping-taxable","17":"purchasable","18":"product-type-variable"},"_links":{"self":[{"href":"https:\/\/zaharascents.me\/me\/wp-json\/wp\/v2\/product\/4593","targetHints":{"allow":["GET"]}}],"collection":[{"href":"https:\/\/zaharascents.me\/me\/wp-json\/wp\/v2\/product"}],"about":[{"href":"https:\/\/zaharascents.me\/me\/wp-json\/wp\/v2\/types\/product"}],"wp:featuredmedia":[{"embeddable":true,"href":"https:\/\/zaharascents.me\/me\/wp-json\/wp\/v2\/media\/4594"}],"wp:attachment":[{"href":"https:\/\/zaharascents.me\/me\/wp-json\/wp\/v2\/media?parent=4593"}],"wp:term":[{"taxonomy":"product_brand","embeddable":true,"href":"https:\/\/zaharascents.me\/me\/wp-json\/wp\/v2\/product_brand?post=4593"},{"taxonomy":"product_cat","embeddable":true,"href":"https:\/\/zaharascents.me\/me\/wp-json\/wp\/v2\/product_cat?post=4593"},{"taxonomy":"product_tag","embeddable":true,"href":"https:\/\/zaharascents.me\/me\/wp-json\/wp\/v2\/product_tag?post=4593"}],"curies":[{"name":"wp","href":"https:\/\/api.w.org\/{rel}","templated":true}]}}