{"id":4757,"date":"2026-01-24T01:00:22","date_gmt":"2026-01-24T01:00:22","guid":{"rendered":"https:\/\/zaharascents.me\/?post_type=product&#038;p=4757"},"modified":"2026-03-19T02:22:39","modified_gmt":"2026-03-19T02:22:39","slug":"french-avenue-safari-breeze","status":"publish","type":"product","link":"https:\/\/zaharascents.me\/me\/shop\/french-avenue-safari-breeze\/","title":{"rendered":"French Avenue Safari Breeze"},"content":{"rendered":"<h5>Egzoti\u010dno remek-djelo u kojem se ledena nana stapa sa tropskim kokosom<\/h5>\n<p><strong>French Avenue Safari Breeze<\/strong> predstavlja nevjerovatno energi\u010dan, prozra\u010dan i besprekorno kreiran Extrait de Parfum, koji majstorski do\u010darava osje\u0107aj bijega na daleku, tropsku obalu. Dizajniran za dinami\u010dne i elegantne osobe koje \u017eele da ostave magnetno privla\u010dan, poletan i izuzetno osve\u017eavaju\u0107i utisak, ovaj miris savr\u0161eno spaja so\u010dne vo\u0107ne note sa duboko sofisticiranom, zemljanom bazom. Odlikuju\u0107i se izvanrednom postojano\u0161\u0107u i svje\u017eim, hladnim tragom u vazduhu, Safari Breeze stvara kompleksan, slatkasti oblak nane, \u0161to ga \u010dini ultimativnim mirisnim pe\u010datom za tople dane i egzoti\u010dna putovanja.<\/p>\n<h5>Mirisni profil i kompozicija<\/h5>\n<p>Mirisno putovanje zapo\u010dinje nevjerovatno so\u010dnim i energi\u010dnim uvodom. Blistav, osvje\u017eavaju\u0107i nalet kiselkastog grejpa i slatke crne ribizle besprijekorno se prepli\u0107e sa glatkim, zavodljivim dodirom kokosa. Ovo dinami\u010dno i dominantno otvaranje momentalno osvaja \u010dula, stvaraju\u0107i duboko osvje\u017eavaju\u0107u, suncem okupanu auru ve\u0107 pri prvom nano\u0161enju.<\/p>\n<p>As the fragrance evolves, the heart reveals a spectacularly cool, airy, and uplifting core. The composition unfolds with the icy, invigorating crispness of Spearmint, perfectly balanced by the delicate, romantic grace of soft Jasmine. This flawlessly crafted middle stage acts as a high-octane bridge, transforming the tropical opening into a plush, \u201cbreezy\u201d texture that feels like a cooling rush of air against the skin.<\/p>\n<p>U svojim zavr\u0161nim notama, kompozicija prelazi u nevjerovatno postojanu i stabilnu bazu. Duboki, zemljani talas prirodnog vetivera savr\u0161eno je utemeljen rusti\u010dnom, \u0161umskom dubinom hrastove mahovine i toplom, blistavom elegancijom ambera. Ovaj vi\u0161eslojni, glatki zavr\u0161etak osigurava dugotrajan mirisni pe\u010dat koji je istovremeno duboko sofisticiran i prirodno svje\u017e.<\/p>","protected":false},"excerpt":{"rendered":"<p><strong>FRENCH AVENUE<\/strong><\/p>\n<p><strong>Unisex \/ Extrait De Parfum \/ 100ml<\/strong><\/p>\n<p><strong>Inspiracija: <\/strong>Memoirs Of A Perfume Collector Tales from Zanzibar<\/p>\n<p><strong>Mirisni profil: <\/strong>Vo\u0107ni, Svje\u017ei, Aromati\u010dni<\/p>\n<p><strong>Gornje note: <\/strong>Crna ribizla, Kokos, Grejpfrut<br \/>\n<strong>Srednje note: <\/strong>Klasasta nana, Jasmin<br \/>\n<strong>Bazne note: <\/strong>Vetiver, Amber, Mahovina<\/p>","protected":false},"featured_media":4758,"template":"","meta":[],"product_brand":[157],"product_cat":[91,85,105],"product_tag":[159],"class_list":{"0":"post-4757","1":"product","2":"type-product","3":"status-publish","4":"has-post-thumbnail","6":"product_brand-french-avenue","7":"product_cat-extrait-de-parfum","8":"product_cat-perfumes","9":"product_cat-unisex","10":"product_tag-french-avenue","12":"first","13":"instock","14":"taxable","15":"shipping-taxable","16":"purchasable","17":"product-type-variable"},"_links":{"self":[{"href":"https:\/\/zaharascents.me\/me\/wp-json\/wp\/v2\/product\/4757","targetHints":{"allow":["GET"]}}],"collection":[{"href":"https:\/\/zaharascents.me\/me\/wp-json\/wp\/v2\/product"}],"about":[{"href":"https:\/\/zaharascents.me\/me\/wp-json\/wp\/v2\/types\/product"}],"wp:featuredmedia":[{"embeddable":true,"href":"https:\/\/zaharascents.me\/me\/wp-json\/wp\/v2\/media\/4758"}],"wp:attachment":[{"href":"https:\/\/zaharascents.me\/me\/wp-json\/wp\/v2\/media?parent=4757"}],"wp:term":[{"taxonomy":"product_brand","embeddable":true,"href":"https:\/\/zaharascents.me\/me\/wp-json\/wp\/v2\/product_brand?post=4757"},{"taxonomy":"product_cat","embeddable":true,"href":"https:\/\/zaharascents.me\/me\/wp-json\/wp\/v2\/product_cat?post=4757"},{"taxonomy":"product_tag","embeddable":true,"href":"https:\/\/zaharascents.me\/me\/wp-json\/wp\/v2\/product_tag?post=4757"}],"curies":[{"name":"wp","href":"https:\/\/api.w.org\/{rel}","templated":true}]}}