{"id":5024,"date":"2026-03-20T14:41:27","date_gmt":"2026-03-20T14:41:27","guid":{"rendered":"https:\/\/zaharascents.me\/?post_type=product&#038;p=5024"},"modified":"2026-03-22T23:50:20","modified_gmt":"2026-03-22T23:50:20","slug":"paris-corner-khair","status":"publish","type":"product","link":"https:\/\/zaharascents.me\/me\/shop\/paris-corner-khair\/","title":{"rendered":"Paris Corner Khair"},"content":{"rendered":"<h5>Magneti\u010dna privla\u010dnost vo\u0107ne svje\u017eine i animalnog ambera<\/h5>\n<p class=\"translation-block\"><strong>Paris Corner Khair<\/strong> je vibrantna, duboko intrigantna i majstorski kreirana parfemska voda koja savr\u0161eno balansira poletnu svje\u017einu sa sirovom, \u010dvrstom i neosporno zavodljivom o\u0161tricom. Dizajniran za samouvjerenu, misterioznu osobu koja voli ostaviti trajan, energi\u010dan utisak, ovaj parfem je ultimativna \"dobro \u010duvana tajna\" va\u0161e li\u010dnosti. Uz \u010dvrste, dugotrajne performanse, Khair plete kompleksan oblak svijetlih vo\u0107nih nota, zemljanog drveta i animalisti\u010dkog mo\u0161usa, \u010dine\u0107i ga nevjerovatno svestranim parfemskim potpisom koji osvaja svakoga ko vam prekrsti put.<\/p>\n<h5>Mirisni profil i kompozicija<\/h5>\n<p>Putovanje po\u010dinje briljantno podi\u017eu\u0107im i radosnim uvodom. Blistav, suncem okupani nalet hrskavog bergamota sa juga Italije besprekorno je isprepleten sa poletnom, so\u010dnom svjetlo\u0161\u0107u grejpfruta i dodirom suptilne vo\u0107ne slatko\u0107e. Ovaj dinami\u010dni po\u010detak djeluje kao \u017eivopisna udica, trenutno osve\u017eavaju\u0107i \u010dula poput prvih zraka jutarnjeg sunca.<\/p>\n<p>As the fragrance evolves, the heart reveals a spectacularly grounded, earthy, and intriguing core. The composition unfolds with the calm, sturdy embrace of Cedarwood, perfectly balanced by subtle floral nuances and the deep, \u201chippie\u201d aura of Patchouli. This flawlessly crafted middle stage acts as a high-octane bridge, infusing the bright citrus with a serious, woody depth.<\/p>\n<p>U svojim zavr\u0161nim fazama, kompozicija se spu\u0161ta u izvanredno trajnu i magneti\u010dnu osnovu. Duboko topli talas zavodljivog, animalisti\u010dkog mo\u0161usa predivno je usidren orijentalnim, sjajnim bogatstvom ambera. Ovaj vi\u0161eslojni, sirovi fini\u0161 osigurava trajan potpis koji dr\u017ei parfem usidrenim za va\u0161u ko\u017eu, zra\u010de\u0107i \u010distim samopouzdanjem i privla\u010dno\u0161\u0107u.<\/p>","protected":false},"excerpt":{"rendered":"<p><strong>KHAIR COLLECTION<\/strong><\/p>\n<p><strong>Unisex \/ Eau De Parfum \/ 100ml<\/strong><\/p>\n<p><strong>Inspiracija: <\/strong>Gissah Imperial Valley<\/p>\n<p><strong>Mirisni profil: <\/strong>Citrusni, Drveni, Amberni<\/p>\n<p><strong>Gornje note: <\/strong>Bergamot, Grejpfrut, Vo\u0107ne note<br \/>\n<strong>Srednje note: <\/strong>Kedrovina, Cvjetne note, Pa\u010duli<br \/>\n<strong>Bazne note: <\/strong>Animalni akordi, Mo\u0161us, Amber<\/p>","protected":false},"featured_media":5200,"template":"","meta":[],"product_brand":[180],"product_cat":[90,85,105],"product_tag":[198,188],"class_list":{"0":"post-5024","1":"product","2":"type-product","3":"status-publish","4":"has-post-thumbnail","6":"product_brand-paris-corner","7":"product_cat-eau-de-parfum","8":"product_cat-perfumes","9":"product_cat-unisex","10":"product_tag-khair-collection","11":"product_tag-paris-corner","13":"first","14":"instock","15":"taxable","16":"shipping-taxable","17":"purchasable","18":"product-type-variable"},"_links":{"self":[{"href":"https:\/\/zaharascents.me\/me\/wp-json\/wp\/v2\/product\/5024","targetHints":{"allow":["GET"]}}],"collection":[{"href":"https:\/\/zaharascents.me\/me\/wp-json\/wp\/v2\/product"}],"about":[{"href":"https:\/\/zaharascents.me\/me\/wp-json\/wp\/v2\/types\/product"}],"wp:featuredmedia":[{"embeddable":true,"href":"https:\/\/zaharascents.me\/me\/wp-json\/wp\/v2\/media\/5200"}],"wp:attachment":[{"href":"https:\/\/zaharascents.me\/me\/wp-json\/wp\/v2\/media?parent=5024"}],"wp:term":[{"taxonomy":"product_brand","embeddable":true,"href":"https:\/\/zaharascents.me\/me\/wp-json\/wp\/v2\/product_brand?post=5024"},{"taxonomy":"product_cat","embeddable":true,"href":"https:\/\/zaharascents.me\/me\/wp-json\/wp\/v2\/product_cat?post=5024"},{"taxonomy":"product_tag","embeddable":true,"href":"https:\/\/zaharascents.me\/me\/wp-json\/wp\/v2\/product_tag?post=5024"}],"curies":[{"name":"wp","href":"https:\/\/api.w.org\/{rel}","templated":true}]}}