{"id":5032,"date":"2026-03-20T14:53:26","date_gmt":"2026-03-20T14:53:26","guid":{"rendered":"https:\/\/zaharascents.me\/?post_type=product&#038;p=5032"},"modified":"2026-04-23T22:56:13","modified_gmt":"2026-04-23T22:56:13","slug":"paris-corner-khair-felicity","status":"publish","type":"product","link":"https:\/\/zaharascents.me\/me\/shop\/paris-corner-khair-felicity\/","title":{"rendered":"Paris Corner Khair Felicity"},"content":{"rendered":"<h5>Dodir svile i zlatnih mjehuri\u0107a<\/h5>\n<p class=\"translation-block\"><strong>Paris Corner Khair Felicity<\/strong> je o\u010daravaju\u0107a, blistava i majstorski kreirana parfemska voda dizajnirana da slavi najradosnije trenutke u \u017eivotu. Kreiran za sofisticiranu, romanti\u010dnu \u017eenu koja voli zra\u010diti \u010distom rado\u0161\u0107u i elegancijom, ovaj parfem je ultimativni izraz luksuznog slavlja. Uz glatke, ugodne i dugotrajne performanse, Khair Felicity plete delikatan oblak iskri\u010davog vina, mekog cvije\u0107a i slatke topline, ostavljaju\u0107i nezaboravan, visoko hvaljen utisak sa svakim dahom.<\/p>\n<h5>Mirisni profil i kompozicija<\/h5>\n<p>Putovanje po\u010dinje nevjerovatno vibrantnim, slavljeni\u010dkim uvodom. Blistav, iskri\u010davi nalet \u0161ampanjca i slatke crne ribizle besprekorno je isprepleten sa delikatnim, svje\u017eim dodirom frezije. Ovaj dinami\u010dni po\u010detak djeluje kao \u017eivopisna udica, trenutno privla\u010de\u0107i pa\u017enju radosnom, podi\u017eu\u0107om i potpuno jedinstvenom svjetlo\u0161\u0107u koja djeluje kao zdravica za predivan dan.<\/p>\n<p>Kako se parfem razvija, srce otkriva spektakularno romanti\u010dno i meko jezgro. Kompozicija cvjeta bezvremenskom elegancijom majske ru\u017ee i bujnog jasmina, savr\u0161eno u\u0161u\u0161kana u meki, prozra\u010dni \u0161apat mo\u0161usa. Ova besprekorno kreirana srednja faza djeluje kao visoko-oktanski most, unose\u0107i u razigrano otvaranje \u0161ampanjca duboko \u017eenstvenu, sofisticiranu cvjetnu eleganciju.<\/p>\n<p>In its final stages, the composition descends into a remarkably endearing and comforting foundation. A deeply warm, sweet embrace of creamy Vanilla and velvety Sugary notes is beautifully anchored by a lasting trail of sensual Musk. This multi-faceted, \u201ccozy\u201d dry-down ensures a lasting signature that keeps the fragrance beautifully anchored to your skin, radiating pure, luxurious charm and romance.<\/p>","protected":false},"excerpt":{"rendered":"<p><strong>KHAIR COLLECTION<\/strong><\/p>\n<p><strong>Za nju \/ Eau De Parfum \/ 100ml<\/strong><\/p>\n<p><strong>Inspiracija: <\/strong>Kayali The Wedding Silk Santal | 36<\/p>\n<p><strong>Mirisni profil: <\/strong>Cvjetni, Vo\u0107ni, Gurmanski<\/p>\n<p><strong>Gornje note: <\/strong>\u0160ampanjac, Crna ribizla, Frezija<br \/>\n<strong>Srednje note: <\/strong>Majska ru\u017ea, Mo\u0161us, Jasmin<br \/>\n<strong>Bazne note: <\/strong>Vanila, \u0160e\u0107erne note, Mo\u0161us<\/p>","protected":false},"featured_media":5194,"template":"","meta":[],"product_brand":[180],"product_cat":[90,104,85],"product_tag":[198,188],"class_list":{"0":"post-5032","1":"product","2":"type-product","3":"status-publish","4":"has-post-thumbnail","6":"product_brand-paris-corner","7":"product_cat-eau-de-parfum","8":"product_cat-for-her","9":"product_cat-perfumes","10":"product_tag-khair-collection","11":"product_tag-paris-corner","13":"first","14":"instock","15":"taxable","16":"shipping-taxable","17":"purchasable","18":"product-type-variable"},"_links":{"self":[{"href":"https:\/\/zaharascents.me\/me\/wp-json\/wp\/v2\/product\/5032","targetHints":{"allow":["GET"]}}],"collection":[{"href":"https:\/\/zaharascents.me\/me\/wp-json\/wp\/v2\/product"}],"about":[{"href":"https:\/\/zaharascents.me\/me\/wp-json\/wp\/v2\/types\/product"}],"wp:featuredmedia":[{"embeddable":true,"href":"https:\/\/zaharascents.me\/me\/wp-json\/wp\/v2\/media\/5194"}],"wp:attachment":[{"href":"https:\/\/zaharascents.me\/me\/wp-json\/wp\/v2\/media?parent=5032"}],"wp:term":[{"taxonomy":"product_brand","embeddable":true,"href":"https:\/\/zaharascents.me\/me\/wp-json\/wp\/v2\/product_brand?post=5032"},{"taxonomy":"product_cat","embeddable":true,"href":"https:\/\/zaharascents.me\/me\/wp-json\/wp\/v2\/product_cat?post=5032"},{"taxonomy":"product_tag","embeddable":true,"href":"https:\/\/zaharascents.me\/me\/wp-json\/wp\/v2\/product_tag?post=5032"}],"curies":[{"name":"wp","href":"https:\/\/api.w.org\/{rel}","templated":true}]}}