{"id":5036,"date":"2026-03-20T14:43:57","date_gmt":"2026-03-20T14:43:57","guid":{"rendered":"https:\/\/zaharascents.me\/?post_type=product&#038;p=5036"},"modified":"2026-04-23T23:37:31","modified_gmt":"2026-04-23T23:37:31","slug":"paris-corner-khair-fusion","status":"publish","type":"product","link":"https:\/\/zaharascents.me\/me\/shop\/paris-corner-khair-fusion\/","title":{"rendered":"Paris Corner Khair Fusion"},"content":{"rendered":"<h5>Blistava magija so\u010dnog li\u010dija<\/h5>\n<p class=\"translation-block\"><strong>Paris Corner Khair Fusion<\/strong> je izuzetno rasko\u0161na, \u0161armantna i majstorski kreirana parfemska voda dizajnirana za modernu, sofisticiranu \u017eenu. Pozivaju\u0107i vas na o\u010daravaju\u0107e putovanje za \u010dula, ovaj parfem hvata \u010distu esenciju radosne, blistave slatko\u0107e. Uz vibrantne i dugotrajne performanse, Khair Fusion plete delikatan oblak svje\u017eeg vo\u0107a, mekog cvije\u0107a i bar\u0161unastog \u0161e\u0107era, \u010dine\u0107i ga savr\u0161enim, visoko hvaljenim potpisom za romanti\u010dne sastanke, tople dane i trenutke kada \u017eelite da se osje\u0107ate neosporno privla\u010dno.<\/p>\n<h5>Mirisni profil i kompozicija<\/h5>\n<p>Putovanje po\u010dinje briljantno so\u010dnim i energi\u010dnim uvodom. Blistavi, osve\u017eavaju\u0107i nalet so\u010dnog li\u010dija zauzima centralno mjesto, besprekorno se uskla\u0111uju\u0107i sa hrskavim, osvje\u017eavaju\u0107im udarom jabuke i blago kiselkastim, iskri\u010davim bogatstvom crne ribizle. Ovaj dinami\u010dni po\u010detak djeluje kao \u017eivopisna udica, trenutno privla\u010de\u0107i pa\u017enju svojom primamljivom, vo\u0107nom svjetlo\u0161\u0107u.<\/p>\n<p>Kako se parfem razvija, srce otkriva spektakularno elegantno i romanti\u010dno jezgro. Kompozicija se otvara delikatnim, cvjetnim \u0161apatom meke ru\u017ee i elegantnog jasmina, savr\u0161eno izbalansirana puderastim, slatkim nijansama ljubi\u010dice. Ova besprekorno kreirana srednja faza djeluje kao visoko-oktanski most, pretvaraju\u0107i razigrano vo\u0107no otvaranje u duboko \u017eenstven, sofisticiran buket.<\/p>\n<p>U svojim zavr\u0161nim fazama, kompozicija se spu\u0161ta u izvanredno privla\u010dnu i ugodnu osnovu. Duboko topli talas kremaste vanile i slatkog sme\u0111eg \u0161e\u0107era predivno je usidren glatkom, drvenom elegancijom sandalovine. Ovaj vi\u0161eslojni, bar\u0161unasti fini\u0161 osigurava trajan potpis koji dr\u017ei parfem usidrenim za va\u0161u ko\u017eu, zra\u010de\u0107i \u010distim, luksuznim \u0161armom.<\/p>","protected":false},"excerpt":{"rendered":"<p><strong>KHAIR COLLECTION<\/strong><\/p>\n<p><strong>Za nju \/ Eau De Parfum \/ 100ml<\/strong><\/p>\n<p><strong>Inspiracija: <\/strong>Kayali Eden Sparkling Lychee | 39<\/p>\n<p><strong>Mirisni profil: <\/strong>Vo\u0107ni, Cvjetni, Gurmanski<\/p>\n<p><strong>Gornje note: <\/strong>Li\u010di, Crna ribizla, Jabuka<br \/>\n<strong>Srednje note: <\/strong>Jasmin, Ru\u017ea, Ljubi\u010dica<br \/>\n<strong>Bazne note: <\/strong>Sandalovina, Vanila, Sme\u0111i \u0161e\u0107er<\/p>","protected":false},"featured_media":5196,"template":"","meta":[],"product_brand":[180],"product_cat":[90,104,85],"product_tag":[198,188],"class_list":{"0":"post-5036","1":"product","2":"type-product","3":"status-publish","4":"has-post-thumbnail","6":"product_brand-paris-corner","7":"product_cat-eau-de-parfum","8":"product_cat-for-her","9":"product_cat-perfumes","10":"product_tag-khair-collection","11":"product_tag-paris-corner","13":"first","14":"instock","15":"taxable","16":"shipping-taxable","17":"purchasable","18":"product-type-variable"},"_links":{"self":[{"href":"https:\/\/zaharascents.me\/me\/wp-json\/wp\/v2\/product\/5036","targetHints":{"allow":["GET"]}}],"collection":[{"href":"https:\/\/zaharascents.me\/me\/wp-json\/wp\/v2\/product"}],"about":[{"href":"https:\/\/zaharascents.me\/me\/wp-json\/wp\/v2\/types\/product"}],"wp:featuredmedia":[{"embeddable":true,"href":"https:\/\/zaharascents.me\/me\/wp-json\/wp\/v2\/media\/5196"}],"wp:attachment":[{"href":"https:\/\/zaharascents.me\/me\/wp-json\/wp\/v2\/media?parent=5036"}],"wp:term":[{"taxonomy":"product_brand","embeddable":true,"href":"https:\/\/zaharascents.me\/me\/wp-json\/wp\/v2\/product_brand?post=5036"},{"taxonomy":"product_cat","embeddable":true,"href":"https:\/\/zaharascents.me\/me\/wp-json\/wp\/v2\/product_cat?post=5036"},{"taxonomy":"product_tag","embeddable":true,"href":"https:\/\/zaharascents.me\/me\/wp-json\/wp\/v2\/product_tag?post=5036"}],"curies":[{"name":"wp","href":"https:\/\/api.w.org\/{rel}","templated":true}]}}