{"id":5052,"date":"2026-03-20T16:18:54","date_gmt":"2026-03-20T16:18:54","guid":{"rendered":"https:\/\/zaharascents.me\/?post_type=product&#038;p=5052"},"modified":"2026-04-24T00:31:25","modified_gmt":"2026-04-24T00:31:25","slug":"paris-corner-decembarska-ruza","status":"publish","type":"product","link":"https:\/\/zaharascents.me\/me\/shop\/paris-corner-december-rose\/","title":{"rendered":"Paris Corner December Rose"},"content":{"rendered":"<h5>Kraljevska gracioznost majske ru\u017ee<\/h5>\n<p class=\"translation-block\"><strong>Paris Corner December Rose<\/strong> je izuzetno bujna, romanti\u010dna i majstorski kreirana parfemska voda koja vas transportuje u carstvo dragocjenih uspomena i \u010diste elegancije. Dizajniran za sofisticiranu \u017eenu koja voli moderno, svje\u017ee, ali duboko zadivljuju\u0107e cvjetno iskustvo, ovaj parfem vas obavija \u010darobnim, revitalizuju\u0107im zagrljajem. Smje\u0161ten u slo\u017eeno kreiranu, kraljevsku bo\u010dicu, December Rose plete delikatan oblak poletnog vo\u0107a, bogatih latica i zemljanih podtonova, \u010dine\u0107i ga ultimativnim potpisom za one koji \u017eele zra\u010diti \u010distom graciozno\u0161\u0107u i \u0161armom.<\/p>\n<h5>Mirisni profil i kompozicija<\/h5>\n<p>Putovanje po\u010dinje predivno svje\u017eim i suptilno slatkim uvodom. Blistavi, podi\u017eu\u0107i nalet so\u010dne borovnice besprekorno je isprepleten sa poletnom, svijetlom mandarinom. Ovaj dinami\u010dni po\u010detak djeluje kao \u017eivopisna udica, trenutno privla\u010de\u0107i pa\u017enju primamljivom vo\u0107no\u0161\u0107u koja djeluje hrskavo i osve\u017eavaju\u0107e kao decembarska zora.<\/p>\n<p>As the fragrance evolves, the heart reveals a spectacularly rich and romantic core. The composition unfolds with the undeniable \u201cKing of Flowers\u201d\u2014a lush, creamy Rose. This dominant floral note is perfectly balanced by the fresh, green nuance of Geranium and the soft, elegant whispers of Magnolia. This flawlessly crafted middle stage acts as a high-octane bridge, transforming the fruity opening into a deeply sophisticated floral bouquet.<\/p>\n<p>U svojim zavr\u0161nim fazama, kompozicija se spu\u0161ta u izvanredno privla\u010dnu i uzemljuju\u0107u osnovu. Duboko topli talas senzualnog mo\u0161usa predivno je usidren klasi\u010dnom, blago drvenom svje\u017einom pa\u010dulija. Ovaj vi\u0161eslojni fini\u0161 dodaje nevjerovatnu dubinu i trajnost parfemu, osiguravaju\u0107i trajan potpis koji je istovremeno duboko nostalgi\u010dan i besprekorno \u0161ik.<\/p>","protected":false},"excerpt":{"rendered":"<p><strong>DECEMBER KOLEKCIJA<\/strong><\/p>\n<p><strong>Za Nju \/ Eau De Parfum \/ 85ml<\/strong><\/p>\n<p><strong>Mirisni profil: <\/strong>Cvjetni, Vo\u0107ni, Mo\u0161usni<\/p>\n<p><strong>Gornje note: <\/strong>Borovnica, Mandarina (Tangerina)<br \/>\n<strong>Srednje note: <\/strong>Ru\u017ea, Geranijum, Magnolija<br \/>\n<strong>Bazne note: <\/strong>Mo\u0161us, Pa\u010duli<\/p>","protected":false},"featured_media":5186,"template":"","meta":[],"product_brand":[180],"product_cat":[90,104,85],"product_tag":[199,188],"class_list":{"0":"post-5052","1":"product","2":"type-product","3":"status-publish","4":"has-post-thumbnail","6":"product_brand-paris-corner","7":"product_cat-eau-de-parfum","8":"product_cat-for-her","9":"product_cat-perfumes","10":"product_tag-december-collection","11":"product_tag-paris-corner","13":"first","14":"instock","15":"taxable","16":"shipping-taxable","17":"purchasable","18":"product-type-variable"},"_links":{"self":[{"href":"https:\/\/zaharascents.me\/me\/wp-json\/wp\/v2\/product\/5052","targetHints":{"allow":["GET"]}}],"collection":[{"href":"https:\/\/zaharascents.me\/me\/wp-json\/wp\/v2\/product"}],"about":[{"href":"https:\/\/zaharascents.me\/me\/wp-json\/wp\/v2\/types\/product"}],"wp:featuredmedia":[{"embeddable":true,"href":"https:\/\/zaharascents.me\/me\/wp-json\/wp\/v2\/media\/5186"}],"wp:attachment":[{"href":"https:\/\/zaharascents.me\/me\/wp-json\/wp\/v2\/media?parent=5052"}],"wp:term":[{"taxonomy":"product_brand","embeddable":true,"href":"https:\/\/zaharascents.me\/me\/wp-json\/wp\/v2\/product_brand?post=5052"},{"taxonomy":"product_cat","embeddable":true,"href":"https:\/\/zaharascents.me\/me\/wp-json\/wp\/v2\/product_cat?post=5052"},{"taxonomy":"product_tag","embeddable":true,"href":"https:\/\/zaharascents.me\/me\/wp-json\/wp\/v2\/product_tag?post=5052"}],"curies":[{"name":"wp","href":"https:\/\/api.w.org\/{rel}","templated":true}]}}