{"id":5065,"date":"2026-03-20T17:10:44","date_gmt":"2026-03-20T17:10:44","guid":{"rendered":"https:\/\/zaharascents.me\/?post_type=product&#038;p=5065"},"modified":"2026-05-10T15:44:38","modified_gmt":"2026-05-10T15:44:38","slug":"paris-corner-dulzura","status":"publish","type":"product","link":"https:\/\/zaharascents.me\/me\/shop\/paris-corner-dulzura\/","title":{"rendered":"Paris Corner Dulzura"},"content":{"rendered":"<h5>Neodoljivi potpis luksuzne slatko\u0107e<\/h5>\n<p class=\"translation-block\"><strong>Paris Corner Dulzura<\/strong> je predivno razigrana, duboko ugodna i majstorski kreirana parfemska voda koja slavi slatko\u0107u uz uzbudljiv, neo\u010dekivan preokret. Dizajniran za hrabru, modernu \u017eenu koja obo\u017eava bogat, luksuzan i neosporno zadivljuju\u0107i parfem, ovaj parfem iznova osmi\u0161ljava koncept ugodnosti. Uz glatke, bar\u0161unaste i dugotrajne performanse, Dulzura plete primamljiv oblak kremastih deserta, toplih za\u010dina i senzualnog mo\u0161usa, \u010dine\u0107i ga visoko zavisnim potpisom koji ostavlja predivan, nezaboravan utisak.<\/p>\n<h5>Mirisni profil i kompozicija<\/h5>\n<p>Putovanje po\u010dinje izuzetno intrigantnim i smjelim uvodom. Iznena\u0111uju\u0107e topao udar crnog bibera besprekorno je ubla\u017een bogatom, kremastom o\u0161trinom mla\u0107enice. Ovaj dinami\u010dni, neodoljivi po\u010detak djeluje kao \u017eivopisna udica, savr\u0161eno balansiraju\u0107i po\u010detni za\u010din sa glatkom, mlije\u010dnom slatko\u0107om koja vas trenutno privla\u010di.<\/p>\n<p>Kako se parfem razvija, srce otkriva spektakularno ukusno i dekadentno jezgro. Kompozicija se otvara u pekarsku fantaziju, nude\u0107i duboko ugodnu aromu svje\u017ee pe\u010denog, mekanog kola\u010da, elegantno slojevitog sa glatkom vanilom i bogatim kremom. Ova besprekorno kreirana srednja faza djeluje kao visoko-oktanski most, osiguravaju\u0107i da parfem ostane dekadentan bez da ikada postane previ\u0161e te\u017eak.<\/p>\n<p>U svojim zavr\u0161nim fazama, kompozicija se spu\u0161ta u izvanredno privla\u010dnu i magneti\u010dnu osnovu. Duboko topli talas zlatnog ambera stapa se besprekorno u bazu mekog, \u010distog mo\u0161usa. Ovaj vi\u0161eslojni fini\u0161 stopljen sa ko\u017eom obavija slatke gurmanske note u senzualan, trajan zagrljaj koji ostaje sa vama od dana do no\u0107i.<\/p>","protected":false},"excerpt":{"rendered":"<p><strong>PARIS CORNER KOLEKCIJA<\/strong><\/p>\n<p><strong>Za nju \/ Eau De Parfum \/ 100ml<\/strong><\/p>\n<p><strong>Inspiracija: <\/strong>Cirque du Soleil L&#8217;eau de Parfum<\/p>\n<p><strong>Mirisni profil: <\/strong>Gurmanski, Slatki, Mo\u0161usni<\/p>\n<p><strong>Gornje note: <\/strong>Crni biber, Mla\u0107enica<br \/>\n<strong>Srednje note: <\/strong>Kola\u010d, Vanila, Krem<br \/>\n<strong>Bazne note: <\/strong>Amber, Mo\u0161us<\/p>","protected":false},"featured_media":5180,"template":"","meta":[],"product_brand":[180],"product_cat":[90,104,85],"product_tag":[188],"class_list":{"0":"post-5065","1":"product","2":"type-product","3":"status-publish","4":"has-post-thumbnail","6":"product_brand-paris-corner","7":"product_cat-eau-de-parfum","8":"product_cat-for-her","9":"product_cat-perfumes","10":"product_tag-paris-corner","12":"first","13":"instock","14":"taxable","15":"shipping-taxable","16":"purchasable","17":"product-type-variable"},"_links":{"self":[{"href":"https:\/\/zaharascents.me\/me\/wp-json\/wp\/v2\/product\/5065","targetHints":{"allow":["GET"]}}],"collection":[{"href":"https:\/\/zaharascents.me\/me\/wp-json\/wp\/v2\/product"}],"about":[{"href":"https:\/\/zaharascents.me\/me\/wp-json\/wp\/v2\/types\/product"}],"wp:featuredmedia":[{"embeddable":true,"href":"https:\/\/zaharascents.me\/me\/wp-json\/wp\/v2\/media\/5180"}],"wp:attachment":[{"href":"https:\/\/zaharascents.me\/me\/wp-json\/wp\/v2\/media?parent=5065"}],"wp:term":[{"taxonomy":"product_brand","embeddable":true,"href":"https:\/\/zaharascents.me\/me\/wp-json\/wp\/v2\/product_brand?post=5065"},{"taxonomy":"product_cat","embeddable":true,"href":"https:\/\/zaharascents.me\/me\/wp-json\/wp\/v2\/product_cat?post=5065"},{"taxonomy":"product_tag","embeddable":true,"href":"https:\/\/zaharascents.me\/me\/wp-json\/wp\/v2\/product_tag?post=5065"}],"curies":[{"name":"wp","href":"https:\/\/api.w.org\/{rel}","templated":true}]}}