{"id":5075,"date":"2026-03-20T17:54:15","date_gmt":"2026-03-20T17:54:15","guid":{"rendered":"https:\/\/zaharascents.me\/?post_type=product&#038;p=5075"},"modified":"2026-04-24T01:22:55","modified_gmt":"2026-04-24T01:22:55","slug":"pariz-kutak-cudo-od-djeteta-crni","status":"publish","type":"product","link":"https:\/\/zaharascents.me\/me\/shop\/paris-corner-prodigy-noir\/","title":{"rendered":"Paris Corner Prodigy Noir"},"content":{"rendered":"<h5>Opojni nektar za\u010dinjene karamele<\/h5>\n<p><strong>Paris Corner Prodigy Noir<\/strong> Intenzivno o\u010daravaju\u0107i, dekadentan i majstorski izra\u0111en Eau de Parfum, osmi\u0161ljen kao ultimativna oda eleganciji i misteriji. Kreiran za odva\u017enu, profinjenu osobu koja voli ostaviti nezaboravan, luksuzan dojam, ovaj miris vas obavija toplim, zavodljivim zagrljajem. Prenose\u0107i DNK jednog od najekskluzivnijih i najskupljih tamnih gurmanskih mirisa u ni\u0161nom svijetu, Prodigy Noir tka slojeviti oblak gorko-slatkih poslastica, bujnog vo\u0107a i senzualnog drve\u0107a, \u010dine\u0107i ga iznimnim potpisnim mirisom za ve\u010dernje doga\u0111aje, romanti\u010dne spojeve i hladnije no\u0107i.<\/p>\n<h5>Mirisni profil i kompozicija<\/h5>\n<p>Putovanje zapo\u010dinje iznimno \u017eivopisnim i intrigantnim uvodom. Sjajan nalet svje\u017eeg bergamota besprijekorno je obavijen dubokom, privla\u010dnom toplinom toplih za\u010dina i rasko\u0161nom, blago trpkom slatko\u0107om marelica. Ovaj dinami\u010dni po\u010detak djeluje poput \u017eivopisnog mamca, trenuta\u010dno privla\u010de\u0107i pa\u017enju savr\u0161enim kontrastom svje\u017eine i mra\u010dne topline.<\/p>\n<p>Kako se miris razvija, srce otkriva spektakularnu rasko\u0161nu i ukusnu jezgru. Kompozicija se razvija dekadentnom mje\u0161avinom bar\u0161unaste ru\u017ee, bogatog karamela i gorko-slatke \u010dokolade, sve savr\u0161eno zagla\u0111eno puderastom elegancijom Tonka zrna. Ova besprijekorno izra\u0111ena srednja faza djeluje kao visoko oktanski most, donose\u0107i pe\u010deno, slatko i duboko misteriozno niche iskustvo koje se topi na ko\u017ei.<\/p>\n<p>U svojim zavr\u0161nim fazama, kompozicija se spu\u0161ta u izrazito dra\u017eesan i mo\u0107an temelj. Duboko topao val senzualne vanilije i bar\u0161unastog ka\u0161merana lijepo je ukotvljen robusnom, uzemljuju\u0107om elegancijom cedrovine, jantara i \u010distog mo\u0161usa. Ovaj vi\u0161estruki, umiruju\u0107i dry-down osigurava dugotrajan, hipnoti\u010dki potpis koji je potpuno o\u010daravaju\u0107i i bez napora \u0161ik.<\/p>","protected":false},"excerpt":{"rendered":"<p><strong>PRODIGY KOLEKCIJA<\/strong><\/p>\n<p><strong>Unisex \/ Eau De Parfum \/ 100ml<\/strong><\/p>\n<p><strong>Inspiracija: <\/strong>Fragrance Du Bois Minuit et Demi<\/p>\n<p><strong>Mirisni profil: <\/strong>Gurmanski, Za\u010dinski, Amberni<\/p>\n<p><strong>Gornje note: <\/strong>Bergamot, Topli za\u010dini, Kajsija<br \/>\n<strong>Srednje note: <\/strong>Ru\u017ea, Karamela, \u010cokolada, Tonka<br \/>\n<strong>Bazne note: <\/strong>Vanila, Cashmeran, Kedrovina, Amber, Mo\u0161us<\/p>","protected":false},"featured_media":5176,"template":"","meta":[],"product_brand":[180],"product_cat":[90,85,105],"product_tag":[188,201],"class_list":{"0":"post-5075","1":"product","2":"type-product","3":"status-publish","4":"has-post-thumbnail","6":"product_brand-paris-corner","7":"product_cat-eau-de-parfum","8":"product_cat-perfumes","9":"product_cat-unisex","10":"product_tag-paris-corner","11":"product_tag-prodigy-collection","13":"first","14":"instock","15":"featured","16":"taxable","17":"shipping-taxable","18":"purchasable","19":"product-type-variable"},"_links":{"self":[{"href":"https:\/\/zaharascents.me\/me\/wp-json\/wp\/v2\/product\/5075","targetHints":{"allow":["GET"]}}],"collection":[{"href":"https:\/\/zaharascents.me\/me\/wp-json\/wp\/v2\/product"}],"about":[{"href":"https:\/\/zaharascents.me\/me\/wp-json\/wp\/v2\/types\/product"}],"wp:featuredmedia":[{"embeddable":true,"href":"https:\/\/zaharascents.me\/me\/wp-json\/wp\/v2\/media\/5176"}],"wp:attachment":[{"href":"https:\/\/zaharascents.me\/me\/wp-json\/wp\/v2\/media?parent=5075"}],"wp:term":[{"taxonomy":"product_brand","embeddable":true,"href":"https:\/\/zaharascents.me\/me\/wp-json\/wp\/v2\/product_brand?post=5075"},{"taxonomy":"product_cat","embeddable":true,"href":"https:\/\/zaharascents.me\/me\/wp-json\/wp\/v2\/product_cat?post=5075"},{"taxonomy":"product_tag","embeddable":true,"href":"https:\/\/zaharascents.me\/me\/wp-json\/wp\/v2\/product_tag?post=5075"}],"curies":[{"name":"wp","href":"https:\/\/api.w.org\/{rel}","templated":true}]}}