{"id":5129,"date":"2026-03-20T22:04:59","date_gmt":"2026-03-20T22:04:59","guid":{"rendered":"https:\/\/zaharascents.me\/?post_type=product&#038;p=5129"},"modified":"2026-05-10T17:33:35","modified_gmt":"2026-05-10T17:33:35","slug":"paris-corner-emir-resurrection","status":"publish","type":"product","link":"https:\/\/zaharascents.me\/me\/shop\/paris-corner-emir-resurrection\/","title":{"rendered":"Paris Corner Emir Resurrection"},"content":{"rendered":"<h5>Nepogre\u0161ivi potpis gospodske elegancije<\/h5>\n<p class=\"translation-block\"><strong>Paris Corner Emir Resurrection<\/strong> je duboko sofisticirana, blistava i majstorski kreirana parfemska voda dizajnirana za modernog d\u017eentlmena. Savr\u0161en za samouvjerenog, prefinjenog mu\u0161karca koji zahtijeva luksuz bez da bude napadan, ovaj parfem nudi jedinstveno \"evropsko\" vi\u0111enje tradicionalnog ouda. Uz savr\u0161eno izbalansirane i dugotrajne performanse, Resurrection plete kompleksan oblak suncem okupanih citrusa, aromati\u010dnih za\u010dina i dubokog, aristokratskog drveta, \u010dine\u0107i ga ultimativnim potpisom za profesionalna okru\u017eenja, formalne doga\u0111aje i svakodnevnu eleganciju.<\/p>\n<h5>Mirisni profil i kompozicija<\/h5>\n<p>Putovanje po\u010dinje izuzetno svijetlim i podi\u017eu\u0107im uvodom. Blistav, osve\u017eavaju\u0107i nalet svje\u017eeg kalabrijskog bergamota i sun\u010dane italijanske narand\u017ee stvara blistav, klasi\u010dan po\u010detak. Ova dinami\u010dna, vibrantna udica trenutno privla\u010di pa\u017enju, evociraju\u0107i osje\u0107aj svje\u017eeg, suncem okupanog mediteranskog jutra.<\/p>\n<p>Kako se parfem razvija, srce otkriva spektakularno prefinjeno i drveno jezgro. Kompozicija uvodi dragocjenu, duboku rezonancu agar drveta (ouda), savr\u0161eno ubla\u017eenu kremastom, balzami\u010dnom elegancijom amirisa i suptilnim, za\u010dinskim udarom korijandera. Ova besprekorno kreirana srednja faza djeluje kao visoko-oktanski most, pretvaraju\u0107i citrusnu svje\u017einu u visoko sofisticiranu, veli\u010danstvenu toplinu.<\/p>\n<p>U svojim zavr\u0161nim fazama, kompozicija se spu\u0161ta u izvanredno trajnu i mu\u0161ku osnovu. Duboko autoritativan talas meke ko\u017ee i o\u0161trog atlas kedra predivno je usidren glatkom, uzemljuju\u0107om elegancijom sandalovine, mo\u0161usa i zemljanog lista indone\u017eanskog pa\u010dulija. Ovaj vi\u0161eslojni, luksuzni fini\u0161 osigurava trajan potpis koji zra\u010di \u010distom klasom i nepogre\u0161ivim samopouzdanjem.<\/p>","protected":false},"excerpt":{"rendered":"<p><strong>EMIR COLLECTION<\/strong><\/p>\n<p><strong>Unisex \/ Extrait De Parfum \/ 100ml<\/strong><\/p>\n<p><strong>Inspiracija: <\/strong>Acqua di Parma Colonia Oud<\/p>\n<p><strong>Mirisni profil: <\/strong>Drveni, Citrusni, Ko\u017eni<\/p>\n<p><strong>Gornje note: <\/strong>Kalabrijski bergamot, Italijanska narand\u017ea<br \/>\n<strong>Srednje note: <\/strong>Agar drvo (Oud), Amiris, Korijander<br \/>\n<strong>Bazne note: <\/strong>Ko\u017ea, Atlas kedar, Sandalovina, Mo\u0161us, List indone\u017eanskog pa\u010dulija<\/p>","protected":false},"featured_media":5169,"template":"","meta":[],"product_brand":[180],"product_cat":[91,85,105],"product_tag":[202,188],"class_list":{"0":"post-5129","1":"product","2":"type-product","3":"status-publish","4":"has-post-thumbnail","6":"product_brand-paris-corner","7":"product_cat-extrait-de-parfum","8":"product_cat-perfumes","9":"product_cat-unisex","10":"product_tag-emir-collection","11":"product_tag-paris-corner","13":"first","14":"instock","15":"taxable","16":"shipping-taxable","17":"purchasable","18":"product-type-variable"},"_links":{"self":[{"href":"https:\/\/zaharascents.me\/me\/wp-json\/wp\/v2\/product\/5129","targetHints":{"allow":["GET"]}}],"collection":[{"href":"https:\/\/zaharascents.me\/me\/wp-json\/wp\/v2\/product"}],"about":[{"href":"https:\/\/zaharascents.me\/me\/wp-json\/wp\/v2\/types\/product"}],"wp:featuredmedia":[{"embeddable":true,"href":"https:\/\/zaharascents.me\/me\/wp-json\/wp\/v2\/media\/5169"}],"wp:attachment":[{"href":"https:\/\/zaharascents.me\/me\/wp-json\/wp\/v2\/media?parent=5129"}],"wp:term":[{"taxonomy":"product_brand","embeddable":true,"href":"https:\/\/zaharascents.me\/me\/wp-json\/wp\/v2\/product_brand?post=5129"},{"taxonomy":"product_cat","embeddable":true,"href":"https:\/\/zaharascents.me\/me\/wp-json\/wp\/v2\/product_cat?post=5129"},{"taxonomy":"product_tag","embeddable":true,"href":"https:\/\/zaharascents.me\/me\/wp-json\/wp\/v2\/product_tag?post=5129"}],"curies":[{"name":"wp","href":"https:\/\/api.w.org\/{rel}","templated":true}]}}