{"id":5130,"date":"2026-03-20T22:03:41","date_gmt":"2026-03-20T22:03:41","guid":{"rendered":"https:\/\/zaharascents.me\/?post_type=product&#038;p=5130"},"modified":"2026-05-10T17:23:56","modified_gmt":"2026-05-10T17:23:56","slug":"paris-corner-emir-celestial","status":"publish","type":"product","link":"https:\/\/zaharascents.me\/me\/shop\/paris-corner-emir-celestial\/","title":{"rendered":"Emir Nebeski Paris Corner"},"content":{"rendered":"<h5>Apsolutna \u010disto\u0107a kosmi\u010dke elegancije<\/h5>\n<p class=\"translation-block\"><strong>Paris Corner Emir Celestial<\/strong> je izvanredno jedinstven, visoko sofisticiran i majstorski kreiran parfem koji redefini\u0161e modernu niche parfimeriju. Dizajniran za hrabru, vizionarsku osobu koja \u017eeli da se izdvoji iz mase, ovaj parfem vas poziva da iskusite luksuz zaista egzoti\u010dne, vanzemaljske kompozicije. Uz nevjerovatno dugotrajne, blistave performanse, Celestial plete apstraktan oblak prozra\u010dnih minerala, za\u010dinske topline i luksuzne ko\u017ee, \u010dine\u0107i ga izuzetnim potpisom koji privla\u010di pa\u017enju i uzdi\u017ee va\u0161u svakodnevicu.<\/p>\n<h5>Mirisni profil i kompozicija<\/h5>\n<p>Putovanje po\u010dinje izuzetno svijetlim i neo\u010dekivanim uvodom. Blistav, poletan nalet italijanske mandarine besprekorno je u kontrastu sa svje\u017eom, zelenom elegancijom lista ljubi\u010dice i visoko prepoznatljivim mineralnim notama. Ovaj dinami\u010dni po\u010detak, koji podsje\u0107a na ozon, djeluje kao \u017eivopisna udica, trenutno privla\u010de\u0107i pa\u017enju svojim \u010distim, futuristi\u010dkim i blistavim karakterom.<\/p>\n<p>Kako se parfem razvija, srce otkriva spektakularno prefinjeno i duboko privla\u010dno jezgro. Kompozicija se otvara rasko\u0161nom, za\u010dinskom toplinom \u0161afrana i jedinstvenom, biljnom slatko\u0107om smilja. Ova besprekorno kreirana srednja faza predivno je isprepletena mekom, teksturalnom elegancijom kineskog osmantusa, dodaju\u0107i suptilnu cvjetnu nijansu apstraktnoj strukturi.<\/p>\n<p>U svojim zavr\u0161nim fazama, kompozicija se spu\u0161ta u izvanredno privla\u010dnu i mo\u0107nu osnovu. Duboko gladak, luksuzan talas bar\u0161unastog antilopa predivno je usidren o\u0161trom, \u010distom i drvenom snagom Akigala drveta. Ovaj vi\u0161eslojni, duboko moderni fini\u0161 osigurava trajan potpis koji ostavlja zadivljuju\u0107i, privla\u010dan i potpuno nezaboravan trag gdje god da krenete.<\/p>","protected":false},"excerpt":{"rendered":"<p><strong>EMIR COLLECTION<\/strong><\/p>\n<p><strong>Za Njega \/ Extrait De Parfum \/ 100ml<\/strong><\/p>\n<p><strong>Inspiracija: <\/strong>Marc-Antoine Barrois Ganymede<\/p>\n<p><strong>Mirisni profil: <\/strong>Drveni, Za\u010dinski, Ko\u017eni<\/p>\n<p><strong>Gornje note: <\/strong>Mineralne note, Italijanska mandarina, List ljubi\u010dice<br \/>\n<strong>Srednje note: <\/strong>\u0160afran, Smilje, Kineski osmantus<br \/>\n<strong>Bazne note: <\/strong>Jelenska ko\u017ea, Akigala drvo<\/p>","protected":false},"featured_media":5171,"template":"","meta":[],"product_brand":[180],"product_cat":[91,103,85],"product_tag":[202,188],"class_list":{"0":"post-5130","1":"product","2":"type-product","3":"status-publish","4":"has-post-thumbnail","6":"product_brand-paris-corner","7":"product_cat-extrait-de-parfum","8":"product_cat-for-him","9":"product_cat-perfumes","10":"product_tag-emir-collection","11":"product_tag-paris-corner","13":"first","14":"instock","15":"taxable","16":"shipping-taxable","17":"purchasable","18":"product-type-variable"},"_links":{"self":[{"href":"https:\/\/zaharascents.me\/me\/wp-json\/wp\/v2\/product\/5130","targetHints":{"allow":["GET"]}}],"collection":[{"href":"https:\/\/zaharascents.me\/me\/wp-json\/wp\/v2\/product"}],"about":[{"href":"https:\/\/zaharascents.me\/me\/wp-json\/wp\/v2\/types\/product"}],"wp:featuredmedia":[{"embeddable":true,"href":"https:\/\/zaharascents.me\/me\/wp-json\/wp\/v2\/media\/5171"}],"wp:attachment":[{"href":"https:\/\/zaharascents.me\/me\/wp-json\/wp\/v2\/media?parent=5130"}],"wp:term":[{"taxonomy":"product_brand","embeddable":true,"href":"https:\/\/zaharascents.me\/me\/wp-json\/wp\/v2\/product_brand?post=5130"},{"taxonomy":"product_cat","embeddable":true,"href":"https:\/\/zaharascents.me\/me\/wp-json\/wp\/v2\/product_cat?post=5130"},{"taxonomy":"product_tag","embeddable":true,"href":"https:\/\/zaharascents.me\/me\/wp-json\/wp\/v2\/product_tag?post=5130"}],"curies":[{"name":"wp","href":"https:\/\/api.w.org\/{rel}","templated":true}]}}