{"id":5142,"date":"2026-03-20T22:05:37","date_gmt":"2026-03-20T22:05:37","guid":{"rendered":"https:\/\/zaharascents.me\/?post_type=product&#038;p=5142"},"modified":"2026-04-24T23:37:59","modified_gmt":"2026-04-24T23:37:59","slug":"paris-corner-emir-fascination","status":"publish","type":"product","link":"https:\/\/zaharascents.me\/me\/shop\/paris-corner-emir-fascination\/","title":{"rendered":"Paris Corner Emir Fascination"},"content":{"rendered":"<h5>Apsolutni vrhunac drvene dekadencije<\/h5>\n<p class=\"translation-block\"><strong>Paris Corner Emir Fascination<\/strong> je duboko rasko\u0161na, blistava i majstorski kreirana parfemska voda koja potpuno redefini\u0161e koncept drvene elegancije. Dizajniran za sofisticiranu osobu koja cijeni pravi luksuz i prefinjenost, ovaj parfem je smjela izjava klase i ekskluzivnosti. Uz bogate, dugotrajne i komanduju\u0107e performanse, Fascination plete veli\u010danstven oblak svijetlih citrusa, romanti\u010dnog cvije\u0107a i dubokog, senzualnog drveta, \u010dine\u0107i ga ultimativnim potpisom za posebne prilike ili kad god \u017eelite da svoju svakodnevicu uzdignete do neobi\u010dnog.<\/p>\n<h5>Mirisni profil i kompozicija<\/h5>\n<p>Putovanje po\u010dinje izuzetno vibrantnim i energizuju\u0107im uvodom. Blistav, osve\u017eavaju\u0107i nalet svijetle mandarine, hrskavog bergamota i poletnog grejpfruta trenutno budi \u010dula. Ovaj dinami\u010dni citrusni po\u010detak djeluje kao \u017eivopisna udica, savr\u0161eno pripremaju\u0107i scenu za duboko rasko\u0161ne slojeve koji slijede.<\/p>\n<p>Kako se parfem razvija, srce otkriva spektakularno bujno i prefinjeno jezgro. Kompozicija se otvara neospornom elegancijom premium Damask ru\u017ee, predivno oboga\u0107enom so\u010dnom, tamnom slatko\u0107om crne ribizle. Ova besprekorno kreirana srednja faza djeluje kao visoko-oktanski most, ulivaju\u0107i u svijetlo otvaranje duboko romanti\u010dnu, luksuznu cvjetnu dubinu koja nikada ne gu\u0161i.<\/p>\n<p>U svojim zavr\u0161nim fazama, kompozicija se spu\u0161ta u izvanredno privla\u010dnu i mo\u0107nu osnovu. Duboko topli, autoritativni talas zemljanog pa\u010dulija i kremaste sandalovine predivno je usidren glatkom, slatkom elegancijom vanile i senzualnog labdanuma. Ovaj vi\u0161eslojni, drveni fini\u0161 obavija ko\u017eu dugotrajnim, pozivaju\u0107im zagrljajem, ostavljaju\u0107i nevjerovatno zavodljiv i samouvjeren trag \u010distog mo\u0161usa.<\/p>","protected":false},"excerpt":{"rendered":"<p><strong>EMIR COLLECTION<\/strong><\/p>\n<p><strong>Unisex \/ Extrait De Parfum \/ 100ml<\/strong><\/p>\n<p><strong>Inspiracija: <\/strong>Xerjoff Richwood<\/p>\n<p><strong>Mirisni profil: <\/strong>Drveni, Chypre, Amberni<\/p>\n<p><strong>Gornje note: <\/strong>Mandarina (Tangerina), Bergamot, Grejpfrut<br \/>\n<strong>Srednje note: <\/strong>Damask ru\u017ea, Crna ribizla<br \/>\n<strong>Bazne note: <\/strong>Pa\u010duli, Sandalovina, Vanila, Labdanum, Mo\u0161us<\/p>","protected":false},"featured_media":5164,"template":"","meta":[],"product_brand":[180],"product_cat":[91,85,105],"product_tag":[202,188],"class_list":{"0":"post-5142","1":"product","2":"type-product","3":"status-publish","4":"has-post-thumbnail","6":"product_brand-paris-corner","7":"product_cat-extrait-de-parfum","8":"product_cat-perfumes","9":"product_cat-unisex","10":"product_tag-emir-collection","11":"product_tag-paris-corner","13":"first","14":"instock","15":"taxable","16":"shipping-taxable","17":"purchasable","18":"product-type-variable"},"_links":{"self":[{"href":"https:\/\/zaharascents.me\/me\/wp-json\/wp\/v2\/product\/5142","targetHints":{"allow":["GET"]}}],"collection":[{"href":"https:\/\/zaharascents.me\/me\/wp-json\/wp\/v2\/product"}],"about":[{"href":"https:\/\/zaharascents.me\/me\/wp-json\/wp\/v2\/types\/product"}],"wp:featuredmedia":[{"embeddable":true,"href":"https:\/\/zaharascents.me\/me\/wp-json\/wp\/v2\/media\/5164"}],"wp:attachment":[{"href":"https:\/\/zaharascents.me\/me\/wp-json\/wp\/v2\/media?parent=5142"}],"wp:term":[{"taxonomy":"product_brand","embeddable":true,"href":"https:\/\/zaharascents.me\/me\/wp-json\/wp\/v2\/product_brand?post=5142"},{"taxonomy":"product_cat","embeddable":true,"href":"https:\/\/zaharascents.me\/me\/wp-json\/wp\/v2\/product_cat?post=5142"},{"taxonomy":"product_tag","embeddable":true,"href":"https:\/\/zaharascents.me\/me\/wp-json\/wp\/v2\/product_tag?post=5142"}],"curies":[{"name":"wp","href":"https:\/\/api.w.org\/{rel}","templated":true}]}}