{"id":5202,"date":"2026-03-23T00:03:11","date_gmt":"2026-03-23T00:03:11","guid":{"rendered":"https:\/\/zaharascents.me\/?post_type=product&#038;p=5202"},"modified":"2026-04-27T21:25:24","modified_gmt":"2026-04-27T21:25:24","slug":"lattafa-yara","status":"publish","type":"product","link":"https:\/\/zaharascents.me\/me\/shop\/lattafa-yara\/","title":{"rendered":"Lattafa Yara"},"content":{"rendered":"<h5>Viralni san o milk\u0161ejku u bo\u010dici<\/h5>\n<p class=\"translation-block\"><p><strong>Lattafa Yara<\/strong> je globalno proslavljena, predivno slatka i neodoljivo ugodna parfemska voda koja savr\u0161eno hvata esenciju moderne \u017eenstvenosti. Poznat po svojoj viralnoj senzaciji i univerzalno voljenoj \"ru\u017ei\u010dastoj estetici\", ovaj parfem je ultimativno meko gurmansko iskustvo. Hvale\u0107i se glatkim, bar\u0161unastim i predivno blistavim performansama, Yara plete oblak od kog krene voda na usta, ispunjen kremastim desertima, tropskom svje\u017einom i puderastim cvije\u0107em, \u010dine\u0107i ga savr\u0161enim parfemskim potpisom za svakodnevno no\u0161enje, romanti\u010dne sastanke ili jednostavno kada \u017eelite da se osje\u0107ate \u0161armantno bez napora.<\/p><\/p>\n<h5>Mirisni profil i kompozicija<\/h5>\n<p>Putovanje po\u010dinje izuzetno mekim, puderastim i podi\u017eu\u0107im uvodom. Delikatan cvjetni \u0161apat elegantne orhideje i puderastog heliotropa besprekorno je osvijetljen poletnim dodirom mandarine. Ovaj nje\u017ean, pozivaju\u0107i uvod djeluje kao \u017eivopisna udica, trenutno vas obavijaju\u0107i u oblak \u010diste, \u017eenstvene elegancije.<\/p>\n<p>Kako se parfem razvija, srce otkriva spektakularno ukusno i kremasto jezgro. Kompozicija se razvija u pekarovu fantaziju, nude\u0107i bogat, so\u010dan gurmanski akord koji savr\u0161eno opona\u0161a slast milk\u0161ejka od jagode i vanile. Ova besprekorno kreirana srednja faza predivno je pro\u017eeta vibrantnom, sun\u010danom slatko\u0107om tropskog vo\u0107a, djeluju\u0107i kao visoko-oktanski most koji parfemu daje njegov razigran, zavisan karakter.<\/p>\n<p>U svojim zavr\u0161nim fazama, kompozicija se spu\u0161ta u izvanredno privla\u010dnu i ugodnu osnovu. Duboko topli talas kremaste vanile predivno je usidren glatkom, uzemljuju\u0107om elegancijom sandalovine i mekog mo\u0161usa. Ovaj vi\u0161eslojni fini\u0161 koji prijanja uz ko\u017eu osigurava trajan potpis koji ostaje nevjerovatno ugodan, sladak i pozivaju\u0107i tokom cijelog dana.<\/p>","protected":false},"excerpt":{"rendered":"<p><strong>YARA KOLEKCIJA<\/strong><\/p>\n<p><strong>Za nju \/ Eau De Parfum \/ 100ml<\/strong><\/p>\n<p><strong>Mirisni profil: <\/strong>Gurmanski, Tropski, Puderasti<\/p>\n<p><strong>Gornje note: <\/strong>Orhideja, Heliotrop, Mandarina<br \/>\n<strong>Srednje note: <\/strong>Gurmanski akord, Tropsko vo\u0107e<br \/>\n<strong>Bazne note: <\/strong>Vanila, Mo\u0161us, Sandalovina<\/p>","protected":false},"featured_media":5214,"template":"","meta":[],"product_brand":[178],"product_cat":[90,104,85],"product_tag":[203,204],"class_list":{"0":"post-5202","1":"product","2":"type-product","3":"status-publish","4":"has-post-thumbnail","6":"product_brand-lattafa","7":"product_cat-eau-de-parfum","8":"product_cat-for-her","9":"product_cat-perfumes","10":"product_tag-lattafa","11":"product_tag-yara-collection","13":"first","14":"instock","15":"taxable","16":"shipping-taxable","17":"purchasable","18":"product-type-variable"},"_links":{"self":[{"href":"https:\/\/zaharascents.me\/me\/wp-json\/wp\/v2\/product\/5202","targetHints":{"allow":["GET"]}}],"collection":[{"href":"https:\/\/zaharascents.me\/me\/wp-json\/wp\/v2\/product"}],"about":[{"href":"https:\/\/zaharascents.me\/me\/wp-json\/wp\/v2\/types\/product"}],"wp:featuredmedia":[{"embeddable":true,"href":"https:\/\/zaharascents.me\/me\/wp-json\/wp\/v2\/media\/5214"}],"wp:attachment":[{"href":"https:\/\/zaharascents.me\/me\/wp-json\/wp\/v2\/media?parent=5202"}],"wp:term":[{"taxonomy":"product_brand","embeddable":true,"href":"https:\/\/zaharascents.me\/me\/wp-json\/wp\/v2\/product_brand?post=5202"},{"taxonomy":"product_cat","embeddable":true,"href":"https:\/\/zaharascents.me\/me\/wp-json\/wp\/v2\/product_cat?post=5202"},{"taxonomy":"product_tag","embeddable":true,"href":"https:\/\/zaharascents.me\/me\/wp-json\/wp\/v2\/product_tag?post=5202"}],"curies":[{"name":"wp","href":"https:\/\/api.w.org\/{rel}","templated":true}]}}