{"id":5206,"date":"2026-03-23T00:05:26","date_gmt":"2026-03-23T00:05:26","guid":{"rendered":"https:\/\/zaharascents.me\/?post_type=product&#038;p=5206"},"modified":"2026-03-26T23:03:54","modified_gmt":"2026-03-26T23:03:54","slug":"lattafa-yara-elixir","status":"publish","type":"product","link":"https:\/\/zaharascents.me\/me\/shop\/lattafa-yara-elixir\/","title":{"rendered":"Lattafa Yara Elixir"},"content":{"rendered":"<h5>Opojni u\u017eitak bogate karamele i slatke jagode<\/h5>\n<p class=\"translation-block\"><p><strong>Lattafa Yara Elixir<\/strong> je o\u010daravaju\u0107a, duboko slatka i neodoljivo opojna parfemska voda koja podi\u017ee ikoni\u010dni Yara DNK na potpuno novi nivo u\u017eitka. Dizajniran za odva\u017enu, modernu \u017eenu koja voli da ostavlja nezaboravan trag od kog krene voda na usta, ovaj parfem je ultimativni gurman za no\u0107ne izlaske i hladnije vrijeme. Hvale\u0107i se nevjerovatno dugotrajnim i blistavim performansama, Yara Elixir plete kompleksan oblak pr\u017eenih sljezovih kola\u010di\u0107a (marshmallows), so\u010dnih bobica i bogate karamele, \u010dine\u0107i ga apsolutnim magnetom za komplimente i parfemom za kojim se svi okre\u0107u.<\/p><\/p>\n<h5>Mirisni profil i kompozicija<\/h5>\n<p>The journey begins with an exceptionally playful and addictive introduction. A radiant, mouth-watering burst of juicy Black Currant is flawlessly intertwined with the cozy, roasted sweetness of Strawberry S\u2019mores. This dynamic, dessert-like opening acts as a vivid hook, instantly capturing attention and wrapping you in a warm, sugary embrace.<\/p>\n<p>Kako se parfem razvija, srce otkriva spektakularno elegantno i \u017eenstveno jezgro. Kompozicija se otvara blistavim buketom delikatnog jasmina i svijetlog cvijeta narand\u017ee. Ova besprekorno kreirana srednja faza djeluje kao visoko-oktanski most, savr\u0161eno presijecaju\u0107i po\u010detnu slatko\u0107u i dodaju\u0107i sofisticiranu, kremastu cvjetnu tenziju parfemu.<\/p>\n<p>U svojim zavr\u0161nim fazama, kompozicija se spu\u0161ta u izvanredno privla\u010dnu i sna\u017enu osnovu. Duboko topao, autoritativan talas otopljene karamele i bogate vanile predivno je usidren mekom, magneti\u010dnom privla\u010dno\u0161\u0107u ambera i \u010distog mo\u0161usa. Ovaj vi\u0161eslojni, visoko zavisni fini\u0161 osigurava trajan potpis koji zra\u010di \u010distim luksuzom, toplinom i senzualnim samopouzdanjem.<\/p>","protected":false},"excerpt":{"rendered":"<p><strong>YARA KOLEKCIJA<\/strong><\/p>\n<p><strong>Za nju \/ Eau De Parfum \/ 100ml<\/strong><\/p>\n<p><strong>Mirisni profil: <\/strong>Gurmanski, Vo\u0107ni, Amberni<\/p>\n<p><strong>Gornje note: <\/strong>S'mores od jagode, Crna ribizla<br \/>\n<strong>Srednje note: <\/strong>Cvijet narand\u017ee, Jasmin<br \/>\n<strong>Bazne note: <\/strong>Vanila, Karamela, Amber, Mo\u0161us<\/p>","protected":false},"featured_media":5218,"template":"","meta":[],"product_brand":[178],"product_cat":[90,104,85],"product_tag":[203,204],"class_list":{"0":"post-5206","1":"product","2":"type-product","3":"status-publish","4":"has-post-thumbnail","6":"product_brand-lattafa","7":"product_cat-eau-de-parfum","8":"product_cat-for-her","9":"product_cat-perfumes","10":"product_tag-lattafa","11":"product_tag-yara-collection","13":"first","14":"instock","15":"taxable","16":"shipping-taxable","17":"purchasable","18":"product-type-variable"},"_links":{"self":[{"href":"https:\/\/zaharascents.me\/me\/wp-json\/wp\/v2\/product\/5206","targetHints":{"allow":["GET"]}}],"collection":[{"href":"https:\/\/zaharascents.me\/me\/wp-json\/wp\/v2\/product"}],"about":[{"href":"https:\/\/zaharascents.me\/me\/wp-json\/wp\/v2\/types\/product"}],"wp:featuredmedia":[{"embeddable":true,"href":"https:\/\/zaharascents.me\/me\/wp-json\/wp\/v2\/media\/5218"}],"wp:attachment":[{"href":"https:\/\/zaharascents.me\/me\/wp-json\/wp\/v2\/media?parent=5206"}],"wp:term":[{"taxonomy":"product_brand","embeddable":true,"href":"https:\/\/zaharascents.me\/me\/wp-json\/wp\/v2\/product_brand?post=5206"},{"taxonomy":"product_cat","embeddable":true,"href":"https:\/\/zaharascents.me\/me\/wp-json\/wp\/v2\/product_cat?post=5206"},{"taxonomy":"product_tag","embeddable":true,"href":"https:\/\/zaharascents.me\/me\/wp-json\/wp\/v2\/product_tag?post=5206"}],"curies":[{"name":"wp","href":"https:\/\/api.w.org\/{rel}","templated":true}]}}