{"id":5221,"date":"2026-03-23T01:34:59","date_gmt":"2026-03-23T01:34:59","guid":{"rendered":"https:\/\/zaharascents.me\/?post_type=product&#038;p=5221"},"modified":"2026-03-26T23:03:18","modified_gmt":"2026-03-26T23:03:18","slug":"lattafa-yara-moi","status":"publish","type":"product","link":"https:\/\/zaharascents.me\/me\/shop\/lattafa-yara-moi\/","title":{"rendered":"Lattafa Yara Moi"},"content":{"rendered":"<h5>Sofisticirani u\u017eitak u karameli usidren zemljanim pa\u010dulijem<\/h5>\n<p class=\"translation-block\"><p><strong>Lattafa Yara Moi<\/strong> je duboko zadivljuju\u0107a, bogata i sofisticirana parfemska voda koja uvodi zreliji i odva\u017eniji preokret u voljenu Yara kolekciju. Dizajniran za samouvjerenu \u017eenu koja obo\u017eava duboke, senzualne gurmanske parfeme sa luksuznom ivicom, ovaj parfem je ultimativna izjava elegantne zavodljivosti. Hvale\u0107i se izvanredno dugotrajnim, blistavim performansama, Yara Moi plete kompleksan oblak slatkog nektara, dekadentne karamele i mo\u0107nog drveta, \u010dine\u0107i ga izuzetnim parfemskim potpisom za hladnije vrijeme, ve\u010dernje doga\u0111aje i posebne prilike.<\/p><\/p>\n<h5>Mirisni profil i kompozicija<\/h5>\n<p>Putovanje po\u010dinje izuzetno bar\u0161unastim i pozivaju\u0107im uvodom. Blistav nalet so\u010dne breskve koja gasi \u017ee\u0111 besprekorno je obavijen delikatnom, romanti\u010dnom cvjetnom slatko\u0107om jasmina. Ovaj dinami\u010dni, so\u010dni uvod djeluje kao \u017eivopisna udica, trenutno privla\u010de\u0107i pa\u017enju svojom luksuznom i mekom aurom.<\/p>\n<p>As the fragrance evolves, the heart reveals a spectacularly delicious and decadent core. The composition unfolds into a deeply comforting Gourmand Accord, dominated by rich, melted Caramel. This flawlessly crafted middle stage acts as a high-octane bridge, perfectly transitioning the fruity-floral opening into a warm, deeply addictive, and \u201cedible\u201d masterpiece.<\/p>\n<p>U svojim zavr\u0161nim fazama, kompozicija se spu\u0161ta u izvanredno privla\u010dnu i komanduju\u0107u osnovu. Duboko topli talas kremaste sandalovine predivno je usidren robusnom, zemljanom elegancijom pa\u010dulija. Ovaj vi\u0161eslojni, sofisticirani fini\u0161 uzemljuje intenzivnu slatko\u0107u karamele, ostavljaju\u0107i senzualan, magneti\u010dan i nevjerovatno dugotrajan trag koji zra\u010di \u010distim luksuzom.<\/p>","protected":false},"excerpt":{"rendered":"<p><strong>YARA KOLEKCIJA<\/strong><\/p>\n<p><strong>Za nju \/ Eau De Parfum \/ 100ml<\/strong><\/p>\n<p><strong>Inspiracija: <\/strong>Marc Jacobs Perfect Intense<\/p>\n<p><strong>Mirisni profil: <\/strong>Gurmanski, Drveni, Vo\u0107ni<\/p>\n<p><strong>Gornje note: <\/strong>Jasmin, Breskva<br \/>\n<strong>Srednje note: <\/strong>Karamela, Amber<br \/>\n<strong>Bazne note: <\/strong>Pa\u010duli, Sandalovina<\/p>","protected":false},"featured_media":5222,"template":"","meta":[],"product_brand":[178],"product_cat":[90,104,85],"product_tag":[203,204],"class_list":{"0":"post-5221","1":"product","2":"type-product","3":"status-publish","4":"has-post-thumbnail","6":"product_brand-lattafa","7":"product_cat-eau-de-parfum","8":"product_cat-for-her","9":"product_cat-perfumes","10":"product_tag-lattafa","11":"product_tag-yara-collection","13":"first","14":"instock","15":"taxable","16":"shipping-taxable","17":"purchasable","18":"product-type-variable"},"_links":{"self":[{"href":"https:\/\/zaharascents.me\/me\/wp-json\/wp\/v2\/product\/5221","targetHints":{"allow":["GET"]}}],"collection":[{"href":"https:\/\/zaharascents.me\/me\/wp-json\/wp\/v2\/product"}],"about":[{"href":"https:\/\/zaharascents.me\/me\/wp-json\/wp\/v2\/types\/product"}],"wp:featuredmedia":[{"embeddable":true,"href":"https:\/\/zaharascents.me\/me\/wp-json\/wp\/v2\/media\/5222"}],"wp:attachment":[{"href":"https:\/\/zaharascents.me\/me\/wp-json\/wp\/v2\/media?parent=5221"}],"wp:term":[{"taxonomy":"product_brand","embeddable":true,"href":"https:\/\/zaharascents.me\/me\/wp-json\/wp\/v2\/product_brand?post=5221"},{"taxonomy":"product_cat","embeddable":true,"href":"https:\/\/zaharascents.me\/me\/wp-json\/wp\/v2\/product_cat?post=5221"},{"taxonomy":"product_tag","embeddable":true,"href":"https:\/\/zaharascents.me\/me\/wp-json\/wp\/v2\/product_tag?post=5221"}],"curies":[{"name":"wp","href":"https:\/\/api.w.org\/{rel}","templated":true}]}}