{"id":5224,"date":"2026-03-23T01:55:50","date_gmt":"2026-03-23T01:55:50","guid":{"rendered":"https:\/\/zaharascents.me\/?post_type=product&#038;p=5224"},"modified":"2026-04-27T21:35:50","modified_gmt":"2026-04-27T21:35:50","slug":"lattafa-yara-tous","status":"publish","type":"product","link":"https:\/\/zaharascents.me\/me\/shop\/lattafa-yara-tous\/","title":{"rendered":"Lattafa Yara Tous"},"content":{"rendered":"<h5>\u010cisto tropsko sunce pro\u017eeto mangom i kokosom<\/h5>\n<p class=\"translation-block\"><p><strong>Lattafa Yara Tous<\/strong> je blistavo vibrantna, predivno slatka i neodoljivo tropska parfemska voda koja hvata \u010distu esenciju suncem okupanog ljetnjeg odmora. Dizajniran za radosnu, samouvjerenu \u017eenu koja voli da zra\u010di toplinom i egzoti\u010dnom elegancijom, ovaj parfem je ultimativni odmor u bo\u010dici. Savr\u0161eno rezonuju\u0107i sa voljenim DNK koji se nalazi u premium dizajnerskim hitovima poput Paco Rabanne Fame i Mugler Alien Goddess, Yara Tous plete so\u010dan oblak rasko\u0161nog vo\u0107a, blistavog bijelog cvije\u0107a i kremastog drveta, \u010dine\u0107i ga izuzetnim parfemskim potpisom za toplo vrijeme, bjekstva na pla\u017eu i radosno svakodnevno no\u0161enje.<\/p><\/p>\n<h5>Mirisni profil i kompozicija<\/h5>\n<p>Putovanje po\u010dinje izuzetno so\u010dnim i eksplozivnim uvodom. Blistav nalet zrelog manga i egzoti\u010dne marakuje besprekorno je obavijen glatkom, mlije\u010dnom slatko\u0107om kokosa. Ovaj dinami\u010dni, so\u010dni uvod djeluje kao \u017eivopisna udica, trenutno transportuju\u0107i va\u0161a \u010dula na luksuznu tropsku pla\u017eu.<\/p>\n<p>Kako se parfem razvija, srce otkriva spektakularno elegantno i suncem okupano jezgro. Kompozicija se otvara blistavim buketom delikatnog jasmina i svijetlog cvijeta narand\u017ee, predivno omek\u0161anim puderastim \u0161apatom heliotropa koji podsje\u0107a na badem. Ova besprekorno kreirana srednja faza djeluje kao visoko-oktanski most, savr\u0161eno balansiraju\u0107i vo\u0107nu slatko\u0107u sa sofisticiranom, kremastom cvjetnom tenzijom.<\/p>\n<p>U svojim zavr\u0161nim fazama, kompozicija se spu\u0161ta u izvanredno privla\u010dnu i ugodnu osnovu. Duboko topli talas bogate vanile predivno je usidren mekim zagrljajem mo\u0161usa i bar\u0161unastog Cashmerana koji prijanjaju uz ko\u017eu. Ovaj vi\u0161eslojni, visoko zavisni fini\u0161 osigurava trajan potpis koji zra\u010di \u010distim suncem, toplinom i senzualnim samopouzdanjem dugo nakon \u0161to sunce za\u0111e.<\/p>","protected":false},"excerpt":{"rendered":"<p><strong>YARA KOLEKCIJA<\/strong><\/p>\n<p><strong>Za nju \/ Eau De Parfum \/ 100ml<\/strong><\/p>\n<p><strong>Inspiracija: <\/strong>Rabanne Fame<\/p>\n<p><strong>Mirisni profil: <\/strong>Tropski, Vo\u0107ni, Cvjetni<\/p>\n<p><strong>Gornje note: <\/strong>Mango, Kokos, Marakuja<br \/>\n<strong>Srednje note: <\/strong>Jasmin, Cvijet narand\u017ee, Heliotrop<br \/>\n<strong>Bazne note: <\/strong>Vanila, Mo\u0161us, Cashmeran<\/p>","protected":false},"featured_media":5225,"template":"","meta":[],"product_brand":[178],"product_cat":[90,104,85],"product_tag":[203,204],"class_list":{"0":"post-5224","1":"product","2":"type-product","3":"status-publish","4":"has-post-thumbnail","6":"product_brand-lattafa","7":"product_cat-eau-de-parfum","8":"product_cat-for-her","9":"product_cat-perfumes","10":"product_tag-lattafa","11":"product_tag-yara-collection","13":"first","14":"instock","15":"taxable","16":"shipping-taxable","17":"purchasable","18":"product-type-variable"},"_links":{"self":[{"href":"https:\/\/zaharascents.me\/me\/wp-json\/wp\/v2\/product\/5224","targetHints":{"allow":["GET"]}}],"collection":[{"href":"https:\/\/zaharascents.me\/me\/wp-json\/wp\/v2\/product"}],"about":[{"href":"https:\/\/zaharascents.me\/me\/wp-json\/wp\/v2\/types\/product"}],"wp:featuredmedia":[{"embeddable":true,"href":"https:\/\/zaharascents.me\/me\/wp-json\/wp\/v2\/media\/5225"}],"wp:attachment":[{"href":"https:\/\/zaharascents.me\/me\/wp-json\/wp\/v2\/media?parent=5224"}],"wp:term":[{"taxonomy":"product_brand","embeddable":true,"href":"https:\/\/zaharascents.me\/me\/wp-json\/wp\/v2\/product_brand?post=5224"},{"taxonomy":"product_cat","embeddable":true,"href":"https:\/\/zaharascents.me\/me\/wp-json\/wp\/v2\/product_cat?post=5224"},{"taxonomy":"product_tag","embeddable":true,"href":"https:\/\/zaharascents.me\/me\/wp-json\/wp\/v2\/product_tag?post=5224"}],"curies":[{"name":"wp","href":"https:\/\/api.w.org\/{rel}","templated":true}]}}