{"id":5227,"date":"2026-03-23T02:39:51","date_gmt":"2026-03-23T02:39:51","guid":{"rendered":"https:\/\/zaharascents.me\/?post_type=product&#038;p=5227"},"modified":"2026-03-26T23:02:41","modified_gmt":"2026-03-26T23:02:41","slug":"lattafa-yara-candy","status":"publish","type":"product","link":"https:\/\/zaharascents.me\/me\/shop\/lattafa-yara-candy\/","title":{"rendered":"Lattafa Yara Candy"},"content":{"rendered":"<h5>Razigrani \u0161e\u0107erni nalet \u0161ume\u0107e jagode i sirupa od vanile<\/h5>\n<p class=\"translation-block\"><p><strong>Lattafa Yara Candy<\/strong> je predivno slatka, vibrantna i nevjerovatno razigrana parfemska voda koja predstavlja po\u0161e\u0107ereni, bombonasti dodatak voljenoj Yara porodici. Dizajniran za radosnu, modernu \u017eenu koja voli zra\u010diti zabavnom i ukusnom aurom, ovaj parfem je prava poslastica za \u010dula koja pru\u017ea osje\u0107aj kao da odmotavate va\u0161 omiljeni slatki\u0161. Rezonuju\u0107i sa voljenim DNK prona\u0111enim u slatkim gurmanskim hitovima poput Roja Dove Lost In Paris i nostalgi\u010dnim poslasticama poput Bath &amp; Body Works Bourbon Strawberry &amp; Vanilla, Yara Candy plete so\u010dan oblak kandiranog vo\u0107a i toplog sirupa, \u010dine\u0107i ga izuzetnim potpisom za one koji cijene zabavan parfem koji donosi komplimente.<\/p><\/p>\n<h5>Mirisni profil i kompozicija<\/h5>\n<p>Putovanje po\u010dinje izuzetno svijetlim i so\u010dnim uvodom. Blistav nalet poletne zelene mandarine besprekorno je obavijen o\u0161trim, bogatim bogatstvom crne ribizle. Ovaj dinami\u010dni, so\u010dni uvod djeluje kao \u017eivopisna udica, trenutno bude\u0107i va\u0161a \u010dula poput osvje\u017eavaju\u0107eg vo\u0107nog sorbea.<\/p>\n<p>Kako se parfem razvija, srce otkriva spektakularno zabavno i ukusno jezgro. Kompozicija se otvara sa jedinstvenim, visoko zavisnim akordom \u0161ume\u0107e (fizz) bombone od jagode, predivno omek\u0161anim elegantnim, kremastim cvjetnim \u0161apatom rascvjetale gardenije. Ova besprekorno kreirana srednja faza djeluje kao visoko-oktanski most, savr\u0161eno balansiraju\u0107i razigranu, \u0161ume\u0107u slatko\u0107u sa sofisticiranim dodirom bijelog cvije\u0107a.<\/p>\n<p>U svojim zavr\u0161nim fazama, kompozicija se spu\u0161ta u izvanredno privla\u010dnu i ugodnu osnovu. Duboko topli talas dekadentnog sirupa od vanile predivno je usidren mekim, magneti\u010dnim zagrljajem zlatnog ambera, \u010distog mo\u0161usa i glatke sandalovine. Ovaj vi\u0161eslojni, visoko zavisni fini\u0161 osigurava trajan potpis koji vas umotava u puderastu, \u0161e\u0107ernu toplinu tokom cijelog dana.<\/p>","protected":false},"excerpt":{"rendered":"<p><strong>YARA KOLEKCIJA<\/strong><\/p>\n<p><strong>Za nju \/ Eau De Parfum \/ 100ml<\/strong><\/p>\n<p><strong>Mirisni profil: <\/strong>Gurmanski, Vo\u0107ni, Cvjetni<\/p>\n<p><strong>Gornje note: <\/strong>Zelena mandarina, Crna ribizla<br \/>\n<strong>Srednje note: <\/strong>Fizz bombona od jagode, Gardenija<br \/>\n<strong>Bazne note: <\/strong>Sirup od vanile, Amber, Mo\u0161us, Sandalovina<\/p>","protected":false},"featured_media":5229,"template":"","meta":[],"product_brand":[178],"product_cat":[90,104,85],"product_tag":[203,204],"class_list":{"0":"post-5227","1":"product","2":"type-product","3":"status-publish","4":"has-post-thumbnail","6":"product_brand-lattafa","7":"product_cat-eau-de-parfum","8":"product_cat-for-her","9":"product_cat-perfumes","10":"product_tag-lattafa","11":"product_tag-yara-collection","13":"first","14":"instock","15":"taxable","16":"shipping-taxable","17":"purchasable","18":"product-type-variable"},"_links":{"self":[{"href":"https:\/\/zaharascents.me\/me\/wp-json\/wp\/v2\/product\/5227","targetHints":{"allow":["GET"]}}],"collection":[{"href":"https:\/\/zaharascents.me\/me\/wp-json\/wp\/v2\/product"}],"about":[{"href":"https:\/\/zaharascents.me\/me\/wp-json\/wp\/v2\/types\/product"}],"wp:featuredmedia":[{"embeddable":true,"href":"https:\/\/zaharascents.me\/me\/wp-json\/wp\/v2\/media\/5229"}],"wp:attachment":[{"href":"https:\/\/zaharascents.me\/me\/wp-json\/wp\/v2\/media?parent=5227"}],"wp:term":[{"taxonomy":"product_brand","embeddable":true,"href":"https:\/\/zaharascents.me\/me\/wp-json\/wp\/v2\/product_brand?post=5227"},{"taxonomy":"product_cat","embeddable":true,"href":"https:\/\/zaharascents.me\/me\/wp-json\/wp\/v2\/product_cat?post=5227"},{"taxonomy":"product_tag","embeddable":true,"href":"https:\/\/zaharascents.me\/me\/wp-json\/wp\/v2\/product_tag?post=5227"}],"curies":[{"name":"wp","href":"https:\/\/api.w.org\/{rel}","templated":true}]}}