{"id":5233,"date":"2026-03-23T23:12:33","date_gmt":"2026-03-23T23:12:33","guid":{"rendered":"https:\/\/zaharascents.me\/?post_type=product&#038;p=5233"},"modified":"2026-04-27T21:44:00","modified_gmt":"2026-04-27T21:44:00","slug":"lattafa-asad-bourbon","status":"publish","type":"product","link":"https:\/\/zaharascents.me\/me\/shop\/lattafa-asad-bourbon\/","title":{"rendered":"Lattafa Asad Bourbon"},"content":{"rendered":"<h5>Ultimativni ve\u010dernji potpis pro\u017eet slatkom \u0161ljivom i dimljenom vanilom<\/h5>\n<p class=\"translation-block\"><p><strong>Lattafa Asad Bourbon<\/strong> je duboko zadivljuju\u0107a, topla i sofisticirana parfemska voda koja uvodi bogat, gurmanski preokret u legendarnu Asad kolekciju. Dizajniran za modernog, samouvjerenog mu\u0161karca koji voli da ostavlja neodoljiv i magneti\u010dan trag, ovaj parfem savr\u0161eno balansira duboke za\u010dine sa slatko\u0107om od koje ide voda na usta. Rezonuju\u0107i sa voljenim DNK koji se nalazi u premium dizajnerskim hitovima poput Azzaro The Most Wanted i Valentino Uomo Born In Roma Intense, Asad Bourbon plete luksuzan oblak pr\u017eenog kakaoa, aromati\u010dne lavande i tamne vanile, \u010dine\u0107i ga izuzetnim potpisom za hladnije vrijeme, ve\u010dernje doga\u0111aje i romanti\u010dne sastanke.<\/p><\/p>\n<h5>Mirisni profil i kompozicija<\/h5>\n<p>Putovanje po\u010dinje izuzetno vibrantnim i pozivaju\u0107im uvodom. Blistav nalet so\u010dne Mirabel \u0161ljive besprekorno je uzdignut svijetlim, za\u010dinskim udarom rozog bibera i \u010distom, aromati\u010dnom elegancijom lavande. Ovaj dinami\u010dni uvod djeluje kao \u017eivopisna udica, trenutno privla\u010de\u0107i pa\u017enju svojom svje\u017eom, a opet blago slatkom aurom.<\/p>\n<p>Kako se parfem razvija, srce otkriva spektakularno tamno, pr\u017eeno i ukusno jezgro. Kompozicija se otvara bogatom, \u010dokoladnom dubinom kakaoa, savr\u0161eno zagrijanom suvim, za\u010dinskim sjajem mu\u0161katnog ora\u0161\u010di\u0107a i jedinstvenim, biljno-vo\u0107nim nijansama davane. Ova besprekorno kreirana srednja faza djeluje kao visoko-oktanski most, prevode\u0107i aromati\u010dno otvaranje u duboko ugodno, mu\u017eevno gurmansko iskustvo.<\/p>\n<p>U svojim zavr\u0161nim fazama, kompozicija se spu\u0161ta u izvanredno privla\u010dnu i sna\u017enu osnovu. Duboko topli talas kremaste Bourbon vanile predivno je usidren robusnom, zlatnom rezonancom ambera i zemljanom, dimljenom elegancijom vetivera. Ovaj vi\u0161eslojni, visoko zavisni fini\u0161 osigurava trajan potpis koji zra\u010di \u010distim samopouzdanjem, toplinom i senzualnom sofisticirano\u0161\u0107u.<\/p>","protected":false},"excerpt":{"rendered":"<p><strong>ASAD COLLECTION<\/strong><\/p>\n<p><strong>Za njega \/ Eau De Parfum \/ 100ml<\/strong><\/p>\n<p><strong>Inspiracija: <\/strong>Azzaro The Most Wanted \/ Valentino Born In Roma Intense<\/p>\n<p><strong>Mirisni profil: <\/strong>Amberni, Gurmanski, Za\u010dinski<\/p>\n<p><strong>Gornje note: <\/strong>Mirabel \u0161ljiva, Rozi biber, Lavanda<br \/>\n<strong>Srednje note: <\/strong>Kakao, Mu\u0161katni ora\u0161\u010di\u0107, Davana<br \/>\n<strong>Bazne note: <\/strong>Bourbon vanila, Amber, Vetiver<\/p>","protected":false},"featured_media":5234,"template":"","meta":[],"product_brand":[178],"product_cat":[90,103,85],"product_tag":[205,203],"class_list":{"0":"post-5233","1":"product","2":"type-product","3":"status-publish","4":"has-post-thumbnail","6":"product_brand-lattafa","7":"product_cat-eau-de-parfum","8":"product_cat-for-him","9":"product_cat-perfumes","10":"product_tag-asad-collection","11":"product_tag-lattafa","13":"first","14":"instock","15":"taxable","16":"shipping-taxable","17":"purchasable","18":"product-type-variable"},"_links":{"self":[{"href":"https:\/\/zaharascents.me\/me\/wp-json\/wp\/v2\/product\/5233","targetHints":{"allow":["GET"]}}],"collection":[{"href":"https:\/\/zaharascents.me\/me\/wp-json\/wp\/v2\/product"}],"about":[{"href":"https:\/\/zaharascents.me\/me\/wp-json\/wp\/v2\/types\/product"}],"wp:featuredmedia":[{"embeddable":true,"href":"https:\/\/zaharascents.me\/me\/wp-json\/wp\/v2\/media\/5234"}],"wp:attachment":[{"href":"https:\/\/zaharascents.me\/me\/wp-json\/wp\/v2\/media?parent=5233"}],"wp:term":[{"taxonomy":"product_brand","embeddable":true,"href":"https:\/\/zaharascents.me\/me\/wp-json\/wp\/v2\/product_brand?post=5233"},{"taxonomy":"product_cat","embeddable":true,"href":"https:\/\/zaharascents.me\/me\/wp-json\/wp\/v2\/product_cat?post=5233"},{"taxonomy":"product_tag","embeddable":true,"href":"https:\/\/zaharascents.me\/me\/wp-json\/wp\/v2\/product_tag?post=5233"}],"curies":[{"name":"wp","href":"https:\/\/api.w.org\/{rel}","templated":true}]}}