{"id":5237,"date":"2026-03-23T23:16:54","date_gmt":"2026-03-23T23:16:54","guid":{"rendered":"https:\/\/zaharascents.me\/?post_type=product&#038;p=5237"},"modified":"2026-03-26T23:18:12","modified_gmt":"2026-03-26T23:18:12","slug":"lattafa-asad-elixir","status":"publish","type":"product","link":"https:\/\/zaharascents.me\/me\/shop\/lattafa-asad-elixir\/","title":{"rendered":"Lattafa Asad Elixir"},"content":{"rendered":"<h5>Tinjaju\u0107i masterklas tamnog duvana i smolastog ambera<\/h5>\n<p class=\"translation-block\"><p><strong>Lattafa Asad Elixir<\/strong> je intenzivno zadivljuju\u0107a, duboko misteriozna i fenomenalno bogata parfemska voda dizajnirana za mu\u0161karca koji komanduje prostorijom u potpunoj ti\u0161ini. Vode\u0107i legendarni Asad DNK na mnogo tamniju, zavodljiviju teritoriju, ovaj parfem mijenja svje\u017ee za\u010dine gustom, tinjaju\u0107om toplinom. Duboko rezonuju\u0107i sa luksuznim, modernim profilom Hugo Boss Bottled Absolu, Asad Elixir plete opojni oblak premium duvana, zlatnog \u0161afrana i dubokog drveta, \u010dine\u0107i ga apsolutnim vrhuncem ve\u010dernje elegancije i sofisticiranosti hladnog vremena.<\/p><\/p>\n<h5>Mirisni profil i kompozicija<\/h5>\n<p>Putovanje po\u010dinje izuzetno o\u0161trim, komanduju\u0107im i blago egzoti\u010dnim uvodom. Blistav nalet svijetlog grejpfruta presijeca za\u010dinsku, luksuznu vrelinu rozog bibera i zlatnog \u0161afrana. Ovaj dinami\u010dni, naelektrisani uvod trenutno zahvata \u010dula, pru\u017eaju\u0107i svje\u017e, ali opasno vatren prvi utisak.<\/p>\n<p>Kako se parfem razvija, srce otkriva spektakularno glatko, tamno i visoko zavisno jezgro. Kompozicija se otvara bogatom, dimljenom dubinom premium duvana, predivno omek\u0161anom gustim talasom slatke vanile i \u010dvrste kedrovine. Ova besprekorno kreirana srednja faza prevodi o\u0161tar uvod u topao, mu\u017eevni zagrljaj koji djeluje nevjerovatno skupo i prefinjeno.<\/p>\n<p>U svojim zavr\u0161nim fazama, kompozicija se spu\u0161ta u izvanredno trajnu i mo\u0107nu osnovu. Duboko topli talas zemljanog pa\u010dulija i dimljenog olibanuma (tamjana) predivno je usidren mekom, luksuznom teksturom Cashmerana i u\u017earenog suvog ambera. Ovaj vi\u0161eslojni, smolasti fini\u0161 osigurava masivan, nevjerovatno dugotrajan trag koji projektuje \u010disti autoritet i beskompromisni luksuz.<\/p>","protected":false},"excerpt":{"rendered":"<p><strong>ASAD COLLECTION<\/strong><\/p>\n<p><strong>Za njega \/ Eau De Parfum \/ 100ml<\/strong><\/p>\n<p><strong>Inspiracija: <\/strong>Hugo Boss Bottled Absolu<\/p>\n<p><strong>Mirisni profil: <\/strong>Drveni, Za\u010dinski, Amberni<\/p>\n<p><strong>Gornje note: <\/strong>Rozi biber, \u0160afran, Grejpfrut<br \/>\n<strong>Srednje note: <\/strong>Duvan, Vanila, Kedrovina<br \/>\n<strong>Bazne note: <\/strong>Pa\u010duli, Olibanum (Tamjan), Cashmeran, Suvi amber<\/p>","protected":false},"featured_media":5238,"template":"","meta":[],"product_brand":[178],"product_cat":[90,103,85],"product_tag":[205,203],"class_list":{"0":"post-5237","1":"product","2":"type-product","3":"status-publish","4":"has-post-thumbnail","6":"product_brand-lattafa","7":"product_cat-eau-de-parfum","8":"product_cat-for-him","9":"product_cat-perfumes","10":"product_tag-asad-collection","11":"product_tag-lattafa","13":"first","14":"instock","15":"taxable","16":"shipping-taxable","17":"purchasable","18":"product-type-variable"},"_links":{"self":[{"href":"https:\/\/zaharascents.me\/me\/wp-json\/wp\/v2\/product\/5237","targetHints":{"allow":["GET"]}}],"collection":[{"href":"https:\/\/zaharascents.me\/me\/wp-json\/wp\/v2\/product"}],"about":[{"href":"https:\/\/zaharascents.me\/me\/wp-json\/wp\/v2\/types\/product"}],"wp:featuredmedia":[{"embeddable":true,"href":"https:\/\/zaharascents.me\/me\/wp-json\/wp\/v2\/media\/5238"}],"wp:attachment":[{"href":"https:\/\/zaharascents.me\/me\/wp-json\/wp\/v2\/media?parent=5237"}],"wp:term":[{"taxonomy":"product_brand","embeddable":true,"href":"https:\/\/zaharascents.me\/me\/wp-json\/wp\/v2\/product_brand?post=5237"},{"taxonomy":"product_cat","embeddable":true,"href":"https:\/\/zaharascents.me\/me\/wp-json\/wp\/v2\/product_cat?post=5237"},{"taxonomy":"product_tag","embeddable":true,"href":"https:\/\/zaharascents.me\/me\/wp-json\/wp\/v2\/product_tag?post=5237"}],"curies":[{"name":"wp","href":"https:\/\/api.w.org\/{rel}","templated":true}]}}