{"id":5240,"date":"2026-03-23T23:18:42","date_gmt":"2026-03-23T23:18:42","guid":{"rendered":"https:\/\/zaharascents.me\/?post_type=product&#038;p=5240"},"modified":"2026-04-27T21:55:33","modified_gmt":"2026-04-27T21:55:33","slug":"lattafa-asad-zanzibar-limited","status":"publish","type":"product","link":"https:\/\/zaharascents.me\/me\/shop\/lattafa-asad-zanzibar-limited\/","title":{"rendered":"Lattafa Asad Zanzibar Limited"},"content":{"rendered":"<h5>Blistava aura morske svje\u017eine i aromati\u010dne lavande<\/h5>\n<p class=\"translation-block\"><p><strong>Lattafa Asad Zanzibar Limited Edition<\/strong> je izvanredno hrskava, osna\u017euju\u0107a i duboko osvje\u017eavaju\u0107a parfemska voda koja uvodi potpuno novi vodeni preokret u proslavljenu Asad liniju. Dizajniran za dinami\u010dnog, modernog mu\u0161karca koji cijeni podi\u017eu\u0107u energiju mora, ovo ekskluzivno izdanje savr\u0161eno hvata vibraciju luksuznog obalnog bjekstva. Rezonuju\u0107i sa nevjerovatno popularnim profilom Paco Rabanne Invictus i Rasasi Hawas, ovo ograni\u010deno izdanje plete zavisni oblak slanog okeanskog vazduha, \u010distih sapunastih akorda i toplog drveta, \u010dine\u0107i ga apsolutnim klasikom za toplo vrijeme i dnevne avanture.<\/p><\/p>\n<h5>Mirisni profil i kompozicija<\/h5>\n<p>Putovanje po\u010dinje izuzetno svijetlim i rashla\u0111uju\u0107im uvodom. Vibrantni pljusak svje\u017eih morskih nota predivno je uzdignut hrskavom, aromati\u010dnom elegancijom lavande i suptilnim, za\u010dinskim udarom rozog bibera. Ovaj dinami\u010dni uvod trenutno budi \u010dula, pru\u017eaju\u0107i talas \u010diste, nepatvorene svje\u017eine.<\/p>\n<p>Kako se parfem razvija, srce otkriva spektakularno \u010disto i ugodno jezgro. Kompozicija se otvara jedinstvenim akordom sapuna koji savr\u0161eno opona\u0161a podi\u017eu\u0107i osje\u0107aj svje\u017eeg rublja, elegantno zagrijan glatkim Cashmeranom i iznena\u0111uju\u0107im nagovje\u0161tajem cimeta. Ova besprekorno kreirana srednja faza djeluje kao visoko-oktanski most, prevode\u0107i duboko vodeno otvaranje u umiruju\u0107u, njegovanu auru.<\/p>\n<p>U svojim zavr\u0161nim fazama, kompozicija se spu\u0161ta u izvanredno trajnu i mu\u017eevnu osnovu. Duboko topli talas glatke sandalovine i \u010dvrste kedrovine predivno je usidren mekom, magneti\u010dnom slatko\u0107om Tonke i u\u017earenim amberom. Ovaj vi\u0161eslojni, drveni fini\u0161 osigurava trajan potpis koji projektuje \u010disto samopouzdanje, \u010disto\u0107u i ljetnji \u0161arm bez napora.<\/p>","protected":false},"excerpt":{"rendered":"<p><strong>ASAD COLLECTION<\/strong><\/p>\n<p><strong>Za njega \/ Eau De Parfum \/ 100ml<\/strong><\/p>\n<p><strong>Inspiracija: <\/strong>Rabanne Invictus Parfum<\/p>\n<p><strong>Mirisni profil: <\/strong>Vodeni, Aromati\u010dni, Drveni<\/p>\n<p><strong>Gornje note: <\/strong>Morske note, Lavanda, Rozi biber<br \/>\n<strong>Srednje note: <\/strong>Sapun, Cashmeran, Cimet<br \/>\n<strong>Bazne note: <\/strong>Amber, Sandalovina, Tonka, Kedrovina<\/p>","protected":false},"featured_media":5241,"template":"","meta":[],"product_brand":[178],"product_cat":[90,103,85],"product_tag":[205,203],"class_list":{"0":"post-5240","1":"product","2":"type-product","3":"status-publish","4":"has-post-thumbnail","6":"product_brand-lattafa","7":"product_cat-eau-de-parfum","8":"product_cat-for-him","9":"product_cat-perfumes","10":"product_tag-asad-collection","11":"product_tag-lattafa","13":"first","14":"instock","15":"taxable","16":"shipping-taxable","17":"purchasable","18":"product-type-variable"},"_links":{"self":[{"href":"https:\/\/zaharascents.me\/me\/wp-json\/wp\/v2\/product\/5240","targetHints":{"allow":["GET"]}}],"collection":[{"href":"https:\/\/zaharascents.me\/me\/wp-json\/wp\/v2\/product"}],"about":[{"href":"https:\/\/zaharascents.me\/me\/wp-json\/wp\/v2\/types\/product"}],"wp:featuredmedia":[{"embeddable":true,"href":"https:\/\/zaharascents.me\/me\/wp-json\/wp\/v2\/media\/5241"}],"wp:attachment":[{"href":"https:\/\/zaharascents.me\/me\/wp-json\/wp\/v2\/media?parent=5240"}],"wp:term":[{"taxonomy":"product_brand","embeddable":true,"href":"https:\/\/zaharascents.me\/me\/wp-json\/wp\/v2\/product_brand?post=5240"},{"taxonomy":"product_cat","embeddable":true,"href":"https:\/\/zaharascents.me\/me\/wp-json\/wp\/v2\/product_cat?post=5240"},{"taxonomy":"product_tag","embeddable":true,"href":"https:\/\/zaharascents.me\/me\/wp-json\/wp\/v2\/product_tag?post=5240"}],"curies":[{"name":"wp","href":"https:\/\/api.w.org\/{rel}","templated":true}]}}