{"id":5243,"date":"2026-03-24T23:50:39","date_gmt":"2026-03-24T23:50:39","guid":{"rendered":"https:\/\/zaharascents.me\/?post_type=product&#038;p=5243"},"modified":"2026-05-11T23:57:58","modified_gmt":"2026-05-11T23:57:58","slug":"lattafa-badee-al-oud-oud-for-glory","status":"publish","type":"product","link":"https:\/\/zaharascents.me\/me\/shop\/lattafa-badee-al-oud-oud-for-glory\/","title":{"rendered":"Lattafa Bade&#8217;e Al Oud Oud For Glory"},"content":{"rendered":"<h5>Veli\u010danstvena simfonija tamnog drveta i egzoti\u010dnog \u0161afrana<\/h5>\n<p class=\"translation-block\"><p><strong>Lattafa Bade'e Al Oud Oud for Glory<\/strong> je duboko komanduju\u0107a, izrazito misteriozna i izuzetno luksuzna parfemska voda dizajnirana za one koji prirodno projektuju autoritet i samopouzdanje. Kao vode\u0107e izdanje \u010duvene Bade'e Al Oud kolekcije, ovaj parfem pru\u017ea istinski imperijalno olfaktorno iskustvo bez ikakve preplavljuju\u0107e slatko\u0107e. Savr\u0161eno odjekuju\u0107i monumentalni profil Initio Oud for Greatness, ovaj parfem plete kompleksan oblak dimljenog agar drveta, toplih za\u010dina i aromati\u010dnog bilja, \u010dine\u0107i ga ultimativnim potpisom za formalne doga\u0111aje, ve\u010dernje no\u0161enje i sofisticiranost hladnog vremena.<\/p><\/p>\n<h5>Mirisni profil i kompozicija<\/h5>\n<p>Putovanje po\u010dinje izuzetno hrabrim i rasko\u0161nim uvodom. Blistav, za\u010dinski nalet dragocjenog \u0161afrana i toplog mu\u0161katnog ora\u0161\u010di\u0107a predivno je u kontrastu sa \u010distom, o\u0161trom elegancijom lavande. Ovaj dinami\u010dni uvod trenutno komanduje pa\u017enjom, postavljaju\u0107i luksuzan i blago zagonetan ton od prvog prskanja.<\/p>\n<p>Kako se parfem razvija, srce otkriva spektakularno tamno, zemljano i mo\u0107no jezgro. Kompozicija se otvara bogatom, smolastom dubinom \u010distog agar drveta (Oud), savr\u0161eno isprepletenom sa robusnim, uzemljuju\u0107im karakterom pa\u010dulija. Ova besprekorno kreirana srednja faza djeluje kao visoko-oktanski most, osiguravaju\u0107i da za\u010dinsko otvaranje glatko prelazi u duboko mu\u017eevnu, dimljenu toplinu.<\/p>\n<p>U svojim zavr\u0161nim fazama, kompozicija se spu\u0161ta u izvanredno trajnu i magneti\u010dnu osnovu. Duboko topli talas agar drveta i zemljanog pa\u010dulija predivno je omek\u0161an senzualnom privla\u010dno\u0161\u0107u \u010distog mo\u0161usa stopljenog s ko\u017eom. Ovaj vi\u0161eslojni, intenzivno drveni fini\u0161 garantuje ogroman, nevjerovatno dugotrajan trag koji ostavlja trajan utisak \u010distog, beskompromisnog luksuza.<\/p>","protected":false},"excerpt":{"rendered":"<p><strong>BADE\u2019E AL OUD KOLEKCIJA<\/strong><\/p>\n<p><strong>Unisex \/ Eau De Parfum \/ 100ml<\/strong><\/p>\n<p><strong>Inspiracija: <\/strong>Initio Oud for Greatness<\/p>\n<p><strong>Mirisni profil: <\/strong>Amberni, Drveni, Za\u010dinski<\/p>\n<p><strong>Gornje note: <\/strong>Saffron, Nutmeg, Lavender<br \/>\n<strong>Srednje note: <\/strong>Agar drvo (Oud), Pa\u010duli<br \/>\n<strong>Bazne note: <\/strong>Agar drvo (Oud), Pa\u010duli, Mo\u0161us<\/p>","protected":false},"featured_media":5246,"template":"","meta":[],"product_brand":[178],"product_cat":[90,85,105],"product_tag":[206,203],"class_list":{"0":"post-5243","1":"product","2":"type-product","3":"status-publish","4":"has-post-thumbnail","6":"product_brand-lattafa","7":"product_cat-eau-de-parfum","8":"product_cat-perfumes","9":"product_cat-unisex","10":"product_tag-badee-al-oud-collection","11":"product_tag-lattafa","13":"first","14":"instock","15":"taxable","16":"shipping-taxable","17":"purchasable","18":"product-type-variable"},"_links":{"self":[{"href":"https:\/\/zaharascents.me\/me\/wp-json\/wp\/v2\/product\/5243","targetHints":{"allow":["GET"]}}],"collection":[{"href":"https:\/\/zaharascents.me\/me\/wp-json\/wp\/v2\/product"}],"about":[{"href":"https:\/\/zaharascents.me\/me\/wp-json\/wp\/v2\/types\/product"}],"wp:featuredmedia":[{"embeddable":true,"href":"https:\/\/zaharascents.me\/me\/wp-json\/wp\/v2\/media\/5246"}],"wp:attachment":[{"href":"https:\/\/zaharascents.me\/me\/wp-json\/wp\/v2\/media?parent=5243"}],"wp:term":[{"taxonomy":"product_brand","embeddable":true,"href":"https:\/\/zaharascents.me\/me\/wp-json\/wp\/v2\/product_brand?post=5243"},{"taxonomy":"product_cat","embeddable":true,"href":"https:\/\/zaharascents.me\/me\/wp-json\/wp\/v2\/product_cat?post=5243"},{"taxonomy":"product_tag","embeddable":true,"href":"https:\/\/zaharascents.me\/me\/wp-json\/wp\/v2\/product_tag?post=5243"}],"curies":[{"name":"wp","href":"https:\/\/api.w.org\/{rel}","templated":true}]}}