{"id":5248,"date":"2026-03-25T00:02:50","date_gmt":"2026-03-25T00:02:50","guid":{"rendered":"https:\/\/zaharascents.me\/?post_type=product&#038;p=5248"},"modified":"2026-05-11T23:58:18","modified_gmt":"2026-05-11T23:58:18","slug":"lattafa-badee-al-oud-amethyst","status":"publish","type":"product","link":"https:\/\/zaharascents.me\/me\/shop\/lattafa-badee-al-oud-amethyst\/","title":{"rendered":"Lattafa Bade&#8217;e Al Oud Amethyst"},"content":{"rendered":"<h5>Zlatni dodir plemenitog ouda i ru\u017ee<\/h5>\n<p class=\"translation-block\"><p><strong>Lattafa Bade'e Al Oud Amethyst<\/strong> je nevjerovatno vibrantna, veli\u010danstvena i duboko romanti\u010dna parfemska voda koja komanduje pa\u017enjom od prve kapi. Dizajniran za odva\u017enu osobu koja cijeni mo\u0107nu privla\u010dnost egzoti\u010dnog cvije\u0107a pomije\u0161anu sa tamnim ambernim elementima, ovaj parfem pru\u017ea spektakularno senzorno iskustvo. Savr\u0161eno odjekuju\u0107i profil Initio Atomic Rose koji oduzima dah, ovaj parfem plete hipnoti\u0161u\u0107i oblak slatkih, d\u017eemastih latica, toplih za\u010dina i dimljenog drveta, \u010dine\u0107i ga apsolutnom zvijezdom za ve\u010dernje doga\u0111aje i hladnije no\u0107i.<\/p><\/p>\n<h5>Mirisni profil i kompozicija<\/h5>\n<p>Putovanje po\u010dinje izuzetno blistavim i za\u010dinjenim uvodom. Blistav, visokoenergetski nalet svijetlog bergamota besprekorno je uzdignut o\u0161trom vrelinom rozog bibera. Ovaj dinami\u010dni uvod trenutno budi \u010dula, pru\u017eaju\u0107i svje\u017e, ali \u017eestoko vatren prvi utisak.<\/p>\n<p>As the fragrance evolves, the heart reveals a spectacularly lush, velvety, and seductive core. The composition unfolds with an intoxicating dual bouquet of premium Turkish and Bulgarian Rose, beautifully softened by the delicate elegance of Jasmine. This flawlessly crafted middle stage acts as a high-octane bridge, transitioning the spicy opening into a thick, sweet, and almost \u201cjam-like\u201d floral masterpiece.<\/p>\n<p>U svojim zavr\u0161nim fazama, kompozicija se spu\u0161ta u izvanredno privla\u010dnu i mo\u0107nu osnovu. Duboko topli talas kremaste vanile predivno je usidren robusnom, tamnom rezonancom agar drveta (Oud) i zlatnog ambera. Ovaj vi\u0161eslojni, bogati fini\u0161 osigurava masivan, nevjerovatno dugotrajan trag koji projektuje \u010distu romanti\u010dnu dominaciju i beskompromisni luksuz.<\/p>","protected":false},"excerpt":{"rendered":"<p><strong>BADE\u2019E AL OUD KOLEKCIJA<\/strong><\/p>\n<p><strong>Unisex \/ Eau De Parfum \/ 100ml<\/strong><\/p>\n<p><strong>Inspiracija: <\/strong>Initio Atomic Rose<\/p>\n<p><strong>Mirisni profil: <\/strong>Amberni, Cvjetni, Drveni<\/p>\n<p><strong>Gornje note: <\/strong>Rozi biber, Bergamot<br \/>\n<strong>Srednje note: <\/strong>Turska ru\u017ea, Bugarska ru\u017ea, Jasmin<br \/>\n<strong>Bazne note: <\/strong>Agar drvo (Oud), Amber, Vanila<\/p>","protected":false},"featured_media":5249,"template":"","meta":[],"product_brand":[178],"product_cat":[90,85,105],"product_tag":[206,203],"class_list":{"0":"post-5248","1":"product","2":"type-product","3":"status-publish","4":"has-post-thumbnail","6":"product_brand-lattafa","7":"product_cat-eau-de-parfum","8":"product_cat-perfumes","9":"product_cat-unisex","10":"product_tag-badee-al-oud-collection","11":"product_tag-lattafa","13":"first","14":"instock","15":"taxable","16":"shipping-taxable","17":"purchasable","18":"product-type-variable"},"_links":{"self":[{"href":"https:\/\/zaharascents.me\/me\/wp-json\/wp\/v2\/product\/5248","targetHints":{"allow":["GET"]}}],"collection":[{"href":"https:\/\/zaharascents.me\/me\/wp-json\/wp\/v2\/product"}],"about":[{"href":"https:\/\/zaharascents.me\/me\/wp-json\/wp\/v2\/types\/product"}],"wp:featuredmedia":[{"embeddable":true,"href":"https:\/\/zaharascents.me\/me\/wp-json\/wp\/v2\/media\/5249"}],"wp:attachment":[{"href":"https:\/\/zaharascents.me\/me\/wp-json\/wp\/v2\/media?parent=5248"}],"wp:term":[{"taxonomy":"product_brand","embeddable":true,"href":"https:\/\/zaharascents.me\/me\/wp-json\/wp\/v2\/product_brand?post=5248"},{"taxonomy":"product_cat","embeddable":true,"href":"https:\/\/zaharascents.me\/me\/wp-json\/wp\/v2\/product_cat?post=5248"},{"taxonomy":"product_tag","embeddable":true,"href":"https:\/\/zaharascents.me\/me\/wp-json\/wp\/v2\/product_tag?post=5248"}],"curies":[{"name":"wp","href":"https:\/\/api.w.org\/{rel}","templated":true}]}}