{"id":5252,"date":"2026-03-25T00:09:05","date_gmt":"2026-03-25T00:09:05","guid":{"rendered":"https:\/\/zaharascents.me\/?post_type=product&#038;p=5252"},"modified":"2026-05-11T23:58:37","modified_gmt":"2026-05-11T23:58:37","slug":"lattafa-badee-al-oud-honor-glory","status":"publish","type":"product","link":"https:\/\/zaharascents.me\/me\/shop\/lattafa-badee-al-oud-honor-glory\/","title":{"rendered":"Lattafa Bade&#8217;e Al Oud Honor &#038; Glory"},"content":{"rendered":"<h5>Luksuzna gurmanska fuzija ananasa i bogatog krem brulea<\/h5>\n<p class=\"translation-block\"><p><strong>Lattafa Bade'e Al Oud Honor &amp; Glory<\/strong> je briljantno kreirana, od koje ide voda na usta, i duboko luksuzna parfemska voda koja potpuno redefini\u0161e modernu gurmansku eleganciju. Odvajaju\u0107i se od tradicionalnih tamnih i drvenih profila, ovo izvrsno izdanje nudi rasko\u0161no iskustvo nalik desertu koje zra\u010di \u010distom rado\u0161\u0107u i ekskluzivno\u0161\u0107u. Rezonuju\u0107i sa sofisticiranom toplinom vrhunskih niche kreacija poput Bond No 9 Tribeca, ovaj parfem plete opojni oblak karamelizovanog vo\u0107a, egzoti\u010dnih za\u010dina i kremastog drveta, \u010dine\u0107i ga izuzetnim parfemskim potpisom za svaku sezonu i priliku.<\/p><\/p>\n<h5>Mirisni profil i kompozicija<\/h5>\n<p>Putovanje po\u010dinje izuzetno ukusnim i neo\u010dekivanim uvodom. Blistav nalet so\u010dnog ananasa koji gasi \u017ee\u0111 besprekorno je obavijen bogatom, karamelizovanom slatko\u0107om krem brulea. Ovaj dinami\u010dni uvod od kog ide voda na usta trenutno privla\u010di pa\u017enju, umotavaju\u0107i \u010dula u topao, \u0161e\u0107erni i visoko zavisni zagrljaj.<\/p>\n<p>Kako se parfem razvija, srce otkriva spektakularno kompleksno, za\u010dinjeno i smolasto jezgro. Kompozicija se otvara zlatnom toplinom benzoina i cimeta, predivno u kontrastu sa o\u0161trom vrelinom crnog bibera koja golica i egzoti\u010dnim dodirom kurkume. Ova besprekorno kreirana srednja faza djeluje kao visoko-oktanski most, savr\u0161eno balansiraju\u0107i po\u010detnu slatko\u0107u sa duboko sofisticiranom, za\u010dinjenom teksturom.<\/p>\n<p>U svojim zavr\u0161nim fazama, kompozicija se spu\u0161ta u izvanredno privla\u010dnu i ugodnu osnovu. Duboko topli talas kremaste vanile i glatke sandalovine predivno je usidren mekom, luksuznom teksturom Cashmerana i suptilnim \u0161apatom zemljane mahovine. Ovaj vi\u0161eslojni, bogati fini\u0161 osigurava masivan, nevjerovatno dugotrajan trag koji projektuje \u010distu eleganciju i neodoljivi \u0161arm.<\/p>","protected":false},"excerpt":{"rendered":"<p><strong>BADE\u2019E AL OUD KOLEKCIJA<\/strong><\/p>\n<p><strong>Unisex \/ Eau De Parfum \/ 100ml<\/strong><\/p>\n<p><strong>Mirisni profil: <\/strong>Gurmanski, Vo\u0107ni, Za\u010dinski<\/p>\n<p><strong>Gornje note: <\/strong>Ananas, Krem brule (Creme Brulee)<br \/>\n<strong>Srednje note: <\/strong>Benzoin, Cimet, Crni biber, Kurkuma<br \/>\n<strong>Bazne note: <\/strong>Vanila, Cashmeran, Sandalovina, Mahovina<\/p>","protected":false},"featured_media":5254,"template":"","meta":[],"product_brand":[178],"product_cat":[90,85,105],"product_tag":[206,203],"class_list":{"0":"post-5252","1":"product","2":"type-product","3":"status-publish","4":"has-post-thumbnail","6":"product_brand-lattafa","7":"product_cat-eau-de-parfum","8":"product_cat-perfumes","9":"product_cat-unisex","10":"product_tag-badee-al-oud-collection","11":"product_tag-lattafa","13":"first","14":"instock","15":"taxable","16":"shipping-taxable","17":"purchasable","18":"product-type-variable"},"_links":{"self":[{"href":"https:\/\/zaharascents.me\/me\/wp-json\/wp\/v2\/product\/5252","targetHints":{"allow":["GET"]}}],"collection":[{"href":"https:\/\/zaharascents.me\/me\/wp-json\/wp\/v2\/product"}],"about":[{"href":"https:\/\/zaharascents.me\/me\/wp-json\/wp\/v2\/types\/product"}],"wp:featuredmedia":[{"embeddable":true,"href":"https:\/\/zaharascents.me\/me\/wp-json\/wp\/v2\/media\/5254"}],"wp:attachment":[{"href":"https:\/\/zaharascents.me\/me\/wp-json\/wp\/v2\/media?parent=5252"}],"wp:term":[{"taxonomy":"product_brand","embeddable":true,"href":"https:\/\/zaharascents.me\/me\/wp-json\/wp\/v2\/product_brand?post=5252"},{"taxonomy":"product_cat","embeddable":true,"href":"https:\/\/zaharascents.me\/me\/wp-json\/wp\/v2\/product_cat?post=5252"},{"taxonomy":"product_tag","embeddable":true,"href":"https:\/\/zaharascents.me\/me\/wp-json\/wp\/v2\/product_tag?post=5252"}],"curies":[{"name":"wp","href":"https:\/\/api.w.org\/{rel}","templated":true}]}}