{"id":5256,"date":"2026-03-25T00:14:01","date_gmt":"2026-03-25T00:14:01","guid":{"rendered":"https:\/\/zaharascents.me\/?post_type=product&#038;p=5256"},"modified":"2026-05-11T23:58:49","modified_gmt":"2026-05-11T23:58:49","slug":"lattafa-badee-al-oud-noble-blush","status":"publish","type":"product","link":"https:\/\/zaharascents.me\/me\/shop\/lattafa-badee-al-oud-noble-blush\/","title":{"rendered":"Lattafa Bade&#8217;e Al Oud Noble Blush"},"content":{"rendered":"<h5>Sanjivi gurmanski bijeg slatkog mlijeka od ru\u017ee i delikatnog badema<\/h5>\n<p class=\"translation-block\"><p><strong>Lattafa Bade'e Al Oud Noble Blush<\/strong> je parfemska voda koja oduzima dah svojom ukusno\u0161\u0107u, meka i duboko \u017eenstvena, koja potpuno transformi\u0161e koncept parfema od ru\u017ee. Udaljavaju\u0107i se od o\u0161trog cvije\u0107a, ovo o\u010daravaju\u0107e izdanje nudi sanjivo iskustvo nalik desertu koje zra\u010di \u010distom romanti\u010dnom elegancijom. Predivno odjekuju\u0107i luksuznu, mlije\u010dnu slatko\u0107u Lorenzo Pazzaglia Pink Milk, ovaj parfem plete opojni oblak kremastog mlijeka, u\u0161e\u0107erene puse (meringue) i delikatnih latica ru\u017ee, \u010dine\u0107i ga apsolutnom zvijezdom za one koji \u017eude za sofisticiranim, a opet jestivim parfemom.<\/p><\/p>\n<h5>Mirisni profil i kompozicija<\/h5>\n<p>Putovanje po\u010dinje izuzetno jedinstvenim uvodom od kog ide voda na usta. Blistav, ugodan pljusak kremastog mlijeka od ru\u017ee trenutno privla\u010di pa\u017enju, umotavaju\u0107i \u010dula u bar\u0161unasti, romanti\u010dni i delikatno slatki zagrljaj od prvog prskanja.<\/p>\n<p>Kako se parfem razvija, srce otkriva spektakularno bujno i gurmansko jezgro. Kompozicija se otvara prozra\u010dnom, u\u0161e\u0107erenom teksturom svje\u017ee pe\u010dene puse (meringue), predivno oboga\u0107enom ora\u0161astom, toplom elegancijom badema. Ova besprekorno kreirana srednja faza djeluje kao visoko-oktanski most, savr\u0161eno prevode\u0107i mlije\u010dno cvjetno otvaranje u bogato, sofisticirano remek-djelo nalik desertu.<\/p>\n<p>U svojim zavr\u0161nim fazama, kompozicija se spu\u0161ta u izvanredno privla\u010dnu i ugodnu osnovu. Duboko topli talas kremaste vanile i glatke sandalovine predivno je usidren mekom, luksuznom teksturom \u010distog mo\u0161usa. Ovaj vi\u0161eslojni, bogati fini\u0161 osigurava trajan trag koji projektuje \u010distu eleganciju, neodoljivu slatko\u0107u i tiho samopouzdanje tokom cijelog dana.<\/p>","protected":false},"excerpt":{"rendered":"<p><strong>BADE\u2019E AL OUD KOLEKCIJA<\/strong><\/p>\n<p><strong>Za nju \/ Eau De Parfum \/ 100ml<\/strong><\/p>\n<p><strong>Inspiracija: <\/strong>Lorenzo Pazzaglia Pink Milk<\/p>\n<p><strong>Mirisni profil: <\/strong>Cvjetni, Vo\u0107ni, Gurmanski<\/p>\n<p><strong>Gornje note: <\/strong>Ru\u017eino mlijeko<br \/>\n<strong>Srednje note: <\/strong>Puslica (Meringue), Badem<br \/>\n<strong>Bazne note: <\/strong>Vanila, Mo\u0161us, Sandalovina<\/p>","protected":false},"featured_media":5257,"template":"","meta":[],"product_brand":[178],"product_cat":[90,104,85],"product_tag":[206,203],"class_list":{"0":"post-5256","1":"product","2":"type-product","3":"status-publish","4":"has-post-thumbnail","6":"product_brand-lattafa","7":"product_cat-eau-de-parfum","8":"product_cat-for-her","9":"product_cat-perfumes","10":"product_tag-badee-al-oud-collection","11":"product_tag-lattafa","13":"first","14":"instock","15":"taxable","16":"shipping-taxable","17":"purchasable","18":"product-type-variable"},"_links":{"self":[{"href":"https:\/\/zaharascents.me\/me\/wp-json\/wp\/v2\/product\/5256","targetHints":{"allow":["GET"]}}],"collection":[{"href":"https:\/\/zaharascents.me\/me\/wp-json\/wp\/v2\/product"}],"about":[{"href":"https:\/\/zaharascents.me\/me\/wp-json\/wp\/v2\/types\/product"}],"wp:featuredmedia":[{"embeddable":true,"href":"https:\/\/zaharascents.me\/me\/wp-json\/wp\/v2\/media\/5257"}],"wp:attachment":[{"href":"https:\/\/zaharascents.me\/me\/wp-json\/wp\/v2\/media?parent=5256"}],"wp:term":[{"taxonomy":"product_brand","embeddable":true,"href":"https:\/\/zaharascents.me\/me\/wp-json\/wp\/v2\/product_brand?post=5256"},{"taxonomy":"product_cat","embeddable":true,"href":"https:\/\/zaharascents.me\/me\/wp-json\/wp\/v2\/product_cat?post=5256"},{"taxonomy":"product_tag","embeddable":true,"href":"https:\/\/zaharascents.me\/me\/wp-json\/wp\/v2\/product_tag?post=5256"}],"curies":[{"name":"wp","href":"https:\/\/api.w.org\/{rel}","templated":true}]}}