{"id":5259,"date":"2026-03-25T00:16:59","date_gmt":"2026-03-25T00:16:59","guid":{"rendered":"https:\/\/zaharascents.me\/?post_type=product&#038;p=5259"},"modified":"2026-05-12T00:00:12","modified_gmt":"2026-05-12T00:00:12","slug":"lattafa-badee-al-oud-sublime","status":"publish","type":"product","link":"https:\/\/zaharascents.me\/me\/shop\/lattafa-badee-al-oud-sublime\/","title":{"rendered":"Lattafa Bade&#8217;e Al Oud Sublime"},"content":{"rendered":"<h5>Vibrantna eksplozija so\u010dne jabuke i egzoti\u010dnog li\u010dija<\/h5>\n<p class=\"translation-block\"><p><strong>Lattafa Bade'e Al Oud Sublime<\/strong> je fenomenalno blistava, so\u010dna i podi\u017eu\u0107a parfemska voda koja uvodi briljantno osvje\u017eavaju\u0107i preokret u ikoni\u010dnu Bade'e Al Oud kolekciju. Udaljavaju\u0107i se od tamnog drveta i te\u0161kih za\u010dina, ovo upe\u010datljivo crveno izdanje nudi vo\u0107no-cvjetno iskustvo od kog ide voda na usta, koje puca od \u010diste radosti i vibrantne energije. Predivno odjekuju\u0107i razigranu, a opet sofisticiranu auru premium dizajnerskih hitova poput Kayali Eden Juicy Apple | 01, ovaj parfem plete opojni oblak hrskavog vo\u0107a iz vo\u0107njaka, bujnih latica i zemljane mahovine, \u010dine\u0107i ga apsolutnim klasikom za tople dane, prolje\u0107na popodneva i trenutke kada \u017eelite da se osje\u0107ate magneti\u010dno bez napora.<\/p><\/p>\n<h5>Mirisni profil i kompozicija<\/h5>\n<p>Putovanje po\u010dinje izuzetno svijetlim uvodom koji gasi \u017ee\u0111. Blistav, visokoenergetski pljusak hrskave jabuke besprekorno je isprepleten sa egzoti\u010dnom, slatkom oporo\u0161\u0107u li\u010dija i delikatnim \u0161apatom svje\u017ee ru\u017ee. Ovaj dinami\u010dni uvod trenutno privla\u010di pa\u017enju, umotavaju\u0107i \u010dula u vo\u0107ni zagrljaj od kog ide voda na usta od prvog prskanja.<\/p>\n<p>Kako se parfem razvija, srce otkriva spektakularno bujno i bar\u0161unasto jezgro. Kompozicija se otvara bogatom slatko\u0107om tamne \u0161ljive nalik nektaru, predivno izbalansiranom romanti\u010dnom, prozra\u010dnom elegancijom rascvjetalog jasmina. Ova besprekorno kreirana srednja faza djeluje kao visoko-oktanski most, savr\u0161eno prevode\u0107i o\u0161tro, svje\u017ee otvaranje u duboko sofisticirano i zavodljivo cvjetno remek-djelo.<\/p>\n<p>U svojim zavr\u0161nim fazama, kompozicija se spu\u0161ta u izvanredno privla\u010dnu i komanduju\u0107u osnovu. Duboko ugodan talas kremaste vanile predivno je usidren zemljanom, uzemljuju\u0107om rezonancom zelene mahovine i suptilnim dodirom pa\u010dulija. Ovaj vi\u0161eslojni, iznena\u0111uju\u0107e elegantan fini\u0161 osigurava trajan trag koji projektuje \u010disto samopouzdanje, balansiraju\u0107i intenzivnu vo\u0107nu slatko\u0107u sa prefinjenom, zrelom dubinom.<\/p>","protected":false},"excerpt":{"rendered":"<p><strong>BADE\u2019E AL OUD KOLEKCIJA<\/strong><\/p>\n<p><strong>Unisex \/ Eau De Parfum \/ 100ml<\/strong><\/p>\n<p><strong>Inspiracija: <\/strong>Kayali Eden Juicy Apple | 01<\/p>\n<p><strong>Mirisni profil: <\/strong>Vo\u0107ni, Cvjetni, Zemljani<\/p>\n<p><strong>Gornje note: <\/strong>Jabuka, Li\u010di, Ru\u017ea<br \/>\n<strong>Srednje note: <\/strong>\u0160ljiva, Jasmin<br \/>\n<strong>Bazne note: <\/strong>Vanila, Mahovina, Pa\u010duli<\/p>","protected":false},"featured_media":5260,"template":"","meta":[],"product_brand":[178],"product_cat":[90,85],"product_tag":[206,203],"class_list":{"0":"post-5259","1":"product","2":"type-product","3":"status-publish","4":"has-post-thumbnail","6":"product_brand-lattafa","7":"product_cat-eau-de-parfum","8":"product_cat-perfumes","9":"product_tag-badee-al-oud-collection","10":"product_tag-lattafa","12":"first","13":"instock","14":"taxable","15":"shipping-taxable","16":"purchasable","17":"product-type-variable"},"_links":{"self":[{"href":"https:\/\/zaharascents.me\/me\/wp-json\/wp\/v2\/product\/5259","targetHints":{"allow":["GET"]}}],"collection":[{"href":"https:\/\/zaharascents.me\/me\/wp-json\/wp\/v2\/product"}],"about":[{"href":"https:\/\/zaharascents.me\/me\/wp-json\/wp\/v2\/types\/product"}],"wp:featuredmedia":[{"embeddable":true,"href":"https:\/\/zaharascents.me\/me\/wp-json\/wp\/v2\/media\/5260"}],"wp:attachment":[{"href":"https:\/\/zaharascents.me\/me\/wp-json\/wp\/v2\/media?parent=5259"}],"wp:term":[{"taxonomy":"product_brand","embeddable":true,"href":"https:\/\/zaharascents.me\/me\/wp-json\/wp\/v2\/product_brand?post=5259"},{"taxonomy":"product_cat","embeddable":true,"href":"https:\/\/zaharascents.me\/me\/wp-json\/wp\/v2\/product_cat?post=5259"},{"taxonomy":"product_tag","embeddable":true,"href":"https:\/\/zaharascents.me\/me\/wp-json\/wp\/v2\/product_tag?post=5259"}],"curies":[{"name":"wp","href":"https:\/\/api.w.org\/{rel}","templated":true}]}}