{"id":5262,"date":"2026-03-26T01:34:55","date_gmt":"2026-03-26T01:34:55","guid":{"rendered":"https:\/\/zaharascents.me\/?post_type=product&#038;p=5262"},"modified":"2026-04-28T00:59:43","modified_gmt":"2026-04-28T00:59:43","slug":"lattafa-angham","status":"publish","type":"product","link":"https:\/\/zaharascents.me\/me\/shop\/lattafa-angham\/","title":{"rendered":"Lattafa Angham"},"content":{"rendered":"<h5>Melodi\u010dna fuzija kremaste vanile i aromati\u010dne lavande<\/h5>\n<p class=\"translation-block\"><p><strong>Lattafa Angham<\/strong> je parfemska voda koja oduzima dah svojom elegancijom, meka i nevjerovatno sofisticirana, dizajnirana za modernu \u017eenu koja zra\u010di tihim samopouzdanjem i graciozno\u0161\u0107u. Prevode\u0107i se kao \"melodija\" na arapskom, ovo o\u010daravaju\u0107e izdanje savr\u0161eno opravdava svoje ime, nude\u0107i blistavo, bar\u0161unasto iskustvo koje oli\u010dava \u010disti luksuz. Predivno odjekuju\u0107i ugodnu, aromati\u010dnu slatko\u0107u premium dizajnerskih hitova poput Burberry Goddess, ovaj parfem plete opojni oblak umiruju\u0107eg bilja, bogatih pralina i toplih za\u010dina, \u010dine\u0107i ga apsolutnim klasikom za svakodnevnu eleganciju, no\u0161enje u kancelariji i ugodne ve\u010deri.<\/p><\/p>\n<h5>Mirisni profil i kompozicija<\/h5>\n<p>Putovanje po\u010dinje izuzetno svijetlim, za\u010dinjenim i podi\u017eu\u0107im uvodom. Blistav pljusak poletne mandarine besprekorno je energizovan svje\u017eim, o\u0161trim udarom \u0111umbira i delikatnim dodirom rozog bibera. Ovaj dinami\u010dni uvod trenutno budi \u010dula, pru\u017eaju\u0107i iskri\u010dav i moderan prvi utisak.<\/p>\n<p>Kako se parfem razvija, srce otkriva spektakularno bujno, gurmansko i umiruju\u0107e jezgro. Kompozicija se otvara prozra\u010dnom, aromati\u010dnom elegancijom lavande, predivno oboga\u0107enom dekadentnom slatko\u0107om pralina i kakaoa, dok \u0161apat jasmina dodaje klasi\u010dan cvjetni dodir. Ova besprekorno kreirana srednja faza djeluje kao visoko-oktanski most, savr\u0161eno prevode\u0107i svje\u017ee otvaranje u bogato, sofisticirano i duboko ugodno remek-djelo.<\/p>\n<p>U svojim zavr\u0161nim fazama, kompozicija se spu\u0161ta u izvanredno privla\u010dnu i toplu osnovu. Duboko ugodan talas kremaste vanile predivno je usidren u\u017earenom rezonancom ambera i mekom teksturom \u010distog mo\u0161usa stopljenom s ko\u017eom. Ovaj vi\u0161eslojni, luksuzni fini\u0161 osigurava trajan trag koji projektuje \u010distu eleganciju, neodoljivu slatko\u0107u i \u0161arm bez napora tokom cijelog dana.<\/p>","protected":false},"excerpt":{"rendered":"<p><strong>ANGHAM KOLEKCIJA<\/strong><\/p>\n<p><strong>Za nju \/ Eau De Parfum \/ 100ml<\/strong><\/p>\n<p><strong>Inspiracija: <\/strong>Burberry Goddess<\/p>\n<p><strong>Mirisni profil: <\/strong>Amberni, Aromati\u010dni, Gurmanski<\/p>\n<p><strong>Gornje note: <\/strong>Mandarina, \u0110umbir, Rozi biber<br \/>\n<strong>Srednje note: <\/strong>Lavanda, Praline, Kakao, Jasmin<br \/>\n<strong>Bazne note: <\/strong>Vanila, Amber, Mo\u0161us<\/p>","protected":false},"featured_media":5263,"template":"","meta":[],"product_brand":[178],"product_cat":[90,104,85],"product_tag":[207,203],"class_list":{"0":"post-5262","1":"product","2":"type-product","3":"status-publish","4":"has-post-thumbnail","6":"product_brand-lattafa","7":"product_cat-eau-de-parfum","8":"product_cat-for-her","9":"product_cat-perfumes","10":"product_tag-angham-collection","11":"product_tag-lattafa","13":"first","14":"instock","15":"taxable","16":"shipping-taxable","17":"purchasable","18":"product-type-variable"},"_links":{"self":[{"href":"https:\/\/zaharascents.me\/me\/wp-json\/wp\/v2\/product\/5262","targetHints":{"allow":["GET"]}}],"collection":[{"href":"https:\/\/zaharascents.me\/me\/wp-json\/wp\/v2\/product"}],"about":[{"href":"https:\/\/zaharascents.me\/me\/wp-json\/wp\/v2\/types\/product"}],"wp:featuredmedia":[{"embeddable":true,"href":"https:\/\/zaharascents.me\/me\/wp-json\/wp\/v2\/media\/5263"}],"wp:attachment":[{"href":"https:\/\/zaharascents.me\/me\/wp-json\/wp\/v2\/media?parent=5262"}],"wp:term":[{"taxonomy":"product_brand","embeddable":true,"href":"https:\/\/zaharascents.me\/me\/wp-json\/wp\/v2\/product_brand?post=5262"},{"taxonomy":"product_cat","embeddable":true,"href":"https:\/\/zaharascents.me\/me\/wp-json\/wp\/v2\/product_cat?post=5262"},{"taxonomy":"product_tag","embeddable":true,"href":"https:\/\/zaharascents.me\/me\/wp-json\/wp\/v2\/product_tag?post=5262"}],"curies":[{"name":"wp","href":"https:\/\/api.w.org\/{rel}","templated":true}]}}