{"id":5265,"date":"2026-03-26T01:39:59","date_gmt":"2026-03-26T01:39:59","guid":{"rendered":"https:\/\/zaharascents.me\/?post_type=product&#038;p=5265"},"modified":"2026-04-28T01:03:39","modified_gmt":"2026-04-28T01:03:39","slug":"lattafa-angham-second-song","status":"publish","type":"product","link":"https:\/\/zaharascents.me\/me\/shop\/lattafa-angham-second-song\/","title":{"rendered":"Lattafa Angham Second Song"},"content":{"rendered":"<h5>Fantazija blistavog cvijeta kru\u0161ke i kremastih pralina<\/h5>\n<p class=\"translation-block\"><p><strong>Lattafa Angham Second Song<\/strong> je parfemska voda koja oduzima dah svojom blistavo\u0161\u0107u, so\u010dna i duboko \u017eenstvena, koja uvodi briljantno osvje\u017eavaju\u0107u evoluciju u Angham lozu. Udaljavaju\u0107i se od aromati\u010dne lavande svog prethodnika, ovo zapanjuju\u0107e novo izdanje nudi vibrantno, cvjetno-gurmansko iskustvo koje djeluje i prozra\u010dno i duboko ugodno. Predivno odjekuju\u0107i zavisnu, suncem okupanu slatko\u0107u premium dizajnerskih hitova poput Dolce &amp; Gabbana Devotion, ovaj parfem plete opojni oblak hrskavih cvjetova iz vo\u0107njaka, delikatnih latica i toplog, u\u0161e\u0107erenog drveta, \u010dine\u0107i ga apsolutnim klasikom za elegantno svakodnevno no\u0161enje i romanti\u010dne prolje\u0107ne ve\u010deri.<\/p><\/p>\n<h5>Mirisni profil i kompozicija<\/h5>\n<p>Putovanje po\u010dinje izuzetno svijetlim uvodom koji gasi \u017ee\u0111. Blistav, visokoenergetski pljusak poletnog bergamota besprekorno je isprepleten sa mekom, so\u010dnom slatko\u0107om cvijeta kru\u0161ke. Ovaj dinami\u010dni uvod trenutno privla\u010di pa\u017enju, umotavaju\u0107i \u010dula u svje\u017e, moderan i delikatno vo\u0107ni zagrljaj od prvog prskanja.<\/p>\n<p>Kako se parfem razvija, srce otkriva spektakularno bujno i bar\u0161unasto jezgro. Kompozicija se otvara blistavom, prozra\u010dnom elegancijom cvijeta narand\u017ee i romanti\u010dnog bo\u017eura, predivno oboga\u0107enom dekadentnom, ora\u0161astom slatko\u0107om pralina. Ova besprekorno kreirana srednja faza djeluje kao visoko-oktanski most, savr\u0161eno prevode\u0107i iskri\u010davo otvaranje u bogato, sofisticirano cvjetno remek-djelo nalik desertu.<\/p>\n<p>U svojim zavr\u0161nim fazama, kompozicija se spu\u0161ta u izvanredno privla\u010dnu i komanduju\u0107u osnovu. Duboko topli talas kremaste vanile i slatke Tonke predivno je usidren mekom, magneti\u010dnom rezonancom ambroksana i \u010distog mo\u0161usa. Ovaj vi\u0161eslojni, luksuzni fini\u0161 osigurava masivan, nevjerovatno dugotrajan trag koji projektuje \u010disto samopouzdanje, balansiraju\u0107i po\u010detnu vo\u0107nu svje\u017einu sa prefinjenom, senzualnom dubinom.<\/p>","protected":false},"excerpt":{"rendered":"<p><strong>ANGHAM KOLEKCIJA<\/strong><\/p>\n<p><strong>Za nju \/ Eau De Parfum \/ 100ml<\/strong><\/p>\n<p><strong>Inspiracija: <\/strong>Dolce &#038; Gabbana Devotion<\/p>\n<p><strong>Mirisni profil: <\/strong>Cvjetni, Vo\u0107ni, Gurmanski<\/p>\n<p><strong>Gornje note: <\/strong>Bergamot, Cvijet kru\u0161ke<br \/>\n<strong>Srednje note: <\/strong>Cvijet narand\u017ee, Bo\u017eur, Praline<br \/>\n<strong>Bazne note: <\/strong>Vanila, Tonka, Ambroksan, Mo\u0161us<\/p>","protected":false},"featured_media":5266,"template":"","meta":[],"product_brand":[178],"product_cat":[90,104,85],"product_tag":[207,203],"class_list":{"0":"post-5265","1":"product","2":"type-product","3":"status-publish","4":"has-post-thumbnail","6":"product_brand-lattafa","7":"product_cat-eau-de-parfum","8":"product_cat-for-her","9":"product_cat-perfumes","10":"product_tag-angham-collection","11":"product_tag-lattafa","13":"first","14":"instock","15":"taxable","16":"shipping-taxable","17":"purchasable","18":"product-type-variable"},"_links":{"self":[{"href":"https:\/\/zaharascents.me\/me\/wp-json\/wp\/v2\/product\/5265","targetHints":{"allow":["GET"]}}],"collection":[{"href":"https:\/\/zaharascents.me\/me\/wp-json\/wp\/v2\/product"}],"about":[{"href":"https:\/\/zaharascents.me\/me\/wp-json\/wp\/v2\/types\/product"}],"wp:featuredmedia":[{"embeddable":true,"href":"https:\/\/zaharascents.me\/me\/wp-json\/wp\/v2\/media\/5266"}],"wp:attachment":[{"href":"https:\/\/zaharascents.me\/me\/wp-json\/wp\/v2\/media?parent=5265"}],"wp:term":[{"taxonomy":"product_brand","embeddable":true,"href":"https:\/\/zaharascents.me\/me\/wp-json\/wp\/v2\/product_brand?post=5265"},{"taxonomy":"product_cat","embeddable":true,"href":"https:\/\/zaharascents.me\/me\/wp-json\/wp\/v2\/product_cat?post=5265"},{"taxonomy":"product_tag","embeddable":true,"href":"https:\/\/zaharascents.me\/me\/wp-json\/wp\/v2\/product_tag?post=5265"}],"curies":[{"name":"wp","href":"https:\/\/api.w.org\/{rel}","templated":true}]}}