{"id":5268,"date":"2026-03-26T01:41:03","date_gmt":"2026-03-26T01:41:03","guid":{"rendered":"https:\/\/zaharascents.me\/?post_type=product&#038;p=5268"},"modified":"2026-04-28T01:06:30","modified_gmt":"2026-04-28T01:06:30","slug":"lattafa-art-of-universe","status":"publish","type":"product","link":"https:\/\/zaharascents.me\/me\/shop\/lattafa-art-of-universe\/","title":{"rendered":"Lattafa Art Of Universe"},"content":{"rendered":"<h5>Nebesko putovanje blistavih citrusa i so\u010dne kru\u0161ke<\/h5>\n<p class=\"translation-block\"><p><strong>Lattafa Art Of Universe<\/strong> je nevjerovatno vibrantna, podi\u017eu\u0107a i sofisticirana parfemska voda dizajnirana za one koji zra\u010de modernom elegancijom i energijom bez napora. Bje\u017ee\u0107i od te\u0161kih tradicija, ovo blistavo izdanje nudi besprekorno, prozra\u010dno iskustvo koje djeluje kao da\u0161ak svje\u017eeg luksuza. Predivno odjekuju\u0107i svijetlu, futuristi\u010dku auru ekskluzivnih niche kreacija poput Ex Nihilo Blue Talisman, ovaj parfem plete opojni oblak poletnog vo\u0107a, delikatnih cvjetova i mekog drveta, \u010dine\u0107i ga apsolutnim klasikom za dnevno samopouzdanje, no\u0161enje u kancelariji i avanture po toplom vremenu.<\/p><\/p>\n<h5>Mirisni profil i kompozicija<\/h5>\n<p>Putovanje po\u010dinje izuzetno svijetlim, energi\u010dnim uvodom koji gasi \u017ee\u0111. Blistav pljusak so\u010dne mandarine i o\u0161trog bergamota besprekorno je uzdignut ledenom hladno\u0107om nane i suptilnim, za\u010dinskim udarom \u0111umbira. Ovaj dinami\u010dni uvod trenutno budi \u010dula, pru\u017eaju\u0107i iskri\u010dav, suncem okupan prvi utisak.<\/p>\n<p>Kako se parfem razvija, srce otkriva spektakularno bujno, prozra\u010dno i delikatno slatko jezgro. Kompozicija se otvara hrskavim nektarom od kog ide voda na usta svje\u017ee kru\u0161ke, predivno omek\u0161anim elegantnim, bijelo-cvjetnim \u0161armom cvijeta narand\u017ee. Ova besprekorno kreirana srednja faza djeluje kao visoko-oktanski most, savr\u0161eno prevode\u0107i poletno otvaranje u sofisticirano i pozivaju\u0107e vo\u0107no-cvjetno remek-djelo.<\/p>\n<p>U svojim zavr\u0161nim fazama, kompozicija se spu\u0161ta u izvanredno privla\u010dnu i ugodnu osnovu. Duboko topli talas u\u017earenog ambera i \u010dvrste kedrovine predivno je usidren mekom, senzualnom teksturom \u010distog mo\u0161usa. Ovaj vi\u0161eslojni, blistavi fini\u0161 osigurava trajan, magneti\u010dan trag koji projektuje \u010distu jasno\u0107u, moderan \u0161arm i tihi autoritet.<\/p>","protected":false},"excerpt":{"rendered":"<p><strong>PRIDE KOLEKCIJA<\/strong><\/p>\n<p><strong>Unisex \/ Eau De Parfum \/ 100ml<\/strong><\/p>\n<p><strong>Inspiracija: <\/strong>Ex Nihilo Blue Talisman<\/p>\n<p><strong>Mirisni profil: <\/strong>Citrusni, Vo\u0107ni, Mo\u0161usni<\/p>\n<p><strong>Gornje note: <\/strong>Bergamot, Mandarina, \u0110umbir, Metvica<br \/>\n<strong>Srednje note: <\/strong>Kru\u0161ka, cvijet naran\u010de<br \/>\n<strong>Bazne note: <\/strong>Mo\u0161us, Amber, Cedar<\/p>","protected":false},"featured_media":5311,"template":"","meta":[],"product_brand":[178],"product_cat":[90,85,105],"product_tag":[203,208],"class_list":{"0":"post-5268","1":"product","2":"type-product","3":"status-publish","4":"has-post-thumbnail","6":"product_brand-lattafa","7":"product_cat-eau-de-parfum","8":"product_cat-perfumes","9":"product_cat-unisex","10":"product_tag-lattafa","11":"product_tag-pride-collection","13":"first","14":"instock","15":"taxable","16":"shipping-taxable","17":"purchasable","18":"product-type-variable"},"_links":{"self":[{"href":"https:\/\/zaharascents.me\/me\/wp-json\/wp\/v2\/product\/5268","targetHints":{"allow":["GET"]}}],"collection":[{"href":"https:\/\/zaharascents.me\/me\/wp-json\/wp\/v2\/product"}],"about":[{"href":"https:\/\/zaharascents.me\/me\/wp-json\/wp\/v2\/types\/product"}],"wp:featuredmedia":[{"embeddable":true,"href":"https:\/\/zaharascents.me\/me\/wp-json\/wp\/v2\/media\/5311"}],"wp:attachment":[{"href":"https:\/\/zaharascents.me\/me\/wp-json\/wp\/v2\/media?parent=5268"}],"wp:term":[{"taxonomy":"product_brand","embeddable":true,"href":"https:\/\/zaharascents.me\/me\/wp-json\/wp\/v2\/product_brand?post=5268"},{"taxonomy":"product_cat","embeddable":true,"href":"https:\/\/zaharascents.me\/me\/wp-json\/wp\/v2\/product_cat?post=5268"},{"taxonomy":"product_tag","embeddable":true,"href":"https:\/\/zaharascents.me\/me\/wp-json\/wp\/v2\/product_tag?post=5268"}],"curies":[{"name":"wp","href":"https:\/\/api.w.org\/{rel}","templated":true}]}}