{"id":5271,"date":"2026-03-26T01:45:08","date_gmt":"2026-03-26T01:45:08","guid":{"rendered":"https:\/\/zaharascents.me\/?post_type=product&#038;p=5271"},"modified":"2026-04-28T10:22:40","modified_gmt":"2026-04-28T10:22:40","slug":"lattafa-qaed-al-fursan","status":"publish","type":"product","link":"https:\/\/zaharascents.me\/me\/shop\/lattafa-qaed-al-fursan\/","title":{"rendered":"Lattafa Qaed Al Fursan"},"content":{"rendered":"<h5>Magneti\u010dna aura karamelizovanog ananasa i plemenitog \u0161afrana<\/h5>\n<p class=\"translation-block\"><p><strong>Lattafa Qaed Al Fursan<\/strong> je nevjerovatno magneti\u010dna, so\u010dna i mo\u0107na parfemska voda koja komanduje pa\u017enjom od prvog prskanja. \u010cesto hvaljen u parfemskoj zajednici kao \"kralj ananasa\", ovo smjelo izdanje nudi iskustvo od kog ide voda na usta, a opet duboko sofisticirano, koje savr\u0161eno balansira svijetlo vo\u0107e sa tamnim, misterioznim drvetom. Predivno odjekuju\u0107i zavodljivu, slatko-za\u010dinjenu auru dizajnerskih hitova poput Paco Rabanne Black XS, ovaj parfem plete opojni oblak karamelizovanog ananasa, aromati\u010dnog \u0161afrana i \u010dvrstog drveta, \u010dine\u0107i ga apsolutnim klasikom za samouvjereno svakodnevno no\u0161enje i energi\u010dne ve\u010deri.<\/p><\/p>\n<h5>Mirisni profil i kompozicija<\/h5>\n<p>Putovanje po\u010dinje izuzetno vibrantnim uvodom od kog ide voda na usta. Masivna eksplozija slatkog, zrelog ananasa koja gasi \u017ee\u0111 besprekorno je uzdignuta egzoti\u010dnom, zlatnom toplinom \u0161afrana. Ovaj dinami\u010dni uvod trenutno budi \u010dula, pru\u017eaju\u0107i vo\u0107ni, luksuzni i visoko zavisni prvi utisak.<\/p>\n<p>Kako se parfem razvija, srce otkriva spektakularno glatko, bijelo-cvjetno i blago smolasto jezgro. Kompozicija se otvara prozra\u010dnom elegancijom jasmina, predivno oboga\u0107enom aromati\u010dnim, rashla\u0111uju\u0107im dodirom balzamaste jele. Ova besprekorno kreirana srednja faza djeluje kao visoko-oktanski most, savr\u0161eno prevode\u0107i eksplozivno vo\u0107no otvaranje u duboko sofisticirano i dobro zaokru\u017eeno remek-djelo.<\/p>\n<p>U svojim zavr\u0161nim fazama, kompozicija se spu\u0161ta u izvanredno privla\u010dnu i komanduju\u0107u osnovu. Duboko topli talas u\u017earenog ambera i \u010dvrste kedrovine predivno je usidren mekom, luksuznom smolom agar drveta (Oud). Ovaj vi\u0161eslojni, tamni fini\u0161 osigurava trajan, magneti\u010dan trag koji projektuje \u010disto samopouzdanje, balansiraju\u0107i po\u010detnu slatko\u0107u sa prefinjenom, mu\u017eevnom dubinom.<\/p>","protected":false},"excerpt":{"rendered":"<p><strong>QAED AL FURSAN KOLEKCIJA<\/strong><\/p>\n<p><strong>Unisex \/ Eau De Parfum \/ 90ml<\/strong><\/p>\n<p><strong>Mirisni profil: <\/strong>Vo\u0107ni, Drveni, Amberni<\/p>\n<p><strong>Gornje note: <\/strong>Ananas, \u0160afran<br \/>\n<strong>Srednje note: <\/strong>Jasmin, Balzamasta jela<br \/>\n<strong>Bazne note: <\/strong>Amber, Kedrovina, Agar drvo (Oud)<\/p>","protected":false},"featured_media":5272,"template":"","meta":[],"product_brand":[178],"product_cat":[90,85,105],"product_tag":[203,209],"class_list":{"0":"post-5271","1":"product","2":"type-product","3":"status-publish","4":"has-post-thumbnail","6":"product_brand-lattafa","7":"product_cat-eau-de-parfum","8":"product_cat-perfumes","9":"product_cat-unisex","10":"product_tag-lattafa","11":"product_tag-qaed-al-fursan-collection","13":"first","14":"instock","15":"taxable","16":"shipping-taxable","17":"purchasable","18":"product-type-variable"},"_links":{"self":[{"href":"https:\/\/zaharascents.me\/me\/wp-json\/wp\/v2\/product\/5271","targetHints":{"allow":["GET"]}}],"collection":[{"href":"https:\/\/zaharascents.me\/me\/wp-json\/wp\/v2\/product"}],"about":[{"href":"https:\/\/zaharascents.me\/me\/wp-json\/wp\/v2\/types\/product"}],"wp:featuredmedia":[{"embeddable":true,"href":"https:\/\/zaharascents.me\/me\/wp-json\/wp\/v2\/media\/5272"}],"wp:attachment":[{"href":"https:\/\/zaharascents.me\/me\/wp-json\/wp\/v2\/media?parent=5271"}],"wp:term":[{"taxonomy":"product_brand","embeddable":true,"href":"https:\/\/zaharascents.me\/me\/wp-json\/wp\/v2\/product_brand?post=5271"},{"taxonomy":"product_cat","embeddable":true,"href":"https:\/\/zaharascents.me\/me\/wp-json\/wp\/v2\/product_cat?post=5271"},{"taxonomy":"product_tag","embeddable":true,"href":"https:\/\/zaharascents.me\/me\/wp-json\/wp\/v2\/product_tag?post=5271"}],"curies":[{"name":"wp","href":"https:\/\/api.w.org\/{rel}","templated":true}]}}