{"id":5274,"date":"2026-03-26T01:46:34","date_gmt":"2026-03-26T01:46:34","guid":{"rendered":"https:\/\/zaharascents.me\/?post_type=product&#038;p=5274"},"modified":"2026-04-28T10:54:04","modified_gmt":"2026-04-28T10:54:04","slug":"lattafa-qaed-al-fursan-unlimited","status":"publish","type":"product","link":"https:\/\/zaharascents.me\/me\/shop\/lattafa-qaed-al-fursan-unlimited\/","title":{"rendered":"Lattafa Qaed Al Fursan Unlimited"},"content":{"rendered":"<h5>Blistava fuzija kremastog kokosa i slatkog ananasa<\/h5>\n<p class=\"translation-block\"><p><strong>Lattafa Qaed Al Fursan Unlimited<\/strong> je parfemska voda koja oduzima dah svojom blistavo\u0161\u0107u, laktonska i neodoljivo slatka, koja transportuje \u010dula pravo na ekskluzivno tropsko bjekstvo. Potpuno se odvajaju\u0107i od tamnog, drvenog profila originalnog crnog izdanja, ova besprekorno bijela bo\u010dica isporu\u010duje solarno iskustvo nalik desertu koje zra\u010di \u010distom rado\u0161\u0107u i opu\u0161tanjem. Besprekorno hvataju\u0107i luksuznu, suncem okupanu esenciju vrhunskih niche kreacija poput Mancera Coco Vanille, ovaj parfem plete opojni oblak mlije\u010dnog kokosa, egzoti\u010dnih ostrvskih cvjetova i bogate vanile, \u010dine\u0107i ga apsolutnim klasikom za ljetnje odmore, tople prolje\u0107ne dane i svakoga ko obo\u017eava kremasti gurmanski profil.<\/p><\/p>\n<h5>Mirisni profil i kompozicija<\/h5>\n<p>Putovanje po\u010dinje izuzetno svijetlom, eksplozijom tropske svje\u017eine od koje ide voda na usta. Masivni pljusak kremastog kokosa savr\u0161eno je energizovan poletnom iskrom citrusa i slatkim, so\u010dnim nektarom ananasa. Ovaj blistavi uvod trenutno plijeni prostoriju, pru\u017eaju\u0107i dekadentni prvi utisak nalik na pina koladu koji djeluje nevjerovatno luksuzno.<\/p>\n<p>Kako se parfem razvija, srce otkriva spektakularno bujno, solarno i bar\u0161unasto cvjetno jezgro. Kompozicija se otvara gustom, egzoti\u010dnom toplinom frangipanija i ylang-ylanga, predivno omek\u0161anom delikatnom, bijelo-cvjetnom elegancijom jasmina. Ova besprekorno kreirana srednja faza djeluje kao visoko-oktanski most, prevode\u0107i vo\u0107no otvaranje u duboko sofisticirano, suncem okupano cvjetno remek-djelo.<\/p>\n<p>U svojim zavr\u0161nim fazama, kompozicija se spu\u0161ta u izvanredno privla\u010dnu i ugodnu osnovu. Duboko topli talas bogate vanile i slatkih nota predivno je usidren mekom teksturom \u010distog mo\u0161usa stopljenom s ko\u017eom i kremastom rezonancom sandalovine. Ovaj vi\u0161eslojni, puderasti fini\u0161 osigurava trajan trag koji projektuje \u010distu eleganciju, neodoljivu slatko\u0107u i dugotrajan \u0161arm spreman za praznike tokom cijelog dana.<\/p>","protected":false},"excerpt":{"rendered":"<p><strong>QAED AL FURSAN KOLEKCIJA<\/strong><\/p>\n<p><strong>For Her \/ Eau De Parfum \/ 90ml<\/strong><\/p>\n<p><strong>Mirisni profil: <\/strong>Tropski, Gurmanski, Cvjetni<\/p>\n<p><strong>Gornje note: <\/strong>Kokos, Ananas, Citrusi<br \/>\n<strong>Srednje note: <\/strong>Ylang-Ylang, Frangipani, Jasmin<br \/>\n<strong>Bazne note: <\/strong>Vanila, Mo\u0161us, Sandalovina, Slatke note<\/p>","protected":false},"featured_media":5275,"template":"","meta":[],"product_brand":[178],"product_cat":[90,104,85,105],"product_tag":[203,209],"class_list":{"0":"post-5274","1":"product","2":"type-product","3":"status-publish","4":"has-post-thumbnail","6":"product_brand-lattafa","7":"product_cat-eau-de-parfum","8":"product_cat-for-her","9":"product_cat-perfumes","10":"product_cat-unisex","11":"product_tag-lattafa","12":"product_tag-qaed-al-fursan-collection","14":"first","15":"instock","16":"taxable","17":"shipping-taxable","18":"purchasable","19":"product-type-variable"},"_links":{"self":[{"href":"https:\/\/zaharascents.me\/me\/wp-json\/wp\/v2\/product\/5274","targetHints":{"allow":["GET"]}}],"collection":[{"href":"https:\/\/zaharascents.me\/me\/wp-json\/wp\/v2\/product"}],"about":[{"href":"https:\/\/zaharascents.me\/me\/wp-json\/wp\/v2\/types\/product"}],"wp:featuredmedia":[{"embeddable":true,"href":"https:\/\/zaharascents.me\/me\/wp-json\/wp\/v2\/media\/5275"}],"wp:attachment":[{"href":"https:\/\/zaharascents.me\/me\/wp-json\/wp\/v2\/media?parent=5274"}],"wp:term":[{"taxonomy":"product_brand","embeddable":true,"href":"https:\/\/zaharascents.me\/me\/wp-json\/wp\/v2\/product_brand?post=5274"},{"taxonomy":"product_cat","embeddable":true,"href":"https:\/\/zaharascents.me\/me\/wp-json\/wp\/v2\/product_cat?post=5274"},{"taxonomy":"product_tag","embeddable":true,"href":"https:\/\/zaharascents.me\/me\/wp-json\/wp\/v2\/product_tag?post=5274"}],"curies":[{"name":"wp","href":"https:\/\/api.w.org\/{rel}","templated":true}]}}