{"id":5277,"date":"2026-03-26T01:48:21","date_gmt":"2026-03-26T01:48:21","guid":{"rendered":"https:\/\/zaharascents.me\/?post_type=product&#038;p=5277"},"modified":"2026-04-28T11:00:00","modified_gmt":"2026-04-28T11:00:00","slug":"lattafa-qaed-al-fursan-untamed","status":"publish","type":"product","link":"https:\/\/zaharascents.me\/me\/shop\/lattafa-qaed-al-fursan-untamed\/","title":{"rendered":"Lattafa Qaed Al Fursan Untamed"},"content":{"rendered":"<h5>Beskompromisna harizma umotana u karamelizovane za\u010dine<\/h5>\n<p class=\"translation-block\"><p><strong>Lattafa Qaed Al Fursan Untamed<\/strong> je neustra\u0161iva, divlje magneti\u010dna parfemska voda dizajnirana za one koji odbijaju da se stope s pozadinom. Udaljavaju\u0107i se potpuno od svijetlog ananasa originala i kremastog kokosa \"Unlimited\" izdanja, ovaj smjeli flanker isporu\u010duje urlaju\u0107i talas duboke, amberne topline. Besprekorno hvataju\u0107i vatrenu, egzoti\u010dnu privla\u010dnost visoko po\u017eeljnih izdanja poput Versace Eros Najim, ovaj parfem vas okru\u017euje intenzivno zavodljivom aurom toplog cimeta, slatke karamele i tinjaju\u0107ih smola, \u010dine\u0107i ga ultimativnim oru\u017ejem za hladne ve\u010deri, no\u0107ne sastanke i trenutke kada \u017eelite da ostavite nezaboravan trag.<\/p><\/p>\n<h5>Mirisni profil i kompozicija<\/h5>\n<p>Putovanje po\u010dinje trenutno hvataju\u0107im, vatrenim uvodom. Masivni udar toplog cimeta i svje\u017ee mljevenog mu\u0161katnog ora\u0161\u010di\u0107a savr\u0161eno je izbalansiran poletnim ugrizom mandarine i egzoti\u010dnom vrelinom kardamoma. Ovaj komanduju\u0107i uvod trenutno budi \u010dula, uspostavljaju\u0107i duboko energi\u010dan i za\u010dinjen prvi utisak.<\/p>\n<p>Kako se parfem smiruje, srce otkriva neo\u010dekivano glatko, aromati\u010dno jezgro protkano \u010distim gurmanskim u\u017eitkom. Bogat sloj tamne karamele od kog ide voda na usta topi se preko klasi\u010dne, rashla\u0111uju\u0107e elegancije lavande, geranijuma i zemljanog \u010dempresa. Ova besprekorno kreirana srednja faza djeluje kao visoko-oktanski most, savr\u0161eno neutrali\u0161u\u0107i o\u0161tre za\u010dine sa zavisnom, sofisticiranom slatko\u0107om.<\/p>\n<p>U svojim zavr\u0161nim fazama, kompozicija se spu\u0161ta u izvanredno tamnu i komanduju\u0107u osnovu. Dimljena, smolasta mo\u0107 olibanuma i labdanuma predivno je usidrena suvom, mu\u017eevnom snagom vetivera i kedrovine, sve to po\u010divaju\u0107i na krevetu od u\u017earenog ambera. Ovaj vi\u0161eslojni, zemljani fini\u0161 osigurava masivnu, nevjerovatno dugotrajnu projekciju koja odi\u0161e \u010distim autoritetom i sirovom senzualno\u0161\u0107u.<\/p>","protected":false},"excerpt":{"rendered":"<p><strong>QAED AL FURSAN KOLEKCIJA<\/strong><\/p>\n<p><strong>For Him \/ Eau De Parfum \/ 90ml<\/strong><\/p>\n<p><strong>Inspiracija: <\/strong>Versace Eros Najim<\/p>\n<p><strong>Mirisni profil: <\/strong>Za\u010dinski, Amberni, Drveni<\/p>\n<p><strong>Gornje note: <\/strong>Cimet, Mandarina, Mu\u0161katni ora\u0161\u010di\u0107, Kardamom<br \/>\n<strong>Srednje note: <\/strong>Karamela, Lavanda, Geranijum, \u010cempres, Mu\u0161katna \u017ealfija<br \/>\n<strong>Bazne note: <\/strong>Olibanum, Labdanum, Amber, Vetiver, Kedrovina<\/p>","protected":false},"featured_media":5278,"template":"","meta":[],"product_brand":[178],"product_cat":[90,103,85],"product_tag":[203,209],"class_list":{"0":"post-5277","1":"product","2":"type-product","3":"status-publish","4":"has-post-thumbnail","6":"product_brand-lattafa","7":"product_cat-eau-de-parfum","8":"product_cat-for-him","9":"product_cat-perfumes","10":"product_tag-lattafa","11":"product_tag-qaed-al-fursan-collection","13":"first","14":"instock","15":"taxable","16":"shipping-taxable","17":"purchasable","18":"product-type-variable"},"_links":{"self":[{"href":"https:\/\/zaharascents.me\/me\/wp-json\/wp\/v2\/product\/5277","targetHints":{"allow":["GET"]}}],"collection":[{"href":"https:\/\/zaharascents.me\/me\/wp-json\/wp\/v2\/product"}],"about":[{"href":"https:\/\/zaharascents.me\/me\/wp-json\/wp\/v2\/types\/product"}],"wp:featuredmedia":[{"embeddable":true,"href":"https:\/\/zaharascents.me\/me\/wp-json\/wp\/v2\/media\/5278"}],"wp:attachment":[{"href":"https:\/\/zaharascents.me\/me\/wp-json\/wp\/v2\/media?parent=5277"}],"wp:term":[{"taxonomy":"product_brand","embeddable":true,"href":"https:\/\/zaharascents.me\/me\/wp-json\/wp\/v2\/product_brand?post=5277"},{"taxonomy":"product_cat","embeddable":true,"href":"https:\/\/zaharascents.me\/me\/wp-json\/wp\/v2\/product_cat?post=5277"},{"taxonomy":"product_tag","embeddable":true,"href":"https:\/\/zaharascents.me\/me\/wp-json\/wp\/v2\/product_tag?post=5277"}],"curies":[{"name":"wp","href":"https:\/\/api.w.org\/{rel}","templated":true}]}}