{"id":5280,"date":"2026-03-26T01:50:32","date_gmt":"2026-03-26T01:50:32","guid":{"rendered":"https:\/\/zaharascents.me\/?post_type=product&#038;p=5280"},"modified":"2026-04-28T11:03:58","modified_gmt":"2026-04-28T11:03:58","slug":"lattafa-khamrah","status":"publish","type":"product","link":"https:\/\/zaharascents.me\/me\/shop\/lattafa-khamrah\/","title":{"rendered":"Lattafa Khamrah"},"content":{"rendered":"<h5>Dekadentna toplina natopljena slatkim za\u010dinima<\/h5>\n<p class=\"translation-block\"><p><strong>Lattafa Khamrah<\/strong> je globalno proslavljena, intenzivno zavisna parfemska voda koja redefini\u0161e zna\u010denje pravog gurmanskog remek-djela. Zaobilaze\u0107i tradicionalne cvjetne i svje\u017ee profile, ova luksuzna kreacija isporu\u010duje spektakularno gusto iskustvo nalik desertu koje umotava onog ko ga nosi u \u010disto, te\u010dno zlato. Predivno hvataju\u0107i ugodan, prazni\u010dni duh visoko po\u017eeljnih niche izdanja poput By Kilian Angels' Share, ovaj parfem vas okru\u017euje u opojni oblak u\u0161e\u0107erenih urmi, toplog cimeta i u\u017earenih smola, \u010dine\u0107i ga apsolutno ultimativnim izborom za hladne zimske no\u0107i, prazni\u010dna okupljanja i kad god \u017eelite da miri\u0161ete potpuno jestivo i skupo.<\/p><\/p>\n<h5>Mirisni profil i kompozicija<\/h5>\n<p>Putovanje po\u010dinje spektakularno bogatim i pozivaju\u0107im uvodom. Masivan, ugodan talas toplog cimeta i svje\u017ee mljevenog mu\u0161katnog ora\u0161\u010di\u0107a besprekorno je osvijetljen prolaznim, elegantnim pljuskom bergamota. Ovaj komanduju\u0107i uvod trenutno budi \u010dula, uspostavljaju\u0107i duboko prazni\u010dni i intenzivno za\u010dinjeni prvi utisak.<\/p>\n<p>Kako se parfem smiruje, srce otkriva nevjerovatno glatko jezgro nalik nektaru koje djeluje kao dekadentni desert. Gust, sloj \u017evaka\u0107ih urmi i \u0161e\u0107ernih pralina od kog ide voda na usta topi se predivno preko suptilne, kremaste elegancije tuberoze i delikatnog Mahoniala. Ova besprekorno kreirana srednja faza djeluje kao visoko-oktanski most, savr\u0161eno neutrali\u0161u\u0107i o\u0161tre za\u010dine sa duboko sofisticiranom, ljepljivom slatko\u0107om.<\/p>\n<p>U svojim zavr\u0161nim fazama, kompozicija se spu\u0161ta u izvanredno tamnu, smolastu i komanduju\u0107u osnovu. Dimljena, balzami\u010dna mo\u0107 mira i benzoina predivno je usidrena duboko toplim talasom kremaste vanile i pr\u017eene Tonke, sve to po\u010divaju\u0107i na \u010dvrstoj bazi Amberwooda i Akigala drveta. Ovaj vi\u0161eslojni, veli\u010danstveni fini\u0161 osigurava masivnu projekciju koja ispunjava sobu i odi\u0161e \u010distim luksuzom i sirovom, gurmanskom senzualno\u0161\u0107u.<\/p>","protected":false},"excerpt":{"rendered":"<p><strong>KHAMRAH KOLEKCIJA<\/strong><\/p>\n<p><strong>Unisex \/ Eau De Parfum \/ 100ml<\/strong><\/p>\n<p><strong>Inspiracija: <\/strong>Kilian Angels&#8217; Share<\/p>\n<p><strong>Mirisni profil: <\/strong>Aromati\u010dni, Gurmanski, Za\u010dinski<\/p>\n<p><strong>Gornje note: <\/strong>Cimet, Mu\u0161katni orah, Bergamot<br \/>\n<strong>Srednje note: <\/strong>Urme (Datule), Praline, Tuberoza, Mahonial<br \/>\n<strong>Bazne note: <\/strong>Vanila, Tonka, Benzoin, Miro, Amberwood, Akigala drvo<\/p>","protected":false},"featured_media":5281,"template":"","meta":[],"product_brand":[178],"product_cat":[90,85,105],"product_tag":[210,203],"class_list":{"0":"post-5280","1":"product","2":"type-product","3":"status-publish","4":"has-post-thumbnail","6":"product_brand-lattafa","7":"product_cat-eau-de-parfum","8":"product_cat-perfumes","9":"product_cat-unisex","10":"product_tag-khamrah-collection","11":"product_tag-lattafa","13":"first","14":"instock","15":"featured","16":"taxable","17":"shipping-taxable","18":"purchasable","19":"product-type-variable"},"_links":{"self":[{"href":"https:\/\/zaharascents.me\/me\/wp-json\/wp\/v2\/product\/5280","targetHints":{"allow":["GET"]}}],"collection":[{"href":"https:\/\/zaharascents.me\/me\/wp-json\/wp\/v2\/product"}],"about":[{"href":"https:\/\/zaharascents.me\/me\/wp-json\/wp\/v2\/types\/product"}],"wp:featuredmedia":[{"embeddable":true,"href":"https:\/\/zaharascents.me\/me\/wp-json\/wp\/v2\/media\/5281"}],"wp:attachment":[{"href":"https:\/\/zaharascents.me\/me\/wp-json\/wp\/v2\/media?parent=5280"}],"wp:term":[{"taxonomy":"product_brand","embeddable":true,"href":"https:\/\/zaharascents.me\/me\/wp-json\/wp\/v2\/product_brand?post=5280"},{"taxonomy":"product_cat","embeddable":true,"href":"https:\/\/zaharascents.me\/me\/wp-json\/wp\/v2\/product_cat?post=5280"},{"taxonomy":"product_tag","embeddable":true,"href":"https:\/\/zaharascents.me\/me\/wp-json\/wp\/v2\/product_tag?post=5280"}],"curies":[{"name":"wp","href":"https:\/\/api.w.org\/{rel}","templated":true}]}}