{"id":5283,"date":"2026-03-26T01:52:16","date_gmt":"2026-03-26T01:52:16","guid":{"rendered":"https:\/\/zaharascents.me\/?post_type=product&#038;p=5283"},"modified":"2026-04-29T00:00:17","modified_gmt":"2026-04-29T00:00:17","slug":"lattafa-khamrah-qahwa","status":"publish","type":"product","link":"https:\/\/zaharascents.me\/me\/shop\/lattafa-khamrah-qahwa\/","title":{"rendered":"Lattafa Khamrah Qahwa"},"content":{"rendered":"<h5>Pono\u0107ni espreso natopljen u za\u010dinjenu karamelu<\/h5>\n<p class=\"translation-block\"><p><strong>Lattafa Khamrah Qahwa<\/strong> je o\u010daravaju\u0107a, opasno zavisna parfemska voda koja uzima legendarnu gurmansku slatko\u0107u originalnog izdanja i uranja je u bogate, pr\u017eene dubine tradicionalne arapske kafe. Udaljavaju\u0107i se od \u010disto \u0161e\u0107erne putanje svog prethodnika, ovaj fenomenalni flanker nudi zrelije, blago tamnije iskustvo koje majstorski balansira gorko i slatko. Evociraju\u0107i ugodnu, luksuznu auru vrhunskih niche kreacija poput By Kilian Angels' Share, ali ubrizgavaju\u0107i joj masivnu dozu pr\u017eenog kofeina, ovaj parfem vas umotava u neodoljiv oblak toplih za\u010dina, kandiranih poslastica i tamnih napitaka, \u010dine\u0107i ga ultimativnom zvijezdom za ledene zimske no\u0107i i ekskluzivne ve\u010dernje doga\u0111aje.<\/p><\/p>\n<h5>Mirisni profil i kompozicija<\/h5>\n<p>Putovanje po\u010dinje \u0161okantno vibrantnim uvodom koji izaziva toplotu. Vatreni udar o\u0161trog \u0111umbira i toplog kardamoma trenutno je izgla\u0111en poznatim, ugodnim posipanjem bogatog cimeta. Ovaj eksplozivni uvod zahtijeva trenutnu pa\u017enju, postavljaju\u0107i scenu duboko aromati\u010dnim, za\u010dinjenim udarom.<\/p>\n<p>Kako se po\u010detna toplina smiruje, srce otkriva ne\u010duveno dekadentno jezgro nalik desertu koje djeluje gotovo jestivo. Gusta glazura kandiranog vo\u0107a i ljepljivih pralina od koje ide voda na usta sliva se preko iznena\u0111uju\u0107e elegantnog, suptilnog sloja bijelog cvije\u0107a. Ova besprekorno kreirana srednja faza djeluje kao visoko-oktanski most, savr\u0161eno neutrali\u0161u\u0107i intenzivne za\u010dine sa duboko luksuznom, \u017evaka\u0107om slatko\u0107om.<\/p>\n<p>Prava magija doga\u0111a se u zavr\u0161nim fazama, gdje se kompozicija spu\u0161ta u izvanredno tamnu i komanduju\u0107u osnovu. Zvijezda predstave\u2014bogata, pr\u017eena i opojna nota kafe\u2014predivno je usidrena dimljenom rezonancom benzoina i bar\u0161unastom toplinom vanile. Dodiri Tonke i \u010distog mo\u0161usa zaokru\u017euju ovaj vi\u0161eslojni, veli\u010danstveni fini\u0161, osiguravaju\u0107i masivnu projekciju koja ispunjava sobu i odi\u0161e \u010distim, kofeinskim u\u017eitkom.<\/p>","protected":false},"excerpt":{"rendered":"<p><strong>KHAMRAH KOLEKCIJA<\/strong><\/p>\n<p><strong>Unisex \/ Eau De Parfum \/ 100ml<\/strong><\/p>\n<p><strong>Inspiracija: <\/strong>Kilian Angels\u2019 Share (sa notom arapske kafe)<\/p>\n<p><strong>Mirisni profil: <\/strong>Amberni, Za\u010dinski., Gurmanski<\/p>\n<p><strong>Gornje note: <\/strong>Cimet, Kardamom, \u0110umbir<br \/>\n<strong>Srednje note: <\/strong>Praline, Kandirano vo\u0107e, Bijelo cvije\u0107e<br \/>\n<strong>Bazne note: <\/strong>Kafa, Vanila, Tonka, Benzoin, Mo\u0161us<\/p>","protected":false},"featured_media":5284,"template":"","meta":[],"product_brand":[178],"product_cat":[90,85,105],"product_tag":[210,203],"class_list":{"0":"post-5283","1":"product","2":"type-product","3":"status-publish","4":"has-post-thumbnail","6":"product_brand-lattafa","7":"product_cat-eau-de-parfum","8":"product_cat-perfumes","9":"product_cat-unisex","10":"product_tag-khamrah-collection","11":"product_tag-lattafa","13":"first","14":"instock","15":"taxable","16":"shipping-taxable","17":"purchasable","18":"product-type-variable"},"_links":{"self":[{"href":"https:\/\/zaharascents.me\/me\/wp-json\/wp\/v2\/product\/5283","targetHints":{"allow":["GET"]}}],"collection":[{"href":"https:\/\/zaharascents.me\/me\/wp-json\/wp\/v2\/product"}],"about":[{"href":"https:\/\/zaharascents.me\/me\/wp-json\/wp\/v2\/types\/product"}],"wp:featuredmedia":[{"embeddable":true,"href":"https:\/\/zaharascents.me\/me\/wp-json\/wp\/v2\/media\/5284"}],"wp:attachment":[{"href":"https:\/\/zaharascents.me\/me\/wp-json\/wp\/v2\/media?parent=5283"}],"wp:term":[{"taxonomy":"product_brand","embeddable":true,"href":"https:\/\/zaharascents.me\/me\/wp-json\/wp\/v2\/product_brand?post=5283"},{"taxonomy":"product_cat","embeddable":true,"href":"https:\/\/zaharascents.me\/me\/wp-json\/wp\/v2\/product_cat?post=5283"},{"taxonomy":"product_tag","embeddable":true,"href":"https:\/\/zaharascents.me\/me\/wp-json\/wp\/v2\/product_tag?post=5283"}],"curies":[{"name":"wp","href":"https:\/\/api.w.org\/{rel}","templated":true}]}}