{"id":5286,"date":"2026-03-26T01:53:07","date_gmt":"2026-03-26T01:53:07","guid":{"rendered":"https:\/\/zaharascents.me\/?post_type=product&#038;p=5286"},"modified":"2026-04-29T00:14:36","modified_gmt":"2026-04-29T00:14:36","slug":"lattafa-khamrah-dukhan","status":"publish","type":"product","link":"https:\/\/zaharascents.me\/me\/shop\/lattafa-khamrah-dukhan\/","title":{"rendered":"Lattafa Khamrah Dukhan"},"content":{"rendered":"<h5>Tinjaju\u0107i ritual za\u010dinjenog duvana<\/h5>\n<p class=\"translation-block\"><p><strong>Lattafa Khamrah Dukhan<\/strong> je duboko o\u010daravaju\u0107a, beskompromisno hrabra parfemska voda koja potpuno transformi\u0161e legendarnu slatko\u0107u svojih prethodnika u ne\u0161to tamno, misteriozno i nevjerovatno mo\u0107no. Uzimaju\u0107i ime od arapske rije\u010di za \"dim\", ovaj majstorski flanker odbacuje te\u0161ke \u0161e\u0107ere i uranja \u010dula u drevnu, ritualnu izmaglicu goru\u0107ih smola i bogatog drveta. Besprekorno odjekuju\u0107i sparnu, duvanom protkanu auru ekskluzivnih niche remek-djela poput Initio Side Effect, ovaj parfem vas obavija u komanduju\u0107i oblak vatrenih za\u010dina, dimljenog ambera i tamnih pralina. To je apsolutno ultimativno oru\u017eje za ledene zimske no\u0107i, ekskluzivna okru\u017eenja i trenutke kada zahtijevate da ostavite nezaboravan, magneti\u010dan trag.<\/p><\/p>\n<h5>Mirisni profil i kompozicija<\/h5>\n<p>Putovanje po\u010dinje \u017eivopisnim, agresivno harizmati\u010dnim uvodom. Masivan, toplotni udar vatrenog pimenta i o\u0161tre mandarine trenutno je umotan u gusti oblak dimljenih za\u010dina. Ovaj eksplozivni, beskompromisni uvod privla\u010di trenutnu pa\u017enju, uspostavljaju\u0107i duboko mu\u017eevan i energi\u010dan prvi utisak.<\/p>\n<p>Kako se po\u010detna vatra smiruje, srce otkriva ne\u010duveno sofisticirano, smolasto jezgro koje djeluje prakti\u010dno hipnoti\u0161u\u0107e. Duboki, ceremonijalni talas misti\u010dnog tamjana i zemljanog pa\u010dulija predivno se topi preko suptilne, polirane elegancije cvijeta narand\u017ee i toplog labdanuma. Ova besprekorno kreirana srednja faza djeluje kao visoko-oktanski most, savr\u0161eno neutrali\u0161u\u0107i o\u0161tre gornje note sa duboko luksuznom, uzemljenom dubinom.<\/p>\n<p>Prava magija doga\u0111a se u zavr\u0161nim fazama, gdje se kompozicija spu\u0161ta u izvanredno tamnu i komanduju\u0107u osnovu. Zvijezda predstave\u2014bogata, glatka i sna\u017eno aromati\u010dna nota duvana\u2014predivno je usidrena u\u017earenom rezonancom ambera i kremastog benzoina. Dodiri pr\u017eene Tonke i \u0161apat slatkih pralina zaokru\u017euju ovaj vi\u0161eslojni, veli\u010danstveni fini\u0161, osiguravaju\u0107i masivnu projekciju koja ispunjava sobu i odi\u0161e \u010distim autoritetom i sirovom senzualno\u0161\u0107u.<\/p>","protected":false},"excerpt":{"rendered":"<p><strong>KHAMRAH KOLEKCIJA<\/strong><\/p>\n<p><strong>Unisex \/ Eau De Parfum \/ 100ml<\/strong><\/p>\n<p><strong>Inspiracija: <\/strong>Kilian Angels\u2019 Share (Sa notom dima)<\/p>\n<p><strong>Mirisni profil: <\/strong>Drveni, Amberni, Za\u010dinski<\/p>\n<p><strong>Gornje note: <\/strong>Mandarina, Piment, Dimljeni za\u010dini<br \/>\n<strong>Srednje note: <\/strong>Tamjan, Pa\u010duli, Labdanum, Cvijet narand\u017ee<br \/>\n<strong>Bazne note: <\/strong>Duvan, Amber, Tonka, Benzoin, Praline<\/p>","protected":false},"featured_media":5287,"template":"","meta":[],"product_brand":[178],"product_cat":[90,85,105],"product_tag":[210,203],"class_list":{"0":"post-5286","1":"product","2":"type-product","3":"status-publish","4":"has-post-thumbnail","6":"product_brand-lattafa","7":"product_cat-eau-de-parfum","8":"product_cat-perfumes","9":"product_cat-unisex","10":"product_tag-khamrah-collection","11":"product_tag-lattafa","13":"first","14":"instock","15":"taxable","16":"shipping-taxable","17":"purchasable","18":"product-type-variable"},"_links":{"self":[{"href":"https:\/\/zaharascents.me\/me\/wp-json\/wp\/v2\/product\/5286","targetHints":{"allow":["GET"]}}],"collection":[{"href":"https:\/\/zaharascents.me\/me\/wp-json\/wp\/v2\/product"}],"about":[{"href":"https:\/\/zaharascents.me\/me\/wp-json\/wp\/v2\/types\/product"}],"wp:featuredmedia":[{"embeddable":true,"href":"https:\/\/zaharascents.me\/me\/wp-json\/wp\/v2\/media\/5287"}],"wp:attachment":[{"href":"https:\/\/zaharascents.me\/me\/wp-json\/wp\/v2\/media?parent=5286"}],"wp:term":[{"taxonomy":"product_brand","embeddable":true,"href":"https:\/\/zaharascents.me\/me\/wp-json\/wp\/v2\/product_brand?post=5286"},{"taxonomy":"product_cat","embeddable":true,"href":"https:\/\/zaharascents.me\/me\/wp-json\/wp\/v2\/product_cat?post=5286"},{"taxonomy":"product_tag","embeddable":true,"href":"https:\/\/zaharascents.me\/me\/wp-json\/wp\/v2\/product_tag?post=5286"}],"curies":[{"name":"wp","href":"https:\/\/api.w.org\/{rel}","templated":true}]}}