{"id":5289,"date":"2026-03-26T01:54:47","date_gmt":"2026-03-26T01:54:47","guid":{"rendered":"https:\/\/zaharascents.me\/?post_type=product&#038;p=5289"},"modified":"2026-04-29T00:22:44","modified_gmt":"2026-04-29T00:22:44","slug":"lattafa-nebras","status":"publish","type":"product","link":"https:\/\/zaharascents.me\/me\/shop\/lattafa-nebras\/","title":{"rendered":"Lattafa Nebras"},"content":{"rendered":"<h5>Slatka ekstaza toplog kakaoa i \u0161e\u0107era<\/h5>\n<p class=\"translation-block\"><p><strong>Lattafa Nebras<\/strong> je izuzetno meka parfemska voda od koje ide voda na usta iz presti\u017ene Pride kolekcije koja redefini\u0161e moderno gurmansko iskustvo. Zaobilaze\u0107i te\u0161ko drvo i o\u0161tro cvije\u0107e, ovo luksuzno izdanje isporu\u010duje spektakularno ugodnu auru nalik desertu koja djeluje kao topao, utje\u0161an zagrljaj. Besprekorno odjekuju\u0107i visoko zavisni, \u010dokoladno-vanilasti \u0161arm popularnih dizajnerskih hitova poput Billie Eilishinog potpisa <i>Eilish<\/i>, ovaj parfem umotava onog ko ga nosi u opojni oblak kremastog kakaoa, po\u0161e\u0107erenih bobica i u\u017earenog mo\u0161usa, \u010dine\u0107i ga apsolutnim klasikom za intimne ve\u010deri, hladnije vrijeme i beskompromisne ljubitelje slatki\u0161a.<\/p><\/p>\n<h5>Mirisni profil i kompozicija<\/h5>\n<p>Putovanje po\u010dinje delikatno so\u010dnim, pozivaju\u0107im uvodom. Veseli nalet oporih crvenih bobica besprekorno je osvijetljen suptilnim pljuskom mandarine. Ovaj razigrani uvod privla\u010di trenutnu pa\u017enju a da pritom nije preplavljuju\u0107i, postavljaju\u0107i mekan i vo\u0107ni prvi utisak.<\/p>\n<p>Kako se po\u010detna vo\u0107nost smiruje, srce otkriva ne\u010duveno dekadentno, bar\u0161unasto jezgro. Bogat, topivi sloj glatkog kakaoa besprekorno se stapa u duboku toplinu kremaste vanile, dok \u0161apat klasi\u010dne ru\u017ee dodaje taman toliko cvjetne elegancije da odr\u017ei kompoziciju sofisticiranom. Ova besprekorno kreirana srednja faza djeluje kao visoko-oktanski most, savr\u0161eno prevode\u0107i blistavi uvod u \u010disti, jestivi luksuz.<\/p>\n<p>Prava magija doga\u0111a se u zavr\u0161nim fazama, gdje se kompozicija spu\u0161ta u izvanredno utje\u0161nu i magneti\u010dnu osnovu. Izda\u0161no, zavisno posipanje \u010distog \u0161e\u0107era predivno je usidreno pr\u017eenom dubinom Tonke, u\u017earenim amberom i mo\u0161usom stopljenim s ko\u017eom. Ovaj vi\u0161eslojni, sna\u017eno gurmanski fini\u0161 osigurava masivan, nevjerovatno dugotrajan trag koji projektuje \u010distu toplinu i neodoljivu senzualnost.<\/p>","protected":false},"excerpt":{"rendered":"<p><strong>LATTAFA PRIDE KOLEKCIJA<\/strong><\/p>\n<p><strong>Za nju \/ Eau De Parfum \/ 100ml<\/strong><\/p>\n<p><strong>Inspiracija: <\/strong>Billie Eilish &#8211; Eilish<\/p>\n<p><strong>Mirisni profil: <\/strong>Amberni, Gurmanski, Vo\u0107ni<\/p>\n<p><strong>Gornje note: <\/strong>Crvene bobice, Mandarina<br \/>\n<strong>Srednje note: <\/strong>Vanila, Kakao, Ru\u017ea<br \/>\n<strong>Bazne note: <\/strong>\u0160e\u0107er, Tonka, Amber, Mo\u0161us<\/p>","protected":false},"featured_media":5290,"template":"","meta":[],"product_brand":[178],"product_cat":[90,104,85],"product_tag":[203,208],"class_list":{"0":"post-5289","1":"product","2":"type-product","3":"status-publish","4":"has-post-thumbnail","6":"product_brand-lattafa","7":"product_cat-eau-de-parfum","8":"product_cat-for-her","9":"product_cat-perfumes","10":"product_tag-lattafa","11":"product_tag-pride-collection","13":"first","14":"instock","15":"taxable","16":"shipping-taxable","17":"purchasable","18":"product-type-variable"},"_links":{"self":[{"href":"https:\/\/zaharascents.me\/me\/wp-json\/wp\/v2\/product\/5289","targetHints":{"allow":["GET"]}}],"collection":[{"href":"https:\/\/zaharascents.me\/me\/wp-json\/wp\/v2\/product"}],"about":[{"href":"https:\/\/zaharascents.me\/me\/wp-json\/wp\/v2\/types\/product"}],"wp:featuredmedia":[{"embeddable":true,"href":"https:\/\/zaharascents.me\/me\/wp-json\/wp\/v2\/media\/5290"}],"wp:attachment":[{"href":"https:\/\/zaharascents.me\/me\/wp-json\/wp\/v2\/media?parent=5289"}],"wp:term":[{"taxonomy":"product_brand","embeddable":true,"href":"https:\/\/zaharascents.me\/me\/wp-json\/wp\/v2\/product_brand?post=5289"},{"taxonomy":"product_cat","embeddable":true,"href":"https:\/\/zaharascents.me\/me\/wp-json\/wp\/v2\/product_cat?post=5289"},{"taxonomy":"product_tag","embeddable":true,"href":"https:\/\/zaharascents.me\/me\/wp-json\/wp\/v2\/product_tag?post=5289"}],"curies":[{"name":"wp","href":"https:\/\/api.w.org\/{rel}","templated":true}]}}