{"id":5292,"date":"2026-03-26T01:59:37","date_gmt":"2026-03-26T01:59:37","guid":{"rendered":"https:\/\/zaharascents.me\/?post_type=product&#038;p=5292"},"modified":"2026-03-30T02:50:31","modified_gmt":"2026-03-30T02:50:31","slug":"lattafa-vintage-radio","status":"publish","type":"product","link":"https:\/\/zaharascents.me\/me\/shop\/lattafa-vintage-radio\/","title":{"rendered":"Lattafa Vintage Radio"},"content":{"rendered":"<h5>Meditativna elegancija natopljena u zrelu \u0161ljivu<\/h5>\n<p class=\"translation-block\"><p><strong>Lattafa Vintage Radio<\/strong> je duboko umiruju\u0107a, sofisticirana parfemska voda iz ekskluzivne Pride kolekcije koja djeluje manje kao tradicionalni parfem, a vi\u0161e kao terapeutski ritual. Udaljavaju\u0107i se od glasnih, agresivnih profila, ovo majstorsko izdanje isporu\u010duje nevjerovatno glatko, drveno-vo\u0107no iskustvo koje trenutno umiruje um. Besprekorno hvataju\u0107i spokojnu, misti\u010dnu auru vrhunskih niche kreacija poput Initio Paragon, ovaj parfem umotava onog ko ga nosi u veli\u010danstven oblak so\u010dne \u0161ljive, svetog drveta i aromati\u010dnog bilja, \u010dine\u0107i ga ultimativnim parfemskim potpisom za one koji zra\u010de tihim samopouzdanjem, intelektom i prefinjenim ukusom.<\/p><\/p>\n<h5>Mirisni profil i kompozicija<\/h5>\n<p>Putovanje po\u010dinje svje\u017eim, aromati\u010dnim uvodom koji oduzima dah. Hrskavi, umiruju\u0107i talas zeljaste \u017ealfije i klasi\u010dne lavande savr\u0161eno je energizovan suptilnim pljuskom svijetlog bergamota. Ovaj nevjerovatno gladak uvod trenutno bistri \u010dula, uspostavljaju\u0107i duboko opu\u0161taju\u0107i i polirani prvi utisak.<\/p>\n<p>Kako se po\u010detna svje\u017eina smiruje, srce otkriva ne\u010duveno zadivljuju\u0107e, so\u010dno jezgro. Bogat nalet tamne, slatke \u0161ljive od kog ide voda na usta sliva se preko duboko misti\u010dne, dimljene topline drveta Palo Santo, dok blagi udar crnog bibera dodaje taman toliko za\u010dina da odr\u017ei kompoziciju intrigantnom. Ova besprekorno kreirana srednja faza djeluje kao visoko-oktanski most, savr\u0161eno balansiraju\u0107i aromati\u010dne gornje note sa duboko luksuznom, vo\u0107no-drvenom dubinom.<\/p>\n<p>Prava magija doga\u0111a se u zavr\u0161nim fazama, gdje se kompozicija spu\u0161ta u izvanredno kremastu i uzemljuju\u0107u osnovu. Sveta, mlije\u010dna rezonanca premium sandalovine predivno je usidrena dugotrajnom, u\u017earenom toplinom Amberwooda. Ovaj vi\u0161eslojni, sofisticirani fini\u0161 osigurava stabilan, nevjerovatno dugotrajan trag koji projektuje \u010disti spokoj i \u0161arm bez napora od jutra do kasno u no\u0107.<\/p>","protected":false},"excerpt":{"rendered":"<p><strong>LATTAFA PRIDE KOLEKCIJA<\/strong><\/p>\n<p><strong>Unisex \/ Eau De Parfum \/ 100ml<\/strong><\/p>\n<p><strong>Inspiracija: <\/strong>Initio Paragon<\/p>\n<p><strong>Mirisni profil: <\/strong>Drveni, Vo\u0107ni, Aromati\u010dni<\/p>\n<p><strong>Gornje note: <\/strong>Lavanda, \u017dalfija, Bergamot<br \/>\n<strong>Srednje note: <\/strong>\u0160ljiva, Palo Santo, Crni biber<br \/>\n<strong>Bazne note: <\/strong>Sandalovina, Amberwood<\/p>","protected":false},"featured_media":5293,"template":"","meta":[],"product_brand":[178],"product_cat":[90,85,105],"product_tag":[203,208],"class_list":{"0":"post-5292","1":"product","2":"type-product","3":"status-publish","4":"has-post-thumbnail","6":"product_brand-lattafa","7":"product_cat-eau-de-parfum","8":"product_cat-perfumes","9":"product_cat-unisex","10":"product_tag-lattafa","11":"product_tag-pride-collection","13":"first","14":"instock","15":"taxable","16":"shipping-taxable","17":"purchasable","18":"product-type-variable"},"_links":{"self":[{"href":"https:\/\/zaharascents.me\/me\/wp-json\/wp\/v2\/product\/5292","targetHints":{"allow":["GET"]}}],"collection":[{"href":"https:\/\/zaharascents.me\/me\/wp-json\/wp\/v2\/product"}],"about":[{"href":"https:\/\/zaharascents.me\/me\/wp-json\/wp\/v2\/types\/product"}],"wp:featuredmedia":[{"embeddable":true,"href":"https:\/\/zaharascents.me\/me\/wp-json\/wp\/v2\/media\/5293"}],"wp:attachment":[{"href":"https:\/\/zaharascents.me\/me\/wp-json\/wp\/v2\/media?parent=5292"}],"wp:term":[{"taxonomy":"product_brand","embeddable":true,"href":"https:\/\/zaharascents.me\/me\/wp-json\/wp\/v2\/product_brand?post=5292"},{"taxonomy":"product_cat","embeddable":true,"href":"https:\/\/zaharascents.me\/me\/wp-json\/wp\/v2\/product_cat?post=5292"},{"taxonomy":"product_tag","embeddable":true,"href":"https:\/\/zaharascents.me\/me\/wp-json\/wp\/v2\/product_tag?post=5292"}],"curies":[{"name":"wp","href":"https:\/\/api.w.org\/{rel}","templated":true}]}}