{"id":5299,"date":"2026-03-26T02:06:36","date_gmt":"2026-03-26T02:06:36","guid":{"rendered":"https:\/\/zaharascents.me\/?post_type=product&#038;p=5299"},"modified":"2026-05-03T22:03:47","modified_gmt":"2026-05-03T22:03:47","slug":"lattafa-ishq-al-shuyukh-gold","status":"publish","type":"product","link":"https:\/\/zaharascents.me\/me\/shop\/lattafa-ishq-al-shuyukh-gold\/","title":{"rendered":"Lattafa Ishq Al Shuyukh Gold"},"content":{"rendered":"<h5>Rasko\u0161na karamela ogrnuta toplom jelenskom ko\u017eom<\/h5>\n<p class=\"translation-block\"><strong>Lattafa Ishq Al Shuyukh Gold<\/strong> je nevjerovatno dekadentna, zadivljuju\u0107a parfemska voda iz cijenjene Pride kolekcije dizajnirana za one koji zahtijevaju pa\u017enju. Udaljavaju\u0107i se daleko od tradicionalnih svje\u017eih ili cvjetnih profila, ovo luksuzno remek-djelo isporu\u010duje duboko bogato, slatko i teksturalno iskustvo koje djeluje preplavljuju\u0107e skupo. Besprekorno hvataju\u0107i opojnu, visoko \u017eeljenu auru ekskluzivnih niche kreacija poput Rosendo Mateu No. 5, ovaj parfem vas okru\u017euje u masivni oblak otopljene karamele, egzoti\u010dnog \u0161afrana i glatke ko\u017ee. To je apsolutno ultimativni parfemski potpis za ekskluzivne ve\u010dernje doga\u0111aje, ledene zimske no\u0107i i trenutke kada \u017eelite da ostavite nezaboravan, ultra-luksuzan trag.<\/p>\n<h5>Mirisni profil i kompozicija<\/h5>\n<p>Putovanje po\u010dinje bogatim, sna\u017eno gurmanskim uvodom koji oduzima dah. Masivan talas tamne karamele od kog ide voda na usta trenutno je uzdignut egzoti\u010dnom, zlatnom toplinom premium \u0161afrana. Ovaj beskompromisno hrabar uvod trenutno budi \u010dula, uspostavljaju\u0107i duboko sladak, komanduju\u0107i i misteriozan prvi utisak.<\/p>\n<p>Kako se po\u010detna slatko\u0107a smiruje, srce otkriva ne\u010duveno glatko, teksturalno jezgro koje potpuno transformi\u0161e parfem. Gusti, luksuzni sloj meke jelenske ko\u017ee predivno se topi preko pr\u017eene, blago puderaste dubine Tonke. Ova besprekorno kreirana srednja faza djeluje kao visoko-oktanski most, savr\u0161eno neutrali\u0161u\u0107i o\u0161tre \u0161e\u0107erne gornje note sa duboko sofisticiranom, ko\u017enom elegancijom.<\/p>\n<p>Prava magija doga\u0111a se u zavr\u0161nim fazama, gdje se kompozicija spu\u0161ta u izvanredno tamnu i magneti\u010dnu osnovu. Duboko topao, kremasti talas \u010diste vanile predivno je usidren u\u017earenom rezonancom ambera i \u010distog mo\u0161usa stopljenog s ko\u017eom. Ovaj vi\u0161eslojni, veli\u010danstveni fini\u0161 osigurava kolosalnu projekciju koja ispunjava sobu i odi\u0161e \u010distim autoritetom, modernim \u0161armom i sirovom senzualno\u0161\u0107u od sumraka do zore.<\/p>","protected":false},"excerpt":{"rendered":"<p><strong>LATTAFA PRIDE KOLEKCIJA<\/strong><\/p>\n<p><strong>Unisex \/ Eau De Parfum \/ 100ml<\/strong><\/p>\n<p><strong>Inspiracija: <\/strong>Rosendo Mateu No. 5<\/p>\n<p><strong>Mirisni profil: <\/strong>Amberni, Ko\u017eni, Gurmanski<\/p>\n<p><strong>Gornje note: <\/strong>Karamela, \u0160afran<br \/>\n<strong>Srednje note: <\/strong>Jelenska ko\u017ea, Tonka<br \/>\n<strong>Bazne note: <\/strong>Vanila, Amber, Mo\u0161us<\/p>","protected":false},"featured_media":5300,"template":"","meta":[],"product_brand":[178],"product_cat":[90,85,105],"product_tag":[203,208],"class_list":{"0":"post-5299","1":"product","2":"type-product","3":"status-publish","4":"has-post-thumbnail","6":"product_brand-lattafa","7":"product_cat-eau-de-parfum","8":"product_cat-perfumes","9":"product_cat-unisex","10":"product_tag-lattafa","11":"product_tag-pride-collection","13":"first","14":"instock","15":"taxable","16":"shipping-taxable","17":"purchasable","18":"product-type-variable"},"_links":{"self":[{"href":"https:\/\/zaharascents.me\/me\/wp-json\/wp\/v2\/product\/5299","targetHints":{"allow":["GET"]}}],"collection":[{"href":"https:\/\/zaharascents.me\/me\/wp-json\/wp\/v2\/product"}],"about":[{"href":"https:\/\/zaharascents.me\/me\/wp-json\/wp\/v2\/types\/product"}],"wp:featuredmedia":[{"embeddable":true,"href":"https:\/\/zaharascents.me\/me\/wp-json\/wp\/v2\/media\/5300"}],"wp:attachment":[{"href":"https:\/\/zaharascents.me\/me\/wp-json\/wp\/v2\/media?parent=5299"}],"wp:term":[{"taxonomy":"product_brand","embeddable":true,"href":"https:\/\/zaharascents.me\/me\/wp-json\/wp\/v2\/product_brand?post=5299"},{"taxonomy":"product_cat","embeddable":true,"href":"https:\/\/zaharascents.me\/me\/wp-json\/wp\/v2\/product_cat?post=5299"},{"taxonomy":"product_tag","embeddable":true,"href":"https:\/\/zaharascents.me\/me\/wp-json\/wp\/v2\/product_tag?post=5299"}],"curies":[{"name":"wp","href":"https:\/\/api.w.org\/{rel}","templated":true}]}}