{"id":5302,"date":"2026-03-26T02:14:14","date_gmt":"2026-03-26T02:14:14","guid":{"rendered":"https:\/\/zaharascents.me\/?post_type=product&#038;p=5302"},"modified":"2026-04-29T01:09:23","modified_gmt":"2026-04-29T01:09:23","slug":"lattafa-eclaire","status":"publish","type":"product","link":"https:\/\/zaharascents.me\/me\/shop\/lattafa-eclaire\/","title":{"rendered":"Lattafa Eclaire"},"content":{"rendered":"<h5>Slatka ekstaza pariske poslasti\u010darnice<\/h5>\n<p class=\"translation-block\"><p><strong>Lattafa Eclaire<\/strong> je spektakularno ukusna, potpuno zavisna parfemska voda koja je osvojila parfemski svijet. Potpuno se odvajaju\u0107i od o\u0161trog cvije\u0107a ili drvenih baza, ovaj desert u bo\u010dici isporu\u010duje duboko utje\u0161no, hiper-realisti\u010dno gurmansko iskustvo koje djeluje kao ulazak u vrhunsku parisku poslasti\u010darnicu. Besprekorno hvataju\u0107i ultra-luksuznu, mlije\u010dnu slatko\u0107u ikoni\u010dnih niche kreacija poput Giardini Di Toscana Bianco Latte, ovaj parfem umotava onog ko ga nosi u masivni oblak pr\u017eene karamele, toplog mlijeka i zlatnog meda. To je apsolutno ultimativni parfemski potpis za ljubitelje slatki\u0161a, ugodne no\u0107ne sastanke i svakoga ko \u017eeli da miri\u0161e potpuno neodoljivo i skupo.<\/p><\/p>\n<h5>Mirisni profil i kompozicija<\/h5>\n<p>Putovanje po\u010dinje bogatim uvodom od kog ide voda na usta i koji oduzima dah. Masivan, utje\u0161an talas tople karamele besprekorno je pomije\u0161an sa glatkim, bar\u0161unastim pljuskom mlijeka i delikatnim prelivom zlatnog \u0161e\u0107era. Ovaj beskompromisno jestiv uvod privla\u010di trenutnu pa\u017enju, uspostavljaju\u0107i duboko sladak i ugodan prvi utisak.<\/p>\n<p>Kako se po\u010detni nalet karamele smiruje, srce otkriva ne\u010duveno glatko jezgro nalik nektaru. Gusti, ljepljivi sloj \u010distog meda predivno se topi preko suptilne, polirane elegancije bijelog cvije\u0107a. Ova besprekorno kreirana srednja faza djeluje kao visoko-oktanski most, savr\u0161eno balansiraju\u0107i intenzivan \u0161e\u0107er gornjih nota sa duboko sofisticiranom, kremastom cvjetnom dubinom.<\/p>\n<p>Prava magija doga\u0111a se u zavr\u0161nim fazama, gdje se kompozicija spu\u0161ta u izvanredno magneti\u010dnu i dugotrajnu osnovu. Duboko topla, u\u017earena rezonanca \u010diste vanile predivno je usidrena bogatstvom pralina koje podsje\u0107aju na desert i privla\u010dno\u0161\u0107u \u010distog mo\u0161usa stopljenog s ko\u017eom. Ovaj vi\u0161eslojni, sna\u017eno laktonski fini\u0161 osigurava masivnu projekciju koja ispunjava sobu i odi\u0161e \u010distom utjehom, modernim \u0161armom i sirovom senzualno\u0161\u0107u.<\/p>","protected":false},"excerpt":{"rendered":"<p><strong>ECLAIRE COLLECTION<\/strong><\/p>\n<p><strong>Za nju \/ Eau De Parfum \/ 100ml<\/strong><\/p>\n<p><strong>Inspiracija: <\/strong>Giardini Di Toscana Bianco Latte<\/p>\n<p><strong>Mirisni profil: <\/strong>Gurmanski, Laktonski, Mo\u0161usni<\/p>\n<p><strong>Gornje note: <\/strong>Caramel, Milk, Sugar<br \/>\n<strong>Srednje note: <\/strong>Med, Bijelo cvije\u0107e<br \/>\n<strong>Bazne note: <\/strong>Vanila, Praline, Mo\u0161us<\/p>","protected":false},"featured_media":5303,"template":"","meta":[],"product_brand":[178],"product_cat":[90,104,85],"product_tag":[211,203],"class_list":{"0":"post-5302","1":"product","2":"type-product","3":"status-publish","4":"has-post-thumbnail","6":"product_brand-lattafa","7":"product_cat-eau-de-parfum","8":"product_cat-for-her","9":"product_cat-perfumes","10":"product_tag-eclaire-collection","11":"product_tag-lattafa","13":"first","14":"instock","15":"taxable","16":"shipping-taxable","17":"purchasable","18":"product-type-variable"},"_links":{"self":[{"href":"https:\/\/zaharascents.me\/me\/wp-json\/wp\/v2\/product\/5302","targetHints":{"allow":["GET"]}}],"collection":[{"href":"https:\/\/zaharascents.me\/me\/wp-json\/wp\/v2\/product"}],"about":[{"href":"https:\/\/zaharascents.me\/me\/wp-json\/wp\/v2\/types\/product"}],"wp:featuredmedia":[{"embeddable":true,"href":"https:\/\/zaharascents.me\/me\/wp-json\/wp\/v2\/media\/5303"}],"wp:attachment":[{"href":"https:\/\/zaharascents.me\/me\/wp-json\/wp\/v2\/media?parent=5302"}],"wp:term":[{"taxonomy":"product_brand","embeddable":true,"href":"https:\/\/zaharascents.me\/me\/wp-json\/wp\/v2\/product_brand?post=5302"},{"taxonomy":"product_cat","embeddable":true,"href":"https:\/\/zaharascents.me\/me\/wp-json\/wp\/v2\/product_cat?post=5302"},{"taxonomy":"product_tag","embeddable":true,"href":"https:\/\/zaharascents.me\/me\/wp-json\/wp\/v2\/product_tag?post=5302"}],"curies":[{"name":"wp","href":"https:\/\/api.w.org\/{rel}","templated":true}]}}