{"id":5305,"date":"2026-03-26T02:15:17","date_gmt":"2026-03-26T02:15:17","guid":{"rendered":"https:\/\/zaharascents.me\/?post_type=product&#038;p=5305"},"modified":"2026-04-29T23:54:28","modified_gmt":"2026-04-29T23:54:28","slug":"lattafa-eclaire-banoffi","status":"publish","type":"product","link":"https:\/\/zaharascents.me\/me\/shop\/lattafa-eclaire-banoffi\/","title":{"rendered":"Lattafa Eclaire Banoffi"},"content":{"rendered":"<h5>Bar\u0161unasti potpis banana i \u0161laga<\/h5>\n<p class=\"translation-block\"><p><strong>Lattafa Eclaire Banoffi<\/strong> je opasno ukusna, hiper-realisti\u010dna gurmanska parfemska voda koja uzima divlje uspje\u0161an mlije\u010dni DNK originalnog Eclaire-a i transformi\u0161e ga u neodoljivi desert od peciva. Zaobilaze\u0107i tradicionalna pravila parfimerije, ovaj razigrani flanker isporu\u010duje ta\u010dan osje\u0107aj ugriza svje\u017ee napravljene Banoffee pite. Zra\u010de\u0107i veli\u010danstvenom aurom bogate kreme od banane, slatkog Dulce de Leche-a i puteraste kore biskvita, ovaj parfem je apsolutni san za beskompromisne ljubitelje slatki\u0161a i kolekcionare gurmana koji tra\u017ee ne\u0161to izuzetno ugodno, jedinstveno i nemogu\u0107e za ignorisati.<\/p><\/p>\n<h5>Mirisni profil i kompozicija<\/h5>\n<p>Putovanje po\u010dinje trenutno zavisnom, vo\u0107no-kremastom eksplozijom. Masivan, veseo nalet bogate kreme od banane predivno je umotan u gustu, karamelizovanu slatko\u0107u Dulce de Leche-a. Ovaj nevjerovatno rasko\u0161an uvod zahtijeva trenutnu pa\u017enju, uspostavljaju\u0107i beskompromisno desertni i podi\u017eu\u0107i prvi utisak.<\/p>\n<p>Kako se po\u010detna vo\u0107nost smiruje, srce otkriva ne\u010duveno bogato, mlije\u010dno jezgro koje djeluje i prozra\u010dno i toplo. Debeli sloj umu\u0107ene kreme besprekorno se stapa u duboku toplinu \u010diste vanile. Ova besprekorno kreirana srednja faza djeluje kao visoko-oktanski bridge, savr\u0161eno uzemljuju\u0107i svijetle gornje note sa duboko sofisticiranom dubinom pe\u010denih poslastica.<\/p>\n<p>U svojim zavr\u0161nim fazama, kompozicija se spu\u0161ta u izvanredno magneti\u010dnu i dugotrajnu osnovu. Teksturalna, hrskava aroma puterastog biskvita predivno je usidrena bogatstvom pralina koje podsje\u0107aju na desert i privla\u010dno\u0161\u0107u \u010distog mo\u0161usa stopljenog s ko\u017eom. Ovaj vi\u0161eslojni, sna\u017eno laktonski fini\u0161 osigurava masivnu projekciju koja ispunjava sobu i odi\u0161e \u010distom utjehom, modernim \u0161armom i potpuno jestivom senzualno\u0161\u0107u.<\/p>","protected":false},"excerpt":{"rendered":"<p><strong>ECLAIRE COLLECTION<\/strong><\/p>\n<p><strong>Za nju \/ Eau De Parfum \/ 100ml<\/strong><\/p>\n<p><strong>Mirisni profil: <\/strong>Gurmanski, Vo\u0107ni, Laktonski<\/p>\n<p><strong>Gornje note: <\/strong>Krema od banane, Dulce de Leche<br \/>\n<strong>Srednje note: <\/strong>\u0160lag, Vanila<br \/>\n<strong>Bazne note: <\/strong>Praline, Biskvit, Mo\u0161us<\/p>","protected":false},"featured_media":5306,"template":"","meta":[],"product_brand":[178],"product_cat":[90,104,85],"product_tag":[211,203],"class_list":{"0":"post-5305","1":"product","2":"type-product","3":"status-publish","4":"has-post-thumbnail","6":"product_brand-lattafa","7":"product_cat-eau-de-parfum","8":"product_cat-for-her","9":"product_cat-perfumes","10":"product_tag-eclaire-collection","11":"product_tag-lattafa","13":"first","14":"instock","15":"taxable","16":"shipping-taxable","17":"purchasable","18":"product-type-variable"},"_links":{"self":[{"href":"https:\/\/zaharascents.me\/me\/wp-json\/wp\/v2\/product\/5305","targetHints":{"allow":["GET"]}}],"collection":[{"href":"https:\/\/zaharascents.me\/me\/wp-json\/wp\/v2\/product"}],"about":[{"href":"https:\/\/zaharascents.me\/me\/wp-json\/wp\/v2\/types\/product"}],"wp:featuredmedia":[{"embeddable":true,"href":"https:\/\/zaharascents.me\/me\/wp-json\/wp\/v2\/media\/5306"}],"wp:attachment":[{"href":"https:\/\/zaharascents.me\/me\/wp-json\/wp\/v2\/media?parent=5305"}],"wp:term":[{"taxonomy":"product_brand","embeddable":true,"href":"https:\/\/zaharascents.me\/me\/wp-json\/wp\/v2\/product_brand?post=5305"},{"taxonomy":"product_cat","embeddable":true,"href":"https:\/\/zaharascents.me\/me\/wp-json\/wp\/v2\/product_cat?post=5305"},{"taxonomy":"product_tag","embeddable":true,"href":"https:\/\/zaharascents.me\/me\/wp-json\/wp\/v2\/product_tag?post=5305"}],"curies":[{"name":"wp","href":"https:\/\/api.w.org\/{rel}","templated":true}]}}