{"id":5308,"date":"2026-03-26T02:16:42","date_gmt":"2026-03-26T02:16:42","guid":{"rendered":"https:\/\/zaharascents.me\/?post_type=product&#038;p=5308"},"modified":"2026-04-30T00:12:36","modified_gmt":"2026-04-30T00:12:36","slug":"lattafa-eclaire-pistache","status":"publish","type":"product","link":"https:\/\/zaharascents.me\/me\/shop\/lattafa-eclaire-pistache\/","title":{"rendered":"Lattafa Eclaire Pistache"},"content":{"rendered":"<h5>Slatki oblak kreme od pista\u0107a i toplog mlijeka<\/h5>\n<p class=\"translation-block\"><p><strong>Lattafa Eclaire Pistache<\/strong> je spektakularno bujna, hiper-realisti\u010dna gurmanska parfemska voda koja uzima legendarni, laktonski DNK originalnog Eclaire-a i pro\u017eima ga dekadentnom, ora\u0161astom briljantno\u0161\u0107u. Zaobilaze\u0107i standardne cvjetno-vo\u0107ne trendove, ovaj majstorski flanker isporu\u010duje duboko utje\u0161no iskustvo koje djeluje kao luksuzni desert od pista\u0107a poslu\u017een u vrhunskoj pariskoj poslasti\u010darnici. Besprekorno hvataju\u0107i kremastu, slatku auru elitnih niche gurmana, ovaj parfem umotava onog ko ga nosi u masivni oblak pr\u017eenih pista\u0107a, pjenastog mlijeka i bogatog kakaoa, \u010dine\u0107i ga apsolutno ultimativnim parfemskim potpisom za one koji \u017eude za sofisticiranom slatko\u0107om sa dominantnim ora\u0161astim i mlije\u010dnim notama.<\/p><\/p>\n<h5>Mirisni profil i kompozicija<\/h5>\n<p>Putovanje po\u010dinje trenutno zadivljuju\u0107om, gurmanskom eksplozijom. Masivan, ugodan nalet glatke kreme od pista\u0107a predivno je oboga\u0107en bogatom, ora\u0161astom teksturom pr\u017eenih pista\u0107a. Ovaj nevjerovatno rasko\u0161an uvod zahtijeva trenutnu pa\u017enju, uspostavljaju\u0107i beskompromisno kremast i razigran prvi utisak od kog bukvalno ide voda na usta.<\/p>\n<p>Kako se po\u010detna ora\u0161astost smiruje, srce otkriva ne\u010duveno bogato, dekadentno jezgro koje djeluje i prozra\u010dno i gusto. Debeli, luksuzni sloj poslasti\u010darske kreme sliva se preko egzoti\u010dne slatko\u0107e kokosa, dok suptilni dodir tamnog kakaoa dodaje taman toliko dubine da odr\u017ei kompoziciju nevjerovatno sofisticiranom. Ova besprekorno kreirana srednja faza djeluje kao visoko-oktanski most, savr\u0161eno balansiraju\u0107i zelene note pista\u0107a sa duboko zavisnom, gurmanskom sr\u017ei.<\/p>\n<p>U svojim zavr\u0161nim fazama, kompozicija se spu\u0161ta u izvanredno magneti\u010dnu i dugotrajnu osnovu. Duboko topla, u\u017earena rezonanca \u010diste vanile predivno je usidrena bar\u0161unastim pljuskom toplog mlijeka i privla\u010dno\u0161\u0107u \u010distog mo\u0161usa stopljenog s ko\u017eom. Ovaj vi\u0161eslojni, sna\u017eno laktonski fini\u0161 osigurava masivnu projekciju koja ispunjava sobu i odi\u0161e \u010distom utjehom, modernim \u0161armom i neodoljivom senzualno\u0161\u0107u.<\/p>","protected":false},"excerpt":{"rendered":"<p><strong>ECLAIRE COLLECTION<\/strong><\/p>\n<p><strong>Za nju \/ Eau De Parfum \/ 100ml<\/strong><\/p>\n<p><strong>Mirisni profil: <\/strong>Gurmanski, Laktonski, Ora\u0161asti<\/p>\n<p><strong>Gornje note: <\/strong>Krema od pista\u0107a, Pr\u017eeni pista\u0107i<br \/>\n<strong>Srednje note: <\/strong>Poslasti\u010darska krema, Kokos, Kakao<br \/>\n<strong>Bazne note: <\/strong>Vanila, Mlijeko, Mo\u0161us<\/p>","protected":false},"featured_media":5309,"template":"","meta":[],"product_brand":[178],"product_cat":[90,104,85],"product_tag":[211,203],"class_list":{"0":"post-5308","1":"product","2":"type-product","3":"status-publish","4":"has-post-thumbnail","6":"product_brand-lattafa","7":"product_cat-eau-de-parfum","8":"product_cat-for-her","9":"product_cat-perfumes","10":"product_tag-eclaire-collection","11":"product_tag-lattafa","13":"first","14":"instock","15":"taxable","16":"shipping-taxable","17":"purchasable","18":"product-type-variable"},"_links":{"self":[{"href":"https:\/\/zaharascents.me\/me\/wp-json\/wp\/v2\/product\/5308","targetHints":{"allow":["GET"]}}],"collection":[{"href":"https:\/\/zaharascents.me\/me\/wp-json\/wp\/v2\/product"}],"about":[{"href":"https:\/\/zaharascents.me\/me\/wp-json\/wp\/v2\/types\/product"}],"wp:featuredmedia":[{"embeddable":true,"href":"https:\/\/zaharascents.me\/me\/wp-json\/wp\/v2\/media\/5309"}],"wp:attachment":[{"href":"https:\/\/zaharascents.me\/me\/wp-json\/wp\/v2\/media?parent=5308"}],"wp:term":[{"taxonomy":"product_brand","embeddable":true,"href":"https:\/\/zaharascents.me\/me\/wp-json\/wp\/v2\/product_brand?post=5308"},{"taxonomy":"product_cat","embeddable":true,"href":"https:\/\/zaharascents.me\/me\/wp-json\/wp\/v2\/product_cat?post=5308"},{"taxonomy":"product_tag","embeddable":true,"href":"https:\/\/zaharascents.me\/me\/wp-json\/wp\/v2\/product_tag?post=5308"}],"curies":[{"name":"wp","href":"https:\/\/api.w.org\/{rel}","templated":true}]}}