{"id":5314,"date":"2026-03-26T16:03:28","date_gmt":"2026-03-26T16:03:28","guid":{"rendered":"https:\/\/zaharascents.me\/?post_type=product&#038;p=5314"},"modified":"2026-05-02T00:16:29","modified_gmt":"2026-05-02T00:16:29","slug":"lattafa-her-confession","status":"publish","type":"product","link":"https:\/\/zaharascents.me\/me\/shop\/lattafa-her-confession\/","title":{"rendered":"Lattafa Her Confession"},"content":{"rendered":"<h5>Misti\u010dni veo mlije\u010dnog bijelog cvije\u0107a<\/h5>\n<p class=\"translation-block\"><p><strong>Lattafa Her Confession<\/strong> je duboko o\u010daravaju\u0107a parfemska voda nalik snu koja predivno bri\u0161e granicu izme\u0111u utje\u0161nog gurmana i sofisticiranog cvjetnog parfema. Udaljavaju\u0107i se od tradicionalnih o\u0161trih ili sna\u017eno za\u010dinjenih profila, ovo visoko tra\u017eeno izdanje isporu\u010duje jedinstveno glatko, laktonsko iskustvo koje djeluje kao \u010disti, te\u010dni luksuz. Besprekorno hvataju\u0107i eteri\u010dnu, mitsku auru ekskluzivnih niche remek-djela poput Les Liquides Imaginaires Blanche B\u00eate, ovaj parfem okru\u017euje onog ko ga nosi u opojni oblak kremastog bijelog cvije\u0107a, tople vanile i blagog \u0161apata dimljenog tamjana. To je apsolutno ultimativni parfemski potpis za \u017eene koje \u017eele zra\u010diti elegancijom, misterijom i neodoljivim, ugodnim \u0161armom.<\/p><\/p>\n<h5>Mirisni profil i kompozicija<\/h5>\n<p>Putovanje po\u010dinje jedinstveno toplim i intrigantnim uvodom. Meko, privla\u010dno posipanje za\u010dinjenog cimeta savr\u0161eno se isprepli\u0107e sa tajnim, blago smolastim sjajem Mystikal akorda. Ovaj zadivljuju\u0107i uvod privla\u010di trenutnu pa\u017enju, uspostavljaju\u0107i duboko pozivaju\u0107i i blago za\u010dinjeni prvi utisak.<\/p>\n<p>Kako se po\u010detna toplina smiruje, srce otkriva ne\u010duveno kremasto, blistavo cvjetno jezgro. Gust, puterast sloj izuzetne tuberoze i klasi\u010dnog jasmina sliva se preko elegantnog, modernog uzdizanja Mahoniala, dok delikatna traka tamjana dodaje taman toliko dimljene dubine da odr\u017ei kompoziciju misterioznom. Ova besprekorno kreirana srednja faza djeluje kao visoko-oktanski most, savr\u0161eno balansiraju\u0107i za\u010dinjene gornje note sa duboko sofisticiranim, mlije\u010dno-cvjetnim srcem.<\/p>\n<p>Prava magija doga\u0111a se u zavr\u0161nim fazama, gdje se kompozicija spu\u0161ta u izvanredno utje\u0161nu i magneti\u010dnu osnovu. Duboko topla, u\u017earena rezonanca \u010diste vanile predivno je usidrena pr\u017eenom dubinom Tonke i privla\u010dno\u0161\u0107u \u010distog mo\u0161usa stopljenog s ko\u017eom. Ovaj vi\u0161eslojni, sna\u017eno laktonski fini\u0161 osigurava masivan, dugotrajan trag koji odi\u0161e \u010distom utjehom, an\u0111eoskom meko\u0107om i sirovom senzualno\u0161\u0107u.<\/p>","protected":false},"excerpt":{"rendered":"<p><strong>CONFESSION KOLEKCIJA<\/strong><\/p>\n<p><strong>Za nju \/ Eau De Parfum \/ 100ml<\/strong><\/p>\n<p><strong>Inspiracija: <\/strong>Les Liquides Imaginaires Blanche B\u00eate<\/p>\n<p><strong>Mirisni profil: <\/strong>Laktonski, Cvjetni, Mo\u0161usni<\/p>\n<p><strong>Gornje note: <\/strong>Cimet, Mystikal akord<br \/>\n<strong>Srednje note: <\/strong>Tuberoza, Mahonial, Jasmin, Tamjan<br \/>\n<strong>Bazne note: <\/strong>Vanila, Tonka, Mo\u0161us<\/p>","protected":false},"featured_media":5315,"template":"","meta":[],"product_brand":[178],"product_cat":[90,104,85],"product_tag":[212,203],"class_list":{"0":"post-5314","1":"product","2":"type-product","3":"status-publish","4":"has-post-thumbnail","6":"product_brand-lattafa","7":"product_cat-eau-de-parfum","8":"product_cat-for-her","9":"product_cat-perfumes","10":"product_tag-confession-collection","11":"product_tag-lattafa","13":"first","14":"instock","15":"taxable","16":"shipping-taxable","17":"purchasable","18":"product-type-variable"},"_links":{"self":[{"href":"https:\/\/zaharascents.me\/me\/wp-json\/wp\/v2\/product\/5314","targetHints":{"allow":["GET"]}}],"collection":[{"href":"https:\/\/zaharascents.me\/me\/wp-json\/wp\/v2\/product"}],"about":[{"href":"https:\/\/zaharascents.me\/me\/wp-json\/wp\/v2\/types\/product"}],"wp:featuredmedia":[{"embeddable":true,"href":"https:\/\/zaharascents.me\/me\/wp-json\/wp\/v2\/media\/5315"}],"wp:attachment":[{"href":"https:\/\/zaharascents.me\/me\/wp-json\/wp\/v2\/media?parent=5314"}],"wp:term":[{"taxonomy":"product_brand","embeddable":true,"href":"https:\/\/zaharascents.me\/me\/wp-json\/wp\/v2\/product_brand?post=5314"},{"taxonomy":"product_cat","embeddable":true,"href":"https:\/\/zaharascents.me\/me\/wp-json\/wp\/v2\/product_cat?post=5314"},{"taxonomy":"product_tag","embeddable":true,"href":"https:\/\/zaharascents.me\/me\/wp-json\/wp\/v2\/product_tag?post=5314"}],"curies":[{"name":"wp","href":"https:\/\/api.w.org\/{rel}","templated":true}]}}