{"id":5323,"date":"2026-03-26T16:14:57","date_gmt":"2026-03-26T16:14:57","guid":{"rendered":"https:\/\/zaharascents.me\/?post_type=product&#038;p=5323"},"modified":"2026-03-30T03:04:38","modified_gmt":"2026-03-30T03:04:38","slug":"lattafa-dalal","status":"publish","type":"product","link":"https:\/\/zaharascents.me\/me\/shop\/lattafa-dalal\/","title":{"rendered":"Lattafa Dalal"},"content":{"rendered":"<h5>Blistavi veo suncem okupane elegancije<\/h5>\n<p class=\"translation-block\"><p><strong>Lattafa Dalal<\/strong> je blistava, sofisticirana parfemska voda koja oduzima dah i besprekorno premo\u0161\u0107ava jaz izme\u0111u blistavog cvjetnog i utje\u0161nog gurmanskog parfema. Udaljavaju\u0107i se od prete\u0161kih ambernih profila, ova duboko \u017eenstvena kreacija isporu\u010duje nevjerovatno glatko, suncem okupano iskustvo koje djeluje kao \u010disto te\u010dno zlato. Odjekuju\u0107i luksuzni, rasko\u0161ni \u0161arm modernih dizajnerskih remek-djela poput Paco Rabanne Million Gold For Her, ovaj parfem umotava onog ko ga nosi u zadivljuju\u0107i oblak slatke zlatne jabuke, bar\u0161unastog ylang-ylanga i kremaste vanile. To je apsolutno ultimativni parfemski potpis za elegantna dnevna izdanja, romanti\u010dna prolje\u0107na popodneva i \u017eene koje prirodno zra\u010de graciozno\u0161\u0107u i toplinom.<\/p><\/p>\n<h5>Mirisni profil i kompozicija<\/h5>\n<p>Putovanje po\u010dinje trenutno podi\u017eu\u0107im, vo\u0107no-svje\u017eim uvodom. Vibrantni nalet hrskave zlatne jabuke od kog ide voda na usta savr\u0161eno je energizovan svijetlom, iskri\u010davom poletno\u0161\u0107u mandarine. Ovaj predivno blistavi uvod trenutno budi \u010dula, uspostavljaju\u0107i duboko veseo i pozivaju\u0107i prvi utisak.<\/p>\n<p>Kako se po\u010detna vo\u0107nost smiruje, srce otkriva ne\u010duveno glatko, cvjetno jezgro nalik nektaru. Gusti, luksuzni sloj egzoti\u010dnog ylang-ylanga predivno se topi uz klasi\u010dnu, sofisticiranu eleganciju jasmina i slatkog cvijeta narand\u017ee. Ova besprekorno kreirana srednja faza djeluje kao visoko-oktanski most, savr\u0161eno prevode\u0107i hrskave gornje note u duboko romanti\u010dnu, bar\u0161unastu dubinu.<\/p>\n<p>Prava magija doga\u0111a se u zavr\u0161nim fazama, gdje se kompozicija spu\u0161ta u izvanredno utje\u0161nu i magneti\u010dnu osnovu. Duboko topla, u\u017earena rezonanca \u010diste vanile predivno je usidrena privla\u010dno\u0161\u0107u \u010distog mo\u0161usa stopljenog s ko\u017eom i suptilnim, zemljanim dodirom mahovine. Ovaj vi\u0161eslojni, blago puderasti fini\u0161 osigurava stabilan, nevjerovatno dugotrajan trag koji odi\u0161e \u010distom utjehom, modernim \u0161armom i potpuno nenapornom senzualno\u0161\u0107u.<\/p>","protected":false},"excerpt":{"rendered":"<p><strong>LATTAFA KOLEKCIJA<\/strong><\/p>\n<p><strong>Za nju \/ Eau De Parfum \/ 100ml<\/strong><\/p>\n<p><strong>Inspiracija: <\/strong>Rabanne Million Gold For Her<\/p>\n<p><strong>Mirisni profil: <\/strong>Cvjetni, Vo\u0107ni, Gurmanski<\/p>\n<p><strong>Gornje note: <\/strong>Jabuka, Mandarina<br \/>\n<strong>Srednje note: <\/strong>Ylang-Ylang, Jasmin, Narand\u017ea<br \/>\n<strong>Bazne note: <\/strong>Vanila, Mo\u0161us, Mahovina<\/p>","protected":false},"featured_media":5326,"template":"","meta":[],"product_brand":[178],"product_cat":[90,104,85],"product_tag":[203],"class_list":{"0":"post-5323","1":"product","2":"type-product","3":"status-publish","4":"has-post-thumbnail","6":"product_brand-lattafa","7":"product_cat-eau-de-parfum","8":"product_cat-for-her","9":"product_cat-perfumes","10":"product_tag-lattafa","12":"first","13":"instock","14":"taxable","15":"shipping-taxable","16":"purchasable","17":"product-type-variable"},"_links":{"self":[{"href":"https:\/\/zaharascents.me\/me\/wp-json\/wp\/v2\/product\/5323","targetHints":{"allow":["GET"]}}],"collection":[{"href":"https:\/\/zaharascents.me\/me\/wp-json\/wp\/v2\/product"}],"about":[{"href":"https:\/\/zaharascents.me\/me\/wp-json\/wp\/v2\/types\/product"}],"wp:featuredmedia":[{"embeddable":true,"href":"https:\/\/zaharascents.me\/me\/wp-json\/wp\/v2\/media\/5326"}],"wp:attachment":[{"href":"https:\/\/zaharascents.me\/me\/wp-json\/wp\/v2\/media?parent=5323"}],"wp:term":[{"taxonomy":"product_brand","embeddable":true,"href":"https:\/\/zaharascents.me\/me\/wp-json\/wp\/v2\/product_brand?post=5323"},{"taxonomy":"product_cat","embeddable":true,"href":"https:\/\/zaharascents.me\/me\/wp-json\/wp\/v2\/product_cat?post=5323"},{"taxonomy":"product_tag","embeddable":true,"href":"https:\/\/zaharascents.me\/me\/wp-json\/wp\/v2\/product_tag?post=5323"}],"curies":[{"name":"wp","href":"https:\/\/api.w.org\/{rel}","templated":true}]}}